{"id":12326,"date":"2020-10-13T13:30:49","date_gmt":"2020-10-13T10:30:49","guid":{"rendered":"https:\/\/visitaluksne.lv\/why-to-visit\/"},"modified":"2026-03-19T11:42:37","modified_gmt":"2026-03-19T09:42:37","slug":"why-to-visit","status":"publish","type":"page","link":"https:\/\/visitaluksne.lv\/en\/why-to-visit\/","title":{"rendered":"Why to Visit?"},"content":{"rendered":"<!--themify_builder_content-->\n<div id=\"themify_builder_content-12326\" data-postid=\"12326\" class=\"themify_builder_content themify_builder_content-12326 themify_builder tf_clear\">\n    \t\t\t\t<!-- module_row -->\n\t\t<div  data-css_id=\"efgj121\" data-lazy=\"1\" class=\"module_row themify_builder_row fullwidth tb_efgj121 tb_first tf_w tf_clearfix\">\n\t\t\t\t\t<div class=\"row_inner col_align_top gutter-none tb_col_count_2 tf_box tf_rel\">\n\t\t\t\t\t<div  data-lazy=\"1\" class=\"module_column tb-column col4-3 tb_nad1121 first\">\n\t\t\t\t\t\t\t\t\t<div class=\"tb-column-inner tf_box tf_w\">\n\t\t\t\t<!-- module fancy heading -->\n<div  class=\"module module-fancy-heading tb_t9ql121  inline-fancy-heading tb_hide_divider\" data-lazy=\"1\">\n\t    <h1 class=\"fancy-heading tf_textc\">\n    <span class=\"main-head tf_inline_b\">\n\t\t\t\t\tWhy to Visit?\t\t    <\/span>\n\n\t\n    <span class=\"sub-head tf_inline_b tf_rel\">\n\t\t\t\t\t\t\t    <\/span>\n    <\/h1>\n<\/div>\n<!-- \/module fancy heading -->\n\t\t\t\t<\/div><!-- .tb-column-inner -->\n\t\t\t\t\t\t<\/div><!-- .module_column -->\n\t\t\t\t\t<div  data-lazy=\"1\" class=\"module_column tb-column col4-1 tb_4bzc121 last\">\n\t\t\t\t\t\t\t\t\t<div class=\"tb-column-inner tf_box tf_w\">\n\t\t\t\t<!-- module buttons -->\n<div  class=\"module module-buttons tb_e1iv121 buttons-horizontal solid  hide-mobile xlarge\" data-lazy=\"1\">\n\t\t<div class=\"module-buttons-item tf_inline_b\">\n\t\t\t\t\t\t\t\t<em class=\"tf_inline_b tf_vmiddle\"><svg  class=\"tf_fa tf-fas-info\" aria-hidden=\"true\"><use href=\"#tf-fas-info\"><\/use><\/svg><\/em>\t\t\t\t\t\t\t<span class=\"tf_inline_b tf_vmiddle\"><\/span>\n\t\t\t\t\t\t\t\t\t\t<\/div>\n\t\t\t<\/div>\n<!-- \/module buttons -->\n\t\t\t\t<\/div><!-- .tb-column-inner -->\n\t\t\t\t\t\t<\/div><!-- .module_column -->\n\t\t\t\t\t\t<\/div><!-- .row_inner -->\n\t\t<\/div><!-- .module_row -->\n\t\t\t\t\t\t\t\t<!-- module_row -->\n\t\t<div  data-lazy=\"1\" class=\"module_row themify_builder_row tb_p0ce837 tf_w tf_clearfix\">\n\t\t\t\t\t<div class=\"row_inner col_align_top tb_col_count_1 tf_box tf_rel\">\n\t\t\t\t\t<div  data-lazy=\"1\" class=\"module_column tb-column col-full tb_zjlp838 first\">\n\t\t\t\t\t\t\t\t\t<div class=\"tb-column-inner tf_box tf_w\">\n\t\t\t\t<!-- module post -->\n<div  class=\"module module-portfolio tb_woaf838  tb_fullwidth_image\">\n        <div  class=\"builder-posts-wrap loops-wrapper portfolio grid3 classic tf_clear tf_clearfix\" data-lazy=\"1\">\n\t<article id=\"portfolio-13086\" class=\"post tf_clearfix portfolio-post cat-561 post-13086 portfolio type-portfolio status-publish has-post-thumbnail hentry portfolio-category-kapec_apmeklet-en has-post-title no-post-date has-post-category has-post-tag has-post-comment has-post-author \">\n\t\n\t\n\t\t\t\t<figure class=\"post-image tf_clearfix\">\n\t\t\t    \t\t\t\t\t\t\t\t<a href=\"https:\/\/visitaluksne.lv\/en\/visit\/tikai_aluksne\/\">\n\t\t\t\t\t\t\t\t<img loading=\"lazy\" decoding=\"async\" src=\"https:\/\/visitaluksne.lv\/wp-content\/uploads\/2021\/02\/1_Aluksnes_ezers_foto_Ainars_Gaidis-400x400.jpg\" width=\"400\" height=\"400\" class=\"wp-post-image wp-image-7233\" title=\"Lake Al\u016bksne\" alt=\"Lake Al\u016bksne and Castle insland\" srcset=\"https:\/\/visitaluksne.lv\/wp-content\/uploads\/2021\/02\/1_Aluksnes_ezers_foto_Ainars_Gaidis-400x400.jpg 400w, https:\/\/visitaluksne.lv\/wp-content\/uploads\/2021\/02\/1_Aluksnes_ezers_foto_Ainars_Gaidis-250x250.jpg 250w, https:\/\/visitaluksne.lv\/wp-content\/uploads\/2021\/02\/1_Aluksnes_ezers_foto_Ainars_Gaidis-300x300.jpg 300w, https:\/\/visitaluksne.lv\/wp-content\/uploads\/2021\/02\/1_Aluksnes_ezers_foto_Ainars_Gaidis-600x600.jpg 600w\" sizes=\"auto, (max-width: 400px) 100vw, 400px\" \/>\t\t\t\t\t\t\t\t    \t\t\t\t<\/a>\n\t\t\t\t\t\t\t    \t\t\t<\/figure>\n\t\t\t\n\t<div class=\"post-content\">\n\n\t\t\n\t\t\t<div class=\"post-content-inner\">\n\n\t\t\t\t\t\t\n\t\t\t\t\t\t\n\t\t\t\t\t\t<h2 class=\"post-title entry-title\"><a href=\"https:\/\/visitaluksne.lv\/en\/visit\/tikai_aluksne\/\">Only in Al\u016bksne<\/a><\/h2>\n\t\t\n\t\t\t<div class=\"entry-content\">\n\n        \n\t<\/div><!-- \/.entry-content -->\n\t\n\t\t\n\t\t\t<\/div>\n\t\t\t<!-- \/.post-content-inner -->\n\t\t\n\t<\/div>\n\t<!-- \/.post-content -->\n\t<\/article>\n<!-- \/.post -->\n<article id=\"portfolio-13085\" class=\"post tf_clearfix portfolio-post cat-561 post-13085 portfolio type-portfolio status-publish has-post-thumbnail hentry portfolio-category-kapec_apmeklet-en has-post-title no-post-date has-post-category has-post-tag has-post-comment has-post-author \">\n\t\n\t\n\t\t\t\t<figure class=\"post-image tf_clearfix\">\n\t\t\t    \t\t\t\t\t\t\t\t<a href=\"https:\/\/visitaluksne.lv\/en\/visit\/kada-ir-aluksne\/\">\n\t\t\t\t\t\t\t\t<img loading=\"lazy\" decoding=\"async\" src=\"https:\/\/visitaluksne.lv\/wp-content\/uploads\/2021\/03\/Titulbilde_Aluksnes-Pilssala-Ainars-Gaidis-400x400.jpg\" width=\"400\" height=\"400\" class=\"wp-post-image wp-image-11160\" title=\"Al\u016bksne Castle island\" alt=\"Al\u016bksne Castle island\" srcset=\"https:\/\/visitaluksne.lv\/wp-content\/uploads\/2021\/03\/Titulbilde_Aluksnes-Pilssala-Ainars-Gaidis-400x400.jpg 400w, https:\/\/visitaluksne.lv\/wp-content\/uploads\/2021\/03\/Titulbilde_Aluksnes-Pilssala-Ainars-Gaidis-250x250.jpg 250w, https:\/\/visitaluksne.lv\/wp-content\/uploads\/2021\/03\/Titulbilde_Aluksnes-Pilssala-Ainars-Gaidis-600x600.jpg 600w\" sizes=\"auto, (max-width: 400px) 100vw, 400px\" \/>\t\t\t\t\t\t\t\t    \t\t\t\t<\/a>\n\t\t\t\t\t\t\t    \t\t\t<\/figure>\n\t\t\t\n\t<div class=\"post-content\">\n\n\t\t\n\t\t\t<div class=\"post-content-inner\">\n\n\t\t\t\t\t\t\n\t\t\t\t\t\t\n\t\t\t\t\t\t<h2 class=\"post-title entry-title\"><a href=\"https:\/\/visitaluksne.lv\/en\/visit\/kada-ir-aluksne\/\">What is Al\u016bksne like?<\/a><\/h2>\n\t\t\n\t\t\t<div class=\"entry-content\">\n\n        \n\t<\/div><!-- \/.entry-content -->\n\t\n\t\t\n\t\t\t<\/div>\n\t\t\t<!-- \/.post-content-inner -->\n\t\t\n\t<\/div>\n\t<!-- \/.post-content -->\n\t<\/article>\n<!-- \/.post -->\n<article id=\"portfolio-13087\" class=\"post tf_clearfix portfolio-post cat-561 post-13087 portfolio type-portfolio status-publish has-post-thumbnail hentry portfolio-category-kapec_apmeklet-en has-post-title no-post-date has-post-category has-post-tag has-post-comment has-post-author \">\n\t\n\t\n\t\t\t\t<figure class=\"post-image tf_clearfix\">\n\t\t\t    \t\t\t\t\t\t\t\t<a href=\"https:\/\/visitaluksne.lv\/en\/visit\/aluksnes-vesture\/\">\n\t\t\t\t\t\t\t\t<img loading=\"lazy\" decoding=\"async\" src=\"https:\/\/visitaluksne.lv\/wp-content\/uploads\/2020\/12\/Titulbilde_Pils_iela_1930-tie_gadi_Aluksnes_muzeja_krajums-400x400.jpg\" width=\"400\" height=\"400\" class=\"wp-post-image wp-image-11709\" title=\"Pils street, Al\u016bksne in 1930\" alt=\"History of Al\u016bksne. Pils street, Al\u016bksne in 1930 \" srcset=\"https:\/\/visitaluksne.lv\/wp-content\/uploads\/2020\/12\/Titulbilde_Pils_iela_1930-tie_gadi_Aluksnes_muzeja_krajums-400x400.jpg 400w, https:\/\/visitaluksne.lv\/wp-content\/uploads\/2020\/12\/Titulbilde_Pils_iela_1930-tie_gadi_Aluksnes_muzeja_krajums-250x250.jpg 250w, https:\/\/visitaluksne.lv\/wp-content\/uploads\/2020\/12\/Titulbilde_Pils_iela_1930-tie_gadi_Aluksnes_muzeja_krajums-600x600.jpg 600w\" sizes=\"auto, (max-width: 400px) 100vw, 400px\" \/>\t\t\t\t\t\t\t\t    \t\t\t\t<\/a>\n\t\t\t\t\t\t\t    \t\t\t<\/figure>\n\t\t\t\n\t<div class=\"post-content\">\n\n\t\t\n\t\t\t<div class=\"post-content-inner\">\n\n\t\t\t\t\t\t\n\t\t\t\t\t\t\n\t\t\t\t\t\t<h2 class=\"post-title entry-title\"><a href=\"https:\/\/visitaluksne.lv\/en\/visit\/aluksnes-vesture\/\">History of Al\u016bksne<\/a><\/h2>\n\t\t\n\t\t\t<div class=\"entry-content\">\n\n        \n\t<\/div><!-- \/.entry-content -->\n\t\n\t\t\n\t\t\t<\/div>\n\t\t\t<!-- \/.post-content-inner -->\n\t\t\n\t<\/div>\n\t<!-- \/.post-content -->\n\t<\/article>\n<!-- \/.post -->\n<\/div><!-- .builder-posts-wrap -->\n    <\/div>\n    <!-- \/module post -->\n\t\t\t\t<\/div><!-- .tb-column-inner -->\n\t\t\t\t\t\t<\/div><!-- .module_column -->\n\t\t\t\t\t\t<\/div><!-- .row_inner -->\n\t\t<\/div><!-- .module_row -->\n\t\t\t\t\t\t\t\t<!-- module_row -->\n\t\t<div  data-css_id=\"yh9c541\" data-lazy=\"1\" class=\"module_row themify_builder_row fullwidth tb_yh9c541 tf_w tf_clearfix\">\n\t\t\t\t\t<div class=\"row_inner col_align_top tb_col_count_1 tf_box tf_rel\">\n\t\t\t\t\t<div  data-lazy=\"1\" class=\"module_column tb-column col-full tb_b3l9541 first\">\n\t\t\t\t\t\t\t\t\t<div class=\"tb-column-inner tf_box tf_w\">\n\t\t\t\t<!-- module template_part -->\n<div  class=\"module module-layout-part tb_izff541 \">\n    <div class=\"tb_layout_part_wrap tf_w\"><!--themify_builder_content-->\n    <div  class=\"themify_builder_content themify_builder_content-8442 themify_builder not_editable_builder in_the_loop\" data-postid=\"8442\">\n        \t\t\t\t<!-- module_row -->\n\t\t<div  data-lazy=\"1\" class=\"module_row themify_builder_row tb_17d5916 tf_w tf_clearfix\">\n\t\t\t\t\t<div class=\"row_inner col_align_top tb_col_count_1 tf_box tf_rel\">\n\t\t\t\t\t<div  data-lazy=\"1\" class=\"module_column tb-column col-full tb_dmae917 first\">\n\t\t\t\t\t\t\t\t\t<div class=\"tb-column-inner tf_box tf_w\">\n\t\t\t\t<!-- module plain text -->\n<div  class=\"module module-plain-text tb_rx4o917 \" data-lazy=\"1\">\n        <div class=\"tb_text_wrap\">\n\t<button onclick=\"window.history.go(-1); return false;\"><img loading=\"lazy\" decoding=\"async\" src=\"https:\/\/visitaluksne.lv\/wp-content\/uploads\/2021\/03\/go-back.png\" alt=\"\" width=\"57\" height=\"25\" \/><\/button>    <\/div>\n<\/div>\n<!-- \/module plain text -->\t\t\t\t<\/div><!-- .tb-column-inner -->\n\t\t\t\t\t\t<\/div><!-- .module_column -->\n\t\t\t\t\t\t<\/div><!-- .row_inner -->\n\t\t<\/div><!-- .module_row -->\n\t\t\t\t    <\/div>\n<!--\/themify_builder_content--><\/div>\n<\/div>\n<!-- \/module template_part -->\t\t\t\t<\/div><!-- .tb-column-inner -->\n\t\t\t\t\t\t<\/div><!-- .module_column -->\n\t\t\t\t\t\t<\/div><!-- .row_inner -->\n\t\t<\/div><!-- .module_row -->\n\t\t\t\t\t\t\t\t<!-- module_row -->\n\t\t<div  data-css_id=\"iii3898\" data-lazy=\"1\" class=\"module_row themify_builder_row fullwidth tb_iii3898 tf_w tf_clearfix hide-tablet hide-tablet_landscape hide-mobile\">\n\t\t\t\t\t<div class=\"row_inner col_align_top tb_col_count_1 tf_box tf_rel\">\n\t\t\t\t\t<div  data-lazy=\"1\" class=\"module_column tb-column col-full tb_0ex6898 first\">\n\t\t\t\t\t\t\t\t\t<div class=\"tb-column-inner tf_box tf_w\">\n\t\t\t\t<!-- module template_part -->\n<div  class=\"module module-layout-part tb_ho4k898 \">\n    <div class=\"tb_layout_part_wrap tf_w\"><!--themify_builder_content-->\n    <div  class=\"themify_builder_content themify_builder_content-8106 themify_builder not_editable_builder in_the_loop\" data-postid=\"8106\">\n        \t\t\t\t<!-- module_row -->\n\t\t<div  data-lazy=\"1\" class=\"module_row themify_builder_row tb_fxt5320 tf_w tf_clearfix hide-tablet hide-tablet_landscape hide-mobile\">\n\t\t\t\t\t<div class=\"row_inner col_align_top tb_col_count_1 tf_box tf_rel\">\n\t\t\t\t\t<div  data-lazy=\"1\" class=\"module_column tb-column col-full tb_9uaw320 first\">\n\t\t\t\t\t\t\t\t\t<div class=\"tb-column-inner tf_box tf_w\">\n\t\t\t\t<!-- module menu -->\n<div  class=\"module module-menu tb_jwmx321  mobile-menu-slide\" data-menu-style=\"mobile-menu-slide\" data-menu-breakpoint=\"0\" data-element-id=\"tb_jwmx321\" data-lazy=\"1\">\n    \t\n\t<div class=\"module-menu-container\"><ul id=\"menu-kapec-apmeklet-english\" class=\"ui tf_clearfix nav tf_rel tf_scrollbar fullwidth transparent\"><li id=\"menu-item-12383\" class=\"menu-item-page-12324 menu-item menu-item-type-post_type menu-item-object-page menu-item-home menu-item-12383\"><a href=\"https:\/\/visitaluksne.lv\/en\/\">Home<\/a><\/li>\n<li id=\"menu-item-12384\" class=\"menu-item-page-12326 menu-item menu-item-type-post_type menu-item-object-page menu-item-12384\"><a href=\"https:\/\/visitaluksne.lv\/en\/why-to-visit\/\">Why to Visit?<\/a><\/li>\n<li id=\"menu-item-12300\" class=\"menu-item-custom-12300 menu-item menu-item-type-custom menu-item-object-custom menu-item-12300\"><a href=\"https:\/\/visitaluksne.lv\/en\/visit\/tikai_aluksne\/\">Only in Al\u016bksne<\/a><\/li>\n<li id=\"menu-item-12301\" class=\"menu-item-custom-12301 menu-item menu-item-type-custom menu-item-object-custom menu-item-12301\"><a href=\"https:\/\/visitaluksne.lv\/en\/visit\/kada-ir-aluksne\/\">About Al\u016bksne<\/a><\/li>\n<li id=\"menu-item-12302\" class=\"menu-item-custom-12302 menu-item menu-item-type-custom menu-item-object-custom menu-item-12302\"><a href=\"https:\/\/visitaluksne.lv\/en\/visit\/aluksnes-vesture\/\">History of Al\u016bksne<\/a><\/li>\n<\/ul><\/div>\t\t<style>\n\t\t\t.mobile-menu-module[data-module=\"tb_jwmx321\"]{\n\t\t\t\tright:-300px\t\t\t}\n\t\t<\/style>\n\t<\/div>\n<!-- \/module menu -->\n\t\t\t\t<\/div><!-- .tb-column-inner -->\n\t\t\t\t\t\t<\/div><!-- .module_column -->\n\t\t\t\t\t\t<\/div><!-- .row_inner -->\n\t\t<\/div><!-- .module_row -->\n\t\t\t\t    <\/div>\n<!--\/themify_builder_content--><\/div>\n<\/div>\n<!-- \/module template_part -->\t\t\t\t<\/div><!-- .tb-column-inner -->\n\t\t\t\t\t\t<\/div><!-- .module_column -->\n\t\t\t\t\t\t<\/div><!-- .row_inner -->\n\t\t<\/div><!-- .module_row -->\n\t\t\t\t<\/div>\n<!--\/themify_builder_content-->","protected":false},"excerpt":{"rendered":"<p>K\u0101p\u0113c apmekl\u0113t? | K\u0101p\u0113c apmekl\u0113t? Tikai Al\u016bksn\u0113 K\u0101da ir Al\u016bksne? Al\u016bksnes v\u0113sture<\/p>\n","protected":false},"author":1,"featured_media":0,"parent":0,"menu_order":1,"comment_status":"closed","ping_status":"closed","template":"","meta":{"footnotes":""},"class_list":["post-12326","page","type-page","status-publish","hentry","has-post-title","has-post-date","has-post-category","has-post-tag","has-post-comment","has-post-author",""],"yoast_head":"<title>Why to Visit? Come, discover and fall in love with Aluksne! - VisitAluksne<\/title>\n<meta name=\"description\" content=\"In Al\u016bksne you will meet for centuries, you will fall in love with Al\u016bksne lake, you will feel the hospitality and cultural heritage, you will see B\u0101n\u012bte, you will have relaxation in the scenic nature of Veclaicene.\" \/>\n<meta name=\"robots\" content=\"index, follow, max-snippet:-1, max-image-preview:large, max-video-preview:-1\" \/>\n<link rel=\"canonical\" href=\"https:\/\/visitaluksne.lv\/en\/why-to-visit\/\" \/>\n<meta property=\"og:locale\" content=\"en_US\" \/>\n<meta property=\"og:type\" content=\"article\" \/>\n<meta property=\"og:title\" content=\"Why to Visit? Come, discover and fall in love with Aluksne! - VisitAluksne\" \/>\n<meta property=\"og:description\" content=\"In Al\u016bksne you will meet for centuries, you will fall in love with Al\u016bksne lake, you will feel the hospitality and cultural heritage, you will see B\u0101n\u012bte, you will have relaxation in the scenic nature of Veclaicene.\" \/>\n<meta property=\"og:url\" content=\"https:\/\/visitaluksne.lv\/en\/why-to-visit\/\" \/>\n<meta property=\"og:site_name\" content=\"VisitAluksne\" \/>\n<meta property=\"article:publisher\" content=\"https:\/\/www.facebook.com\/visitaluksne\/\" \/>\n<meta property=\"article:modified_time\" content=\"2026-03-19T09:42:37+00:00\" \/>\n<meta property=\"og:image\" content=\"https:\/\/visitaluksne.lv\/wp-content\/uploads\/2021\/03\/VisitAluksne.png\" \/>\n\t<meta property=\"og:image:width\" content=\"240\" \/>\n\t<meta property=\"og:image:height\" content=\"100\" \/>\n\t<meta property=\"og:image:type\" content=\"image\/png\" \/>\n<meta name=\"twitter:card\" content=\"summary_large_image\" \/>\n<script type=\"application\/ld+json\" class=\"yoast-schema-graph\">{\"@context\":\"https:\\\/\\\/schema.org\",\"@graph\":[{\"@type\":\"WebPage\",\"@id\":\"https:\\\/\\\/visitaluksne.lv\\\/en\\\/why-to-visit\\\/\",\"url\":\"https:\\\/\\\/visitaluksne.lv\\\/en\\\/why-to-visit\\\/\",\"name\":\"Why to Visit? Come, discover and fall in love with Aluksne! - VisitAluksne\",\"isPartOf\":{\"@id\":\"https:\\\/\\\/visitaluksne.lv\\\/en\\\/#website\"},\"datePublished\":\"2020-10-13T10:30:49+00:00\",\"dateModified\":\"2026-03-19T09:42:37+00:00\",\"description\":\"In Al\u016bksne you will meet for centuries, you will fall in love with Al\u016bksne lake, you will feel the hospitality and cultural heritage, you will see B\u0101n\u012bte, you will have relaxation in the scenic nature of Veclaicene.\",\"breadcrumb\":{\"@id\":\"https:\\\/\\\/visitaluksne.lv\\\/en\\\/why-to-visit\\\/#breadcrumb\"},\"inLanguage\":\"en-US\",\"potentialAction\":[{\"@type\":\"ReadAction\",\"target\":[\"https:\\\/\\\/visitaluksne.lv\\\/en\\\/why-to-visit\\\/\"]}]},{\"@type\":\"BreadcrumbList\",\"@id\":\"https:\\\/\\\/visitaluksne.lv\\\/en\\\/why-to-visit\\\/#breadcrumb\",\"itemListElement\":[{\"@type\":\"ListItem\",\"position\":1,\"name\":\"Home\",\"item\":\"https:\\\/\\\/visitaluksne.lv\\\/en\\\/\"},{\"@type\":\"ListItem\",\"position\":2,\"name\":\"Why to Visit?\"}]},{\"@type\":\"WebSite\",\"@id\":\"https:\\\/\\\/visitaluksne.lv\\\/en\\\/#website\",\"url\":\"https:\\\/\\\/visitaluksne.lv\\\/en\\\/\",\"name\":\"VisitAluksne\",\"description\":\"\",\"publisher\":{\"@id\":\"https:\\\/\\\/visitaluksne.lv\\\/en\\\/#organization\"},\"potentialAction\":[{\"@type\":\"SearchAction\",\"target\":{\"@type\":\"EntryPoint\",\"urlTemplate\":\"https:\\\/\\\/visitaluksne.lv\\\/en\\\/?s={search_term_string}\"},\"query-input\":{\"@type\":\"PropertyValueSpecification\",\"valueRequired\":true,\"valueName\":\"search_term_string\"}}],\"inLanguage\":\"en-US\"},{\"@type\":\"Organization\",\"@id\":\"https:\\\/\\\/visitaluksne.lv\\\/en\\\/#organization\",\"name\":\"Al\u016bksnes T\u016brisma inform\u0101cijas centrs\",\"url\":\"https:\\\/\\\/visitaluksne.lv\\\/en\\\/\",\"logo\":{\"@type\":\"ImageObject\",\"inLanguage\":\"en-US\",\"@id\":\"https:\\\/\\\/visitaluksne.lv\\\/en\\\/#\\\/schema\\\/logo\\\/image\\\/\",\"url\":\"https:\\\/\\\/visitaluksne.lv\\\/wp-content\\\/uploads\\\/2021\\\/03\\\/VisitAluksne.png\",\"contentUrl\":\"https:\\\/\\\/visitaluksne.lv\\\/wp-content\\\/uploads\\\/2021\\\/03\\\/VisitAluksne.png\",\"width\":240,\"height\":100,\"caption\":\"Al\u016bksnes T\u016brisma inform\u0101cijas centrs\"},\"image\":{\"@id\":\"https:\\\/\\\/visitaluksne.lv\\\/en\\\/#\\\/schema\\\/logo\\\/image\\\/\"},\"sameAs\":[\"https:\\\/\\\/www.facebook.com\\\/visitaluksne\\\/\",\"https:\\\/\\\/www.instagram.com\\\/visitaluksne\\\/\"]}]}<\/script>","yoast_head_json":{"title":"Why to Visit? Come, discover and fall in love with Aluksne! - VisitAluksne","description":"In Al\u016bksne you will meet for centuries, you will fall in love with Al\u016bksne lake, you will feel the hospitality and cultural heritage, you will see B\u0101n\u012bte, you will have relaxation in the scenic nature of Veclaicene.","robots":{"index":"index","follow":"follow","max-snippet":"max-snippet:-1","max-image-preview":"max-image-preview:large","max-video-preview":"max-video-preview:-1"},"canonical":"https:\/\/visitaluksne.lv\/en\/why-to-visit\/","og_locale":"en_US","og_type":"article","og_title":"Why to Visit? Come, discover and fall in love with Aluksne! - VisitAluksne","og_description":"In Al\u016bksne you will meet for centuries, you will fall in love with Al\u016bksne lake, you will feel the hospitality and cultural heritage, you will see B\u0101n\u012bte, you will have relaxation in the scenic nature of Veclaicene.","og_url":"https:\/\/visitaluksne.lv\/en\/why-to-visit\/","og_site_name":"VisitAluksne","article_publisher":"https:\/\/www.facebook.com\/visitaluksne\/","article_modified_time":"2026-03-19T09:42:37+00:00","og_image":[{"width":240,"height":100,"url":"https:\/\/visitaluksne.lv\/wp-content\/uploads\/2021\/03\/VisitAluksne.png","type":"image\/png"}],"twitter_card":"summary_large_image","schema":{"@context":"https:\/\/schema.org","@graph":[{"@type":"WebPage","@id":"https:\/\/visitaluksne.lv\/en\/why-to-visit\/","url":"https:\/\/visitaluksne.lv\/en\/why-to-visit\/","name":"Why to Visit? Come, discover and fall in love with Aluksne! - VisitAluksne","isPartOf":{"@id":"https:\/\/visitaluksne.lv\/en\/#website"},"datePublished":"2020-10-13T10:30:49+00:00","dateModified":"2026-03-19T09:42:37+00:00","description":"In Al\u016bksne you will meet for centuries, you will fall in love with Al\u016bksne lake, you will feel the hospitality and cultural heritage, you will see B\u0101n\u012bte, you will have relaxation in the scenic nature of Veclaicene.","breadcrumb":{"@id":"https:\/\/visitaluksne.lv\/en\/why-to-visit\/#breadcrumb"},"inLanguage":"en-US","potentialAction":[{"@type":"ReadAction","target":["https:\/\/visitaluksne.lv\/en\/why-to-visit\/"]}]},{"@type":"BreadcrumbList","@id":"https:\/\/visitaluksne.lv\/en\/why-to-visit\/#breadcrumb","itemListElement":[{"@type":"ListItem","position":1,"name":"Home","item":"https:\/\/visitaluksne.lv\/en\/"},{"@type":"ListItem","position":2,"name":"Why to Visit?"}]},{"@type":"WebSite","@id":"https:\/\/visitaluksne.lv\/en\/#website","url":"https:\/\/visitaluksne.lv\/en\/","name":"VisitAluksne","description":"","publisher":{"@id":"https:\/\/visitaluksne.lv\/en\/#organization"},"potentialAction":[{"@type":"SearchAction","target":{"@type":"EntryPoint","urlTemplate":"https:\/\/visitaluksne.lv\/en\/?s={search_term_string}"},"query-input":{"@type":"PropertyValueSpecification","valueRequired":true,"valueName":"search_term_string"}}],"inLanguage":"en-US"},{"@type":"Organization","@id":"https:\/\/visitaluksne.lv\/en\/#organization","name":"Al\u016bksnes T\u016brisma inform\u0101cijas centrs","url":"https:\/\/visitaluksne.lv\/en\/","logo":{"@type":"ImageObject","inLanguage":"en-US","@id":"https:\/\/visitaluksne.lv\/en\/#\/schema\/logo\/image\/","url":"https:\/\/visitaluksne.lv\/wp-content\/uploads\/2021\/03\/VisitAluksne.png","contentUrl":"https:\/\/visitaluksne.lv\/wp-content\/uploads\/2021\/03\/VisitAluksne.png","width":240,"height":100,"caption":"Al\u016bksnes T\u016brisma inform\u0101cijas centrs"},"image":{"@id":"https:\/\/visitaluksne.lv\/en\/#\/schema\/logo\/image\/"},"sameAs":["https:\/\/www.facebook.com\/visitaluksne\/","https:\/\/www.instagram.com\/visitaluksne\/"]}]}},"_links":{"self":[{"href":"https:\/\/visitaluksne.lv\/en\/wp-json\/wp\/v2\/pages\/12326","targetHints":{"allow":["GET"]}}],"collection":[{"href":"https:\/\/visitaluksne.lv\/en\/wp-json\/wp\/v2\/pages"}],"about":[{"href":"https:\/\/visitaluksne.lv\/en\/wp-json\/wp\/v2\/types\/page"}],"author":[{"embeddable":true,"href":"https:\/\/visitaluksne.lv\/en\/wp-json\/wp\/v2\/users\/1"}],"replies":[{"embeddable":true,"href":"https:\/\/visitaluksne.lv\/en\/wp-json\/wp\/v2\/comments?post=12326"}],"version-history":[{"count":1,"href":"https:\/\/visitaluksne.lv\/en\/wp-json\/wp\/v2\/pages\/12326\/revisions"}],"predecessor-version":[{"id":42035,"href":"https:\/\/visitaluksne.lv\/en\/wp-json\/wp\/v2\/pages\/12326\/revisions\/42035"}],"wp:attachment":[{"href":"https:\/\/visitaluksne.lv\/en\/wp-json\/wp\/v2\/media?parent=12326"}],"curies":[{"name":"wp","href":"https:\/\/api.w.org\/{rel}","templated":true}]}}