{"id":12330,"date":"2020-10-13T13:54:07","date_gmt":"2020-10-13T10:54:07","guid":{"rendered":"https:\/\/visitaluksne.lv\/where-to-eat\/"},"modified":"2022-03-18T16:28:50","modified_gmt":"2022-03-18T14:28:50","slug":"where-to-eat","status":"publish","type":"page","link":"https:\/\/visitaluksne.lv\/en\/where-to-eat\/","title":{"rendered":"Where to Eat?"},"content":{"rendered":"<!--themify_builder_content-->\n<div id=\"themify_builder_content-12330\" data-postid=\"12330\" class=\"themify_builder_content themify_builder_content-12330 themify_builder tf_clear\">\n    \t\t\t\t<!-- module_row -->\n\t\t<div  data-css_id=\"efgj121\" data-lazy=\"1\" class=\"module_row themify_builder_row fullwidth tb_efgj121 tb_first tf_w tf_clearfix\">\n\t\t\t\t\t<div class=\"row_inner gutter-none col_align_top tb_col_count_2 tf_box tf_rel\">\n\t\t\t\t\t<div  data-lazy=\"1\" class=\"module_column tb-column col4-3 tb_nad1121 first\">\n\t\t\t\t\t\t\t\t\t<div class=\"tb-column-inner tf_box tf_w\">\n\t\t\t\t<!-- module fancy heading -->\n<div  class=\"module module-fancy-heading tb_t9ql121  inline-fancy-heading tb_hide_divider\" data-lazy=\"1\">\n\t    <h1 class=\"fancy-heading tf_textc\">\n    <span class=\"main-head tf_inline_b\">\n\t\t\t\t\tWhere to Eat?\t\t    <\/span>\n\n\t\n    <span class=\"sub-head tf_inline_b tf_rel\">\n\t\t\t\t\t\t\t    <\/span>\n    <\/h1>\n<\/div>\n<!-- \/module fancy heading -->\n\t\t\t\t<\/div><!-- .tb-column-inner -->\n\t\t\t\t\t\t<\/div><!-- .module_column -->\n\t\t\t\t\t<div  data-lazy=\"1\" class=\"module_column tb-column col4-1 tb_4bzc121 last\">\n\t\t\t\t\t\t\t\t\t<div class=\"tb-column-inner tf_box tf_w\">\n\t\t\t\t<!-- module buttons -->\n<div  class=\"module module-buttons tb_e1iv121 buttons-horizontal solid  large buttons-fullwidth\" data-lazy=\"1\">\n\t\t<div class=\"module-buttons-item tf_inline_b\">\n\t\t\t\t\t\t<a href=\"https:\/\/maps.kartes.lv\/clients\/simplymap\/?aluksne&#038;layers=4\" class=\"ui builder_button themify_lightbox transparent\" data-zoom-config=\"800px|800px\">\n\t\t\t\t\t\t\t\t<em class=\"tf_inline_b tf_vmiddle\"><svg  class=\"tf_fa tf-fas-map-marked\" aria-hidden=\"true\"><use href=\"#tf-fas-map-marked\"><\/use><\/svg><\/em>\t\t\t\t\t\t\t<span class=\"tf_inline_b tf_vmiddle\">See the map<\/span>\n\t\t\t\t\t\t\t\t\t\t\t\t<\/a>\n\t\t\t\t\t\t<\/div>\n\t\t\t<\/div>\n<!-- \/module buttons -->\n\t\t\t\t<\/div><!-- .tb-column-inner -->\n\t\t\t\t\t\t<\/div><!-- .module_column -->\n\t\t\t\t\t\t<\/div><!-- .row_inner -->\n\t\t<\/div><!-- .module_row -->\n\t\t\t\t\t\t\t\t<!-- module_row -->\n\t\t<div  data-lazy=\"1\" class=\"module_row themify_builder_row tb_gxg8833 tf_w tf_clearfix\">\n\t\t\t\t\t<div class=\"row_inner col_align_top tb_col_count_1 tf_box tf_rel\">\n\t\t\t\t\t<div  data-lazy=\"1\" class=\"module_column tb-column col-full tb_gnf2834 first\">\n\t\t\t\t\t\t\t\t\t<div class=\"tb-column-inner tf_box tf_w\">\n\t\t\t\t<!-- module post -->\n<div  class=\"module module-portfolio tb_b0wu336  tb_fullwidth_image\">\n        <div  class=\"builder-posts-wrap loops-wrapper portfolio grid4 classic tf_clear tf_clearfix\" data-lazy=\"1\">\n\t<article id=\"portfolio-12513\" class=\"post tf_clearfix portfolio-post cat-740 post-12513 portfolio type-portfolio status-publish has-post-thumbnail hentry portfolio-category-restoranikafejnicas-en has-post-title no-post-date has-post-category has-post-tag has-post-comment has-post-author \">\n\t\n\t\n\t\t\t\t<figure class=\"post-image tf_clearfix\">\n\t\t\t    \t\t\t\t\t\t\t\t<a href=\"https:\/\/visitaluksne.lv\/en\/visit\/restorani-kafejnicas\/\">\n\t\t\t\t\t\t\t\t<img loading=\"lazy\" decoding=\"async\" src=\"https:\/\/visitaluksne.lv\/wp-content\/uploads\/2020\/12\/Benevilla-kafejnica1-400x400.jpg\" width=\"400\" height=\"400\" class=\"wp-post-image wp-image-15220\" title=\"Hotel, Cafe \u201cBenevilla\u201d\" alt=\"Hotel, Cafe \u201cBenevilla\u201d \" srcset=\"https:\/\/visitaluksne.lv\/wp-content\/uploads\/2020\/12\/Benevilla-kafejnica1-400x400.jpg 400w, https:\/\/visitaluksne.lv\/wp-content\/uploads\/2020\/12\/Benevilla-kafejnica1-250x250.jpg 250w, https:\/\/visitaluksne.lv\/wp-content\/uploads\/2020\/12\/Benevilla-kafejnica1-600x600.jpg 600w\" sizes=\"auto, (max-width: 400px) 100vw, 400px\" \/>\t\t\t\t\t\t\t\t    \t\t\t\t<\/a>\n\t\t\t\t\t\t\t    \t\t\t<\/figure>\n\t\t\t\n\t<div class=\"post-content\">\n\n\t\t\n\t\t\t<div class=\"post-content-inner\">\n\n\t\t\t\t\t\t\n\t\t\t\t\t\t\n\t\t\t\t\t\t<h2 class=\"post-title entry-title\"><a href=\"https:\/\/visitaluksne.lv\/en\/visit\/restorani-kafejnicas\/\">Retaurants, Cafes<\/a><\/h2>\n\t\t\n\t\t\t<div class=\"entry-content\">\n\n        \n\t<\/div><!-- \/.entry-content -->\n\t\n\t\t\n\t\t\t<\/div>\n\t\t\t<!-- \/.post-content-inner -->\n\t\t\n\t<\/div>\n\t<!-- \/.post-content -->\n\t<\/article>\n<!-- \/.post -->\n<article id=\"portfolio-12510\" class=\"post tf_clearfix portfolio-post cat-732 post-12510 portfolio type-portfolio status-publish has-post-thumbnail hentry portfolio-category-bistropicerija-en has-post-title no-post-date has-post-category has-post-tag has-post-comment has-post-author \">\n\t\n\t\n\t\t\t\t<figure class=\"post-image tf_clearfix\">\n\t\t\t    \t\t\t\t\t\t\t\t<a href=\"https:\/\/visitaluksne.lv\/en\/visit\/bistro-un-picerijas\/\">\n\t\t\t\t\t\t\t\t<img loading=\"lazy\" decoding=\"async\" src=\"https:\/\/visitaluksne.lv\/wp-content\/uploads\/2021\/02\/Altins_1-400x400.jpg\" width=\"400\" height=\"400\" class=\"wp-post-image wp-image-7669\" title=\"Cafe &quot;Alti\u0146\u0161&quot;\" alt=\"Cafe &quot;Alti\u0146\u0161&quot; in Al\u016bksne city centre\" srcset=\"https:\/\/visitaluksne.lv\/wp-content\/uploads\/2021\/02\/Altins_1-400x400.jpg 400w, https:\/\/visitaluksne.lv\/wp-content\/uploads\/2021\/02\/Altins_1-250x250.jpg 250w, https:\/\/visitaluksne.lv\/wp-content\/uploads\/2021\/02\/Altins_1-600x600.jpg 600w\" sizes=\"auto, (max-width: 400px) 100vw, 400px\" \/>\t\t\t\t\t\t\t\t    \t\t\t\t<\/a>\n\t\t\t\t\t\t\t    \t\t\t<\/figure>\n\t\t\t\n\t<div class=\"post-content\">\n\n\t\t\n\t\t\t<div class=\"post-content-inner\">\n\n\t\t\t\t\t\t\n\t\t\t\t\t\t\n\t\t\t\t\t\t<h2 class=\"post-title entry-title\"><a href=\"https:\/\/visitaluksne.lv\/en\/visit\/bistro-un-picerijas\/\">Bistro, Pizzeria<\/a><\/h2>\n\t\t\n\t\t\t<div class=\"entry-content\">\n\n        \n\t<\/div><!-- \/.entry-content -->\n\t\n\t\t\n\t\t\t<\/div>\n\t\t\t<!-- \/.post-content-inner -->\n\t\t\n\t<\/div>\n\t<!-- \/.post-content -->\n\t<\/article>\n<!-- \/.post -->\n<article id=\"portfolio-12507\" class=\"post tf_clearfix portfolio-post cat-735 post-12507 portfolio type-portfolio status-publish has-post-thumbnail hentry portfolio-category-krogibari-en has-post-title no-post-date has-post-category has-post-tag has-post-comment has-post-author \">\n\t\n\t\n\t\t\t\t<figure class=\"post-image tf_clearfix\">\n\t\t\t    \t\t\t\t\t\t\t\t<a href=\"https:\/\/visitaluksne.lv\/en\/visit\/krodzini-bari\/\">\n\t\t\t\t\t\t\t\t<img loading=\"lazy\" decoding=\"async\" src=\"https:\/\/visitaluksne.lv\/wp-content\/uploads\/2020\/12\/Aluksnes-alus-400x400.jpg\" width=\"400\" height=\"400\" class=\"wp-post-image wp-image-10120\" title=\"Al\u016bksne Craft Beer Pop-up Pavilion\" alt=\"Al\u016bksne Craft Beer Pop-up Pavilion\" srcset=\"https:\/\/visitaluksne.lv\/wp-content\/uploads\/2020\/12\/Aluksnes-alus-400x400.jpg 400w, https:\/\/visitaluksne.lv\/wp-content\/uploads\/2020\/12\/Aluksnes-alus-250x250.jpg 250w, https:\/\/visitaluksne.lv\/wp-content\/uploads\/2020\/12\/Aluksnes-alus-600x600.jpg 600w\" sizes=\"auto, (max-width: 400px) 100vw, 400px\" \/>\t\t\t\t\t\t\t\t    \t\t\t\t<\/a>\n\t\t\t\t\t\t\t    \t\t\t<\/figure>\n\t\t\t\n\t<div class=\"post-content\">\n\n\t\t\n\t\t\t<div class=\"post-content-inner\">\n\n\t\t\t\t\t\t\n\t\t\t\t\t\t\n\t\t\t\t\t\t<h2 class=\"post-title entry-title\"><a href=\"https:\/\/visitaluksne.lv\/en\/visit\/krodzini-bari\/\">Pubs, Bars<\/a><\/h2>\n\t\t\n\t\t\t<div class=\"entry-content\">\n\n        \n\t<\/div><!-- \/.entry-content -->\n\t\n\t\t\n\t\t\t<\/div>\n\t\t\t<!-- \/.post-content-inner -->\n\t\t\n\t<\/div>\n\t<!-- \/.post-content -->\n\t<\/article>\n<!-- \/.post -->\n<article id=\"portfolio-12456\" class=\"post tf_clearfix portfolio-post cat-755 post-12456 portfolio type-portfolio status-publish has-post-thumbnail hentry portfolio-category-piknikvieta-en has-post-title no-post-date has-post-category has-post-tag has-post-comment has-post-author \">\n\t\n\t\n\t\t\t\t<figure class=\"post-image tf_clearfix\">\n\t\t\t    \t\t\t\t\t\t\t\t<a href=\"https:\/\/visitaluksne.lv\/en\/visit\/piknika-vietas\/\">\n\t\t\t\t\t\t\t\t<img loading=\"lazy\" decoding=\"async\" src=\"https:\/\/visitaluksne.lv\/wp-content\/uploads\/2021\/02\/Pikniks-400x400.jpg\" width=\"400\" height=\"400\" class=\"wp-post-image wp-image-8540\" title=\"Picnic Places\" alt=\"Picnic Places in Al\u016bksne region\" srcset=\"https:\/\/visitaluksne.lv\/wp-content\/uploads\/2021\/02\/Pikniks-400x400.jpg 400w, https:\/\/visitaluksne.lv\/wp-content\/uploads\/2021\/02\/Pikniks-250x250.jpg 250w, https:\/\/visitaluksne.lv\/wp-content\/uploads\/2021\/02\/Pikniks-600x600.jpg 600w\" sizes=\"auto, (max-width: 400px) 100vw, 400px\" \/>\t\t\t\t\t\t\t\t    \t\t\t\t<\/a>\n\t\t\t\t\t\t\t    \t\t\t<\/figure>\n\t\t\t\n\t<div class=\"post-content\">\n\n\t\t\n\t\t\t<div class=\"post-content-inner\">\n\n\t\t\t\t\t\t\n\t\t\t\t\t\t\n\t\t\t\t\t\t<h2 class=\"post-title entry-title\"><a href=\"https:\/\/visitaluksne.lv\/en\/visit\/piknika-vietas\/\">Picnic Places<\/a><\/h2>\n\t\t\n\t\t\t<div class=\"entry-content\">\n\n        \n\t<\/div><!-- \/.entry-content -->\n\t\n\t\t\n\t\t\t<\/div>\n\t\t\t<!-- \/.post-content-inner -->\n\t\t\n\t<\/div>\n\t<!-- \/.post-content -->\n\t<\/article>\n<!-- \/.post -->\n<article id=\"portfolio-12409\" class=\"post tf_clearfix portfolio-post cat-742 post-12409 portfolio type-portfolio status-publish has-post-thumbnail hentry portfolio-category-aluksnes_garsa-en has-post-title no-post-date has-post-category has-post-tag has-post-comment has-post-author \">\n\t\n\t\n\t\t\t\t<figure class=\"post-image tf_clearfix\">\n\t\t\t    \t\t\t\t\t\t\t\t<a href=\"https:\/\/visitaluksne.lv\/en\/visit\/aluksnes-garsas\/\">\n\t\t\t\t\t\t\t\t<img loading=\"lazy\" decoding=\"async\" src=\"https:\/\/visitaluksne.lv\/wp-content\/uploads\/2021\/02\/Profitroli-400x400.jpg\" width=\"400\" height=\"400\" class=\"wp-post-image wp-image-8516\" title=\"Profitro\u013ci\" alt=\"Profitro\u013ci- excellent taste of Aluksne\" srcset=\"https:\/\/visitaluksne.lv\/wp-content\/uploads\/2021\/02\/Profitroli-400x400.jpg 400w, https:\/\/visitaluksne.lv\/wp-content\/uploads\/2021\/02\/Profitroli-250x250.jpg 250w, https:\/\/visitaluksne.lv\/wp-content\/uploads\/2021\/02\/Profitroli-600x600.jpg 600w\" sizes=\"auto, (max-width: 400px) 100vw, 400px\" \/>\t\t\t\t\t\t\t\t    \t\t\t\t<\/a>\n\t\t\t\t\t\t\t    \t\t\t<\/figure>\n\t\t\t\n\t<div class=\"post-content\">\n\n\t\t\n\t\t\t<div class=\"post-content-inner\">\n\n\t\t\t\t\t\t\n\t\t\t\t\t\t\n\t\t\t\t\t\t<h2 class=\"post-title entry-title\"><a href=\"https:\/\/visitaluksne.lv\/en\/visit\/aluksnes-garsas\/\">Taste of Al\u016bksne<\/a><\/h2>\n\t\t\n\t\t\t<div class=\"entry-content\">\n\n        \n\t<\/div><!-- \/.entry-content -->\n\t\n\t\t\n\t\t\t<\/div>\n\t\t\t<!-- \/.post-content-inner -->\n\t\t\n\t<\/div>\n\t<!-- \/.post-content -->\n\t<\/article>\n<!-- \/.post -->\n<\/div><!-- .builder-posts-wrap -->\n    <\/div>\n    <!-- \/module post -->\n\t\t\t\t<\/div><!-- .tb-column-inner -->\n\t\t\t\t\t\t<\/div><!-- .module_column -->\n\t\t\t\t\t\t<\/div><!-- .row_inner -->\n\t\t<\/div><!-- .module_row -->\n\t\t\t\t\t\t\t\t<!-- module_row -->\n\t\t<div  data-css_id=\"yh9c541\" data-lazy=\"1\" class=\"module_row themify_builder_row fullwidth tb_yh9c541 tf_w tf_clearfix\">\n\t\t\t\t\t<div class=\"row_inner col_align_top tb_col_count_1 tf_box tf_rel\">\n\t\t\t\t\t<div  data-lazy=\"1\" class=\"module_column tb-column col-full tb_b3l9541 first\">\n\t\t\t\t\t\t\t\t\t<div class=\"tb-column-inner tf_box tf_w\">\n\t\t\t\t<!-- module template_part -->\n<div  class=\"module module-layout-part tb_izff541 \">\n    <div class=\"tb_layout_part_wrap tf_w\">\n<!--themify_builder_content-->\n    <div  class=\"themify_builder_content themify_builder_content-8442 themify_builder not_editable_builder in_the_loop\" data-postid=\"8442\">\n        \t\t\t\t<!-- module_row -->\n\t\t<div  data-lazy=\"1\" class=\"module_row themify_builder_row tb_17d5916 tf_w tf_clearfix\">\n\t\t\t\t\t<div class=\"row_inner col_align_top tb_col_count_1 tf_box tf_rel\">\n\t\t\t\t\t<div  data-lazy=\"1\" class=\"module_column tb-column col-full tb_dmae917 first\">\n\t\t\t\t\t\t\t\t\t<div class=\"tb-column-inner tf_box tf_w\">\n\t\t\t\t<!-- module plain text -->\n<div  class=\"module module-plain-text tb_rx4o917 \" data-lazy=\"1\">\n        <div class=\"tb_text_wrap\">\n\t<button onclick=\"window.history.go(-1); return false;\"><img loading=\"lazy\" decoding=\"async\" src=\"https:\/\/visitaluksne.lv\/wp-content\/uploads\/2021\/03\/go-back.png\" alt=\"\" width=\"57\" height=\"25\" \/><\/button>    <\/div>\n<\/div>\n<!-- \/module plain text -->\t\t\t\t<\/div><!-- .tb-column-inner -->\n\t\t\t\t\t\t<\/div><!-- .module_column -->\n\t\t\t\t\t\t<\/div><!-- .row_inner -->\n\t\t<\/div><!-- .module_row -->\n\t\t\t\t    <\/div>\n<!--\/themify_builder_content-->\n<\/div>\n<\/div>\n<!-- \/module template_part -->\t\t\t\t<\/div><!-- .tb-column-inner -->\n\t\t\t\t\t\t<\/div><!-- .module_column -->\n\t\t\t\t\t\t<\/div><!-- .row_inner -->\n\t\t<\/div><!-- .module_row -->\n\t\t\t\t\t\t\t\t<!-- module_row -->\n\t\t<div  data-css_id=\"bfre588\" data-lazy=\"1\" class=\"module_row themify_builder_row fullwidth tb_bfre588 tf_w tf_clearfix\">\n\t\t\t\t\t<div class=\"row_inner col_align_top tb_col_count_1 tf_box tf_rel\">\n\t\t\t\t\t<div  data-lazy=\"1\" class=\"module_column tb-column col-full tb_yi0r589 first\">\n\t\t\t\t\t\t\t\t\t<div class=\"tb-column-inner tf_box tf_w\">\n\t\t\t\t<!-- module template_part -->\n<div  class=\"module module-layout-part tb_get3323 \">\n    <div class=\"tb_layout_part_wrap tf_w\">\n<!--themify_builder_content-->\n    <div  class=\"themify_builder_content themify_builder_content-5164 themify_builder not_editable_builder in_the_loop\" data-postid=\"5164\">\n        \t\t\t\t<!-- module_row -->\n\t\t<div  data-lazy=\"1\" class=\"module_row themify_builder_row tb_7mdu450 tf_w tf_clearfix hide-tablet hide-tablet_landscape hide-mobile\">\n\t\t\t\t\t<div class=\"row_inner col_align_top tb_col_count_1 tf_box tf_rel\">\n\t\t\t\t\t<div  data-lazy=\"1\" class=\"module_column tb-column col-full tb_pwhl451 first\">\n\t\t\t\t\t\t\t\t\t<div class=\"tb-column-inner tf_box tf_w\">\n\t\t\t\t<!-- module menu -->\n<div  class=\"module module-menu tb_gz3b451  mobile-menu-slide\" data-menu-style=\"mobile-menu-slide\" data-menu-breakpoint=\"0\" data-element-id=\"tb_gz3b451\" data-lazy=\"1\">\n    \t\n\t<div class=\"module-menu-container\"><ul id=\"menu-kur-paest-english\" class=\"ui tf_clearfix nav tf_rel tf_scrollbar fullwidth transparent\"><li id=\"menu-item-12375\" class=\"menu-item-page-12324 menu-item menu-item-type-post_type menu-item-object-page menu-item-home menu-item-12375\"><a href=\"https:\/\/visitaluksne.lv\/en\/\">Home<\/a><\/li>\n<li id=\"menu-item-12376\" class=\"menu-item-page-12330 menu-item menu-item-type-post_type menu-item-object-page menu-item-12376\"><a href=\"https:\/\/visitaluksne.lv\/en\/where-to-eat\/\">Where to Eat?<\/a><\/li>\n<li id=\"menu-item-12250\" class=\"menu-item-custom-12250 menu-item menu-item-type-custom menu-item-object-custom menu-item-12250\"><a href=\"https:\/\/visitaluksne.lv\/en\/visit\/restorani-kafejnicas\/\">Retaurants, Cafes<\/a><\/li>\n<li id=\"menu-item-12251\" class=\"menu-item-custom-12251 menu-item menu-item-type-custom menu-item-object-custom menu-item-12251\"><a href=\"https:\/\/visitaluksne.lv\/en\/visit\/bistro-un-picerijas\/\">Bistro, Pizzeria<\/a><\/li>\n<li id=\"menu-item-12252\" class=\"menu-item-custom-12252 menu-item menu-item-type-custom menu-item-object-custom menu-item-12252\"><a href=\"https:\/\/visitaluksne.lv\/en\/visit\/krodzini-bari\/\">Pubs, Bars<\/a><\/li>\n<li id=\"menu-item-12253\" class=\"menu-item-custom-12253 menu-item menu-item-type-custom menu-item-object-custom menu-item-12253\"><a href=\"https:\/\/visitaluksne.lv\/en\/visit\/piknika-vietas\/\">Picnic Places<\/a><\/li>\n<li id=\"menu-item-12254\" class=\"menu-item-custom-12254 menu-item menu-item-type-custom menu-item-object-custom menu-item-12254\"><a href=\"https:\/\/visitaluksne.lv\/en\/visit\/aluksnes-garsas\/\">Taste of Al\u016bksne<\/a><\/li>\n<\/ul><\/div>\t\t<style>\n\t\t\t.mobile-menu-module[data-module=\"tb_gz3b451\"]{\n\t\t\t\tright:-300px\t\t\t}\n\t\t<\/style>\n\t<\/div>\n<!-- \/module menu -->\n\t\t\t\t<\/div><!-- .tb-column-inner -->\n\t\t\t\t\t\t<\/div><!-- .module_column -->\n\t\t\t\t\t\t<\/div><!-- .row_inner -->\n\t\t<\/div><!-- .module_row -->\n\t\t\t\t    <\/div>\n<!--\/themify_builder_content-->\n<\/div>\n<\/div>\n<!-- \/module template_part -->\t\t\t\t<\/div><!-- .tb-column-inner -->\n\t\t\t\t\t\t<\/div><!-- .module_column -->\n\t\t\t\t\t\t<\/div><!-- .row_inner -->\n\t\t<\/div><!-- .module_row -->\n\t\t\t\t<\/div>\n<!--\/themify_builder_content-->\n","protected":false},"excerpt":{"rendered":"","protected":false},"author":1,"featured_media":0,"parent":0,"menu_order":4,"comment_status":"closed","ping_status":"closed","template":"","meta":{"footnotes":""},"class_list":["post-12330","page","type-page","status-publish","hentry","has-post-title","has-post-date","has-post-category","has-post-tag","has-post-comment","has-post-author",""],"yoast_head":"<title>Where to Eat? Kafejn\u012bcas restor\u0101ni bistro Al\u016bksn\u0113 - VisitAluksne<\/title>\n<meta name=\"description\" content=\"visitaluksne Al\u016bksne latvian food cafe local food delicious meal kids menu journey of taste where to eat al\u016bksne restaurant\" \/>\n<meta name=\"robots\" content=\"index, follow, max-snippet:-1, max-image-preview:large, max-video-preview:-1\" \/>\n<link rel=\"canonical\" href=\"https:\/\/visitaluksne.lv\/en\/where-to-eat\/\" \/>\n<meta property=\"og:locale\" content=\"en_US\" \/>\n<meta property=\"og:type\" content=\"article\" \/>\n<meta property=\"og:title\" content=\"Where to Eat? Kafejn\u012bcas restor\u0101ni bistro Al\u016bksn\u0113 - VisitAluksne\" \/>\n<meta property=\"og:description\" content=\"visitaluksne Al\u016bksne latvian food cafe local food delicious meal kids menu journey of taste where to eat al\u016bksne restaurant\" \/>\n<meta property=\"og:url\" content=\"https:\/\/visitaluksne.lv\/en\/where-to-eat\/\" \/>\n<meta property=\"og:site_name\" content=\"VisitAluksne\" \/>\n<meta property=\"article:publisher\" content=\"https:\/\/www.facebook.com\/visitaluksne\/\" \/>\n<meta property=\"article:modified_time\" content=\"2022-03-18T14:28:50+00:00\" \/>\n<meta property=\"og:image\" content=\"https:\/\/visitaluksne.lv\/wp-content\/uploads\/2021\/03\/VisitAluksne.png\" \/>\n\t<meta property=\"og:image:width\" content=\"240\" \/>\n\t<meta property=\"og:image:height\" content=\"100\" \/>\n\t<meta property=\"og:image:type\" content=\"image\/png\" \/>\n<meta name=\"twitter:card\" content=\"summary_large_image\" \/>\n<script type=\"application\/ld+json\" class=\"yoast-schema-graph\">{\"@context\":\"https:\\\/\\\/schema.org\",\"@graph\":[{\"@type\":\"WebPage\",\"@id\":\"https:\\\/\\\/visitaluksne.lv\\\/en\\\/where-to-eat\\\/\",\"url\":\"https:\\\/\\\/visitaluksne.lv\\\/en\\\/where-to-eat\\\/\",\"name\":\"Where to Eat? Kafejn\u012bcas restor\u0101ni bistro Al\u016bksn\u0113 - VisitAluksne\",\"isPartOf\":{\"@id\":\"https:\\\/\\\/visitaluksne.lv\\\/en\\\/#website\"},\"datePublished\":\"2020-10-13T10:54:07+00:00\",\"dateModified\":\"2022-03-18T14:28:50+00:00\",\"description\":\"visitaluksne Al\u016bksne latvian food cafe local food delicious meal kids menu journey of taste where to eat al\u016bksne restaurant\",\"breadcrumb\":{\"@id\":\"https:\\\/\\\/visitaluksne.lv\\\/en\\\/where-to-eat\\\/#breadcrumb\"},\"inLanguage\":\"en-US\",\"potentialAction\":[{\"@type\":\"ReadAction\",\"target\":[\"https:\\\/\\\/visitaluksne.lv\\\/en\\\/where-to-eat\\\/\"]}]},{\"@type\":\"BreadcrumbList\",\"@id\":\"https:\\\/\\\/visitaluksne.lv\\\/en\\\/where-to-eat\\\/#breadcrumb\",\"itemListElement\":[{\"@type\":\"ListItem\",\"position\":1,\"name\":\"Home\",\"item\":\"https:\\\/\\\/visitaluksne.lv\\\/en\\\/\"},{\"@type\":\"ListItem\",\"position\":2,\"name\":\"Where to Eat?\"}]},{\"@type\":\"WebSite\",\"@id\":\"https:\\\/\\\/visitaluksne.lv\\\/en\\\/#website\",\"url\":\"https:\\\/\\\/visitaluksne.lv\\\/en\\\/\",\"name\":\"VisitAluksne\",\"description\":\"\",\"publisher\":{\"@id\":\"https:\\\/\\\/visitaluksne.lv\\\/en\\\/#organization\"},\"potentialAction\":[{\"@type\":\"SearchAction\",\"target\":{\"@type\":\"EntryPoint\",\"urlTemplate\":\"https:\\\/\\\/visitaluksne.lv\\\/en\\\/?s={search_term_string}\"},\"query-input\":{\"@type\":\"PropertyValueSpecification\",\"valueRequired\":true,\"valueName\":\"search_term_string\"}}],\"inLanguage\":\"en-US\"},{\"@type\":\"Organization\",\"@id\":\"https:\\\/\\\/visitaluksne.lv\\\/en\\\/#organization\",\"name\":\"Al\u016bksnes T\u016brisma inform\u0101cijas centrs\",\"url\":\"https:\\\/\\\/visitaluksne.lv\\\/en\\\/\",\"logo\":{\"@type\":\"ImageObject\",\"inLanguage\":\"en-US\",\"@id\":\"https:\\\/\\\/visitaluksne.lv\\\/en\\\/#\\\/schema\\\/logo\\\/image\\\/\",\"url\":\"https:\\\/\\\/visitaluksne.lv\\\/wp-content\\\/uploads\\\/2021\\\/03\\\/VisitAluksne.png\",\"contentUrl\":\"https:\\\/\\\/visitaluksne.lv\\\/wp-content\\\/uploads\\\/2021\\\/03\\\/VisitAluksne.png\",\"width\":240,\"height\":100,\"caption\":\"Al\u016bksnes T\u016brisma inform\u0101cijas centrs\"},\"image\":{\"@id\":\"https:\\\/\\\/visitaluksne.lv\\\/en\\\/#\\\/schema\\\/logo\\\/image\\\/\"},\"sameAs\":[\"https:\\\/\\\/www.facebook.com\\\/visitaluksne\\\/\",\"https:\\\/\\\/www.instagram.com\\\/visitaluksne\\\/\"]}]}<\/script>","yoast_head_json":{"title":"Where to Eat? Kafejn\u012bcas restor\u0101ni bistro Al\u016bksn\u0113 - VisitAluksne","description":"visitaluksne Al\u016bksne latvian food cafe local food delicious meal kids menu journey of taste where to eat al\u016bksne restaurant","robots":{"index":"index","follow":"follow","max-snippet":"max-snippet:-1","max-image-preview":"max-image-preview:large","max-video-preview":"max-video-preview:-1"},"canonical":"https:\/\/visitaluksne.lv\/en\/where-to-eat\/","og_locale":"en_US","og_type":"article","og_title":"Where to Eat? Kafejn\u012bcas restor\u0101ni bistro Al\u016bksn\u0113 - VisitAluksne","og_description":"visitaluksne Al\u016bksne latvian food cafe local food delicious meal kids menu journey of taste where to eat al\u016bksne restaurant","og_url":"https:\/\/visitaluksne.lv\/en\/where-to-eat\/","og_site_name":"VisitAluksne","article_publisher":"https:\/\/www.facebook.com\/visitaluksne\/","article_modified_time":"2022-03-18T14:28:50+00:00","og_image":[{"width":240,"height":100,"url":"https:\/\/visitaluksne.lv\/wp-content\/uploads\/2021\/03\/VisitAluksne.png","type":"image\/png"}],"twitter_card":"summary_large_image","schema":{"@context":"https:\/\/schema.org","@graph":[{"@type":"WebPage","@id":"https:\/\/visitaluksne.lv\/en\/where-to-eat\/","url":"https:\/\/visitaluksne.lv\/en\/where-to-eat\/","name":"Where to Eat? Kafejn\u012bcas restor\u0101ni bistro Al\u016bksn\u0113 - VisitAluksne","isPartOf":{"@id":"https:\/\/visitaluksne.lv\/en\/#website"},"datePublished":"2020-10-13T10:54:07+00:00","dateModified":"2022-03-18T14:28:50+00:00","description":"visitaluksne Al\u016bksne latvian food cafe local food delicious meal kids menu journey of taste where to eat al\u016bksne restaurant","breadcrumb":{"@id":"https:\/\/visitaluksne.lv\/en\/where-to-eat\/#breadcrumb"},"inLanguage":"en-US","potentialAction":[{"@type":"ReadAction","target":["https:\/\/visitaluksne.lv\/en\/where-to-eat\/"]}]},{"@type":"BreadcrumbList","@id":"https:\/\/visitaluksne.lv\/en\/where-to-eat\/#breadcrumb","itemListElement":[{"@type":"ListItem","position":1,"name":"Home","item":"https:\/\/visitaluksne.lv\/en\/"},{"@type":"ListItem","position":2,"name":"Where to Eat?"}]},{"@type":"WebSite","@id":"https:\/\/visitaluksne.lv\/en\/#website","url":"https:\/\/visitaluksne.lv\/en\/","name":"VisitAluksne","description":"","publisher":{"@id":"https:\/\/visitaluksne.lv\/en\/#organization"},"potentialAction":[{"@type":"SearchAction","target":{"@type":"EntryPoint","urlTemplate":"https:\/\/visitaluksne.lv\/en\/?s={search_term_string}"},"query-input":{"@type":"PropertyValueSpecification","valueRequired":true,"valueName":"search_term_string"}}],"inLanguage":"en-US"},{"@type":"Organization","@id":"https:\/\/visitaluksne.lv\/en\/#organization","name":"Al\u016bksnes T\u016brisma inform\u0101cijas centrs","url":"https:\/\/visitaluksne.lv\/en\/","logo":{"@type":"ImageObject","inLanguage":"en-US","@id":"https:\/\/visitaluksne.lv\/en\/#\/schema\/logo\/image\/","url":"https:\/\/visitaluksne.lv\/wp-content\/uploads\/2021\/03\/VisitAluksne.png","contentUrl":"https:\/\/visitaluksne.lv\/wp-content\/uploads\/2021\/03\/VisitAluksne.png","width":240,"height":100,"caption":"Al\u016bksnes T\u016brisma inform\u0101cijas centrs"},"image":{"@id":"https:\/\/visitaluksne.lv\/en\/#\/schema\/logo\/image\/"},"sameAs":["https:\/\/www.facebook.com\/visitaluksne\/","https:\/\/www.instagram.com\/visitaluksne\/"]}]}},"_links":{"self":[{"href":"https:\/\/visitaluksne.lv\/en\/wp-json\/wp\/v2\/pages\/12330","targetHints":{"allow":["GET"]}}],"collection":[{"href":"https:\/\/visitaluksne.lv\/en\/wp-json\/wp\/v2\/pages"}],"about":[{"href":"https:\/\/visitaluksne.lv\/en\/wp-json\/wp\/v2\/types\/page"}],"author":[{"embeddable":true,"href":"https:\/\/visitaluksne.lv\/en\/wp-json\/wp\/v2\/users\/1"}],"replies":[{"embeddable":true,"href":"https:\/\/visitaluksne.lv\/en\/wp-json\/wp\/v2\/comments?post=12330"}],"version-history":[{"count":0,"href":"https:\/\/visitaluksne.lv\/en\/wp-json\/wp\/v2\/pages\/12330\/revisions"}],"wp:attachment":[{"href":"https:\/\/visitaluksne.lv\/en\/wp-json\/wp\/v2\/media?parent=12330"}],"curies":[{"name":"wp","href":"https:\/\/api.w.org\/{rel}","templated":true}]}}