{"id":14755,"date":"2020-12-11T13:09:26","date_gmt":"2020-12-11T11:09:26","guid":{"rendered":"https:\/\/visitaluksne.lv\/vieglilasit\/"},"modified":"2021-09-28T11:07:52","modified_gmt":"2021-09-28T08:07:52","slug":"vieglilasit","status":"publish","type":"page","link":"https:\/\/visitaluksne.lv\/en\/vieglilasit\/","title":{"rendered":"Easy reading"},"content":{"rendered":"<!--themify_builder_content-->\n<div id=\"themify_builder_content-14755\" data-postid=\"14755\" class=\"themify_builder_content themify_builder_content-14755 themify_builder tf_clear\">\n    \t\t\t\t<!-- module_row -->\n\t\t<div  data-lazy=\"1\" class=\"module_row themify_builder_row tb_l3o8820 tb_first tf_w tf_clearfix\">\n\t\t\t\t\t<div class=\"row_inner col_align_top tb_col_count_2 tf_box tf_rel\">\n\t\t\t\t\t<div  data-lazy=\"1\" class=\"module_column tb-column col4-2 tb_27ls820 first\">\n\t\t\t\t\t\t\t\t\t<div class=\"tb-column-inner tf_box tf_w\">\n\t\t\t\t<!-- module gallery -->\n<div  class=\"module gallery module-gallery tb_tt07820 layout-slider  \" data-lazy=\"1\">\n                <div class=\"themify_builder_slider_vertical tf_rel\">\n    <div class=\"tf_swiper-container tf_carousel themify_builder_slider themify_builder_slider_vertical tf_rel tf_overflow\"\n\tdata-pager=\"1\"\n\t data-lazy=\"1\"\t\t\tdata-thumbs=\"tb_tt07820_thumbs\"\n\t\tdata-effect=\"fade\" \n\t\tdata-css_url=\"https:\/\/visitaluksne.lv\/wp-content\/themes\/themify-ultra\/themify\/themify-builder\/css\/modules\/sliders\/carousel.css,https:\/\/visitaluksne.lv\/wp-content\/themes\/themify-ultra\/themify\/themify-builder\/css\/modules\/sliders\/gallery.css\"\n\t\t\t\tdata-auto=\"4\"\n\t\tdata-pause_hover=\"1\"\n\t\t\t\t\tdata-controller=\"0\"\n\t\t\t\tdata-speed=\"normal\"\n\tdata-wrapvar=\"1\"\n\tdata-slider_nav=\"1\"\n\tdata-height=\"variable\"\n\t\t>\n\t<div class=\"tf_swiper-wrapper tf_lazy tf_rel tf_w tf_h tf_textc\">\n\t\t\t\t\t<div class=\"tf_swiper-slide\">\n\t\t\t<div class=\"slide-inner-wrap\">\n\t\t\t\t<div class=\"tf_lazy slide-image gallery-icon\"><img loading=\"lazy\" decoding=\"async\" src=\"https:\/\/visitaluksne.lv\/wp-content\/uploads\/2021\/03\/1.-Aluksnes-ezers-600x600.jpg\" width=\"600\" height=\"600\" class=\"wp-post-image wp-image-14694\" title=\"Lake Al\u016bksne\" data-tf-not-load=\"1\" alt=\"Lake Al\u016bksne\">\t\t\t\t<\/div>\n\t\t\t\t\t\t\t<\/div><\/div>\n\t\t\t\t\t<div class=\"tf_swiper-slide\">\n\t\t\t<div class=\"slide-inner-wrap\">\n\t\t\t\t<div class=\"tf_lazy slide-image gallery-icon\"><img loading=\"lazy\" decoding=\"async\" src=\"https:\/\/visitaluksne.lv\/wp-content\/uploads\/2021\/03\/3.-Aluksnes-profitroli-600x600.jpg\" width=\"600\" height=\"600\" class=\"wp-post-image wp-image-14702\" title=\"Profitro\u013ci\" data-tf-not-load=\"1\" alt=\"Profitro\u013ci\">\t\t\t\t<\/div>\n\t\t\t\t\t\t\t<\/div><\/div>\n\t\t\t\t\t<div class=\"tf_swiper-slide\">\n\t\t\t<div class=\"slide-inner-wrap\">\n\t\t\t\t<div class=\"tf_lazy slide-image gallery-icon\"><img loading=\"lazy\" decoding=\"async\" src=\"https:\/\/visitaluksne.lv\/wp-content\/uploads\/2021\/03\/4.-Naksniga-Aluksne-600x600.jpg\" width=\"600\" height=\"600\" class=\"wp-post-image wp-image-14706\" title=\"Al\u016bksne in Night\" data-tf-not-load=\"1\" alt=\"Al\u016bksne in Night\">\t\t\t\t<\/div>\n\t\t\t\t\t\t\t<\/div><\/div>\n\t\t\t<\/div>\n<\/div>\n            <\/div>\n    <\/div>\n<!-- \/module gallery -->\t\t\t\t<\/div><!-- .tb-column-inner -->\n\t\t\t\t\t\t<\/div><!-- .module_column -->\n\t\t\t\t\t<div  data-lazy=\"1\" class=\"module_column tb-column col4-2 tb_jgda820 last\">\n\t\t\t\t\t\t\t\t\t<div class=\"tb-column-inner tf_box tf_w\">\n\t\t\t\t<!-- module fancy heading -->\n<div  class=\"module module-fancy-heading tb_m29u820 \" data-lazy=\"1\">\n\t    <h2 class=\"fancy-heading tf_textl\">\n    <span class=\"main-head tf_block\">\n\t\t\t\t\tEasy reading\t\t    <\/span>\n\n\t\n    <span class=\"sub-head tf_block tf_rel\">\n\t\t\t\t\t\t\t    <\/span>\n    <\/h2>\n<\/div>\n<!-- \/module fancy heading -->\n<!-- module text -->\n<div  class=\"module module-text tb_qho9820   \" data-lazy=\"1\">\n        <div  class=\"tb_text_wrap\">\n    <p><strong>Where is Al\u016bksne region located?<\/strong><\/p>\r\n<p>Al\u016bksne region is located in the Northeast of Latvia, on the border of Estonia and Russia. The border with Russia is also External Border of the European Union&#8217;s .<\/p>\r\n<p><strong>How to get to Al\u016bksne?<\/strong><\/p>\r\n<p>The cenre of the region is Al\u016bksne city. The distance from the capital R\u012bga to Al\u016bksne is 200 km. You can get here by car or public transport. Buses from Riga run several times a day.<\/p>\r\n<p><strong>What to see in Al\u016bksne region?<br \/><\/strong><\/p>\r\n<p>The favorite places for tourists are:<\/p>\r\n<p style=\"padding-left: 40px;\">Al\u016bksne New Palace and the Manor Park<br \/>\r\nLake Al\u016bksne<br \/>\r\nAl\u016bksne B\u0101n\u012btis station and the Narrow-gauge train B\u0101n\u012btis<br \/>\r\nGl\u00fcck Oaks and the Bible Museum<br \/>\r\nProtected landscape area &#8220;Veclaicene&#8221;<\/p>\r\n<p><strong>Where to eat in Al\u016bksne region?<br \/>\r\n<\/strong><\/p><p>Delicious food can be enjoyed in:<\/p><p style=\"padding-left: 40px;\">Restaurants<br \/>\r\nCafes<br \/>\r\nBistro<br \/>\r\nPizzerias<br \/>\r\nBurger- cafes<\/p>\r\n<p><strong>Where to stay in Al\u016bksne region?<br \/><\/strong><\/p>\r\n<p>In and around the city you can stay in:<\/p>\r\n<p style=\"padding-left: 40px;\">Hotels<br \/>\r\nGuest houses<br \/>\r\nCampervan and tent places<br \/>\r\nApartments<\/p>\r\n<p><strong>Where to get tourist information?<\/strong><\/p>\r\n<p>Al\u016bksne Tourism information centre is located at 25A Pils Street, Al\u016bksne.<br \/>\r\nPhone numbers: <a href=\"tel:+37129130280\">+371 29130280<\/a>, <a href=\"tel:+37125442335\">+371 25442335<\/a><\/p>    <\/div>\n<\/div>\n<!-- \/module text -->\t\t\t\t<\/div><!-- .tb-column-inner -->\n\t\t\t\t\t\t<\/div><!-- .module_column -->\n\t\t\t\t\t\t<\/div><!-- .row_inner -->\n\t\t<\/div><!-- .module_row -->\n\t\t\t\t\t\t\t\t<!-- module_row -->\n\t\t<div  data-css_id=\"yh9c541\" data-lazy=\"1\" class=\"module_row themify_builder_row fullwidth tb_yh9c541 tf_w tf_clearfix\">\n\t\t\t\t\t<div class=\"row_inner col_align_top tb_col_count_1 tf_box tf_rel\">\n\t\t\t\t\t<div  data-lazy=\"1\" class=\"module_column tb-column col-full tb_b3l9541 first\">\n\t\t\t\t\t\t\t\t\t<div class=\"tb-column-inner tf_box tf_w\">\n\t\t\t\t<!-- module template_part -->\n<div  class=\"module module-layout-part tb_izff541 \">\n    <div class=\"tb_layout_part_wrap tf_w\">\n<!--themify_builder_content-->\n    <div  class=\"themify_builder_content themify_builder_content-8442 themify_builder not_editable_builder in_the_loop\" data-postid=\"8442\">\n        \t\t\t\t<!-- module_row -->\n\t\t<div  data-lazy=\"1\" class=\"module_row themify_builder_row tb_17d5916 tf_w tf_clearfix\">\n\t\t\t\t\t<div class=\"row_inner col_align_top tb_col_count_1 tf_box tf_rel\">\n\t\t\t\t\t<div  data-lazy=\"1\" class=\"module_column tb-column col-full tb_dmae917 first\">\n\t\t\t\t\t\t\t\t\t<div class=\"tb-column-inner tf_box tf_w\">\n\t\t\t\t<!-- module plain text -->\n<div  class=\"module module-plain-text tb_rx4o917 \" data-lazy=\"1\">\n        <div class=\"tb_text_wrap\">\n\t<button onclick=\"window.history.go(-1); return false;\"><img loading=\"lazy\" decoding=\"async\" src=\"https:\/\/visitaluksne.lv\/wp-content\/uploads\/2021\/03\/go-back.png\" alt=\"\" width=\"57\" height=\"25\" \/><\/button>    <\/div>\n<\/div>\n<!-- \/module plain text -->\t\t\t\t<\/div><!-- .tb-column-inner -->\n\t\t\t\t\t\t<\/div><!-- .module_column -->\n\t\t\t\t\t\t<\/div><!-- .row_inner -->\n\t\t<\/div><!-- .module_row -->\n\t\t\t\t    <\/div>\n<!--\/themify_builder_content-->\n<\/div>\n<\/div>\n<!-- \/module template_part -->\t\t\t\t<\/div><!-- .tb-column-inner -->\n\t\t\t\t\t\t<\/div><!-- .module_column -->\n\t\t\t\t\t\t<\/div><!-- .row_inner -->\n\t\t<\/div><!-- .module_row -->\n\t\t\t\t<\/div>\n<!--\/themify_builder_content-->\n","protected":false},"excerpt":{"rendered":"<p>Where is Al\u016bksne region located? Al\u016bksne region is located in the Northeast of Latvia, on the border of Estonia and Russia. The border with Russia is also External Border of the European Union&#8217;s . How to get to Al\u016bksne? The cenre of the region is Al\u016bksne city. The distance from the capital R\u012bga to Al\u016bksne [&hellip;]<\/p>\n","protected":false},"author":1,"featured_media":0,"parent":0,"menu_order":987,"comment_status":"closed","ping_status":"closed","template":"","meta":{"footnotes":""},"class_list":["post-14755","page","type-page","status-publish","hentry","has-post-title","has-post-date","has-post-category","has-post-tag","has-post-comment","has-post-author",""],"yoast_head":"<title>Easy reading - VisitAluksne<\/title>\n<meta name=\"robots\" content=\"index, follow, max-snippet:-1, max-image-preview:large, max-video-preview:-1\" \/>\n<link rel=\"canonical\" href=\"https:\/\/visitaluksne.lv\/en\/vieglilasit\/\" \/>\n<meta property=\"og:locale\" content=\"en_US\" \/>\n<meta property=\"og:type\" content=\"article\" \/>\n<meta property=\"og:title\" content=\"Easy reading - VisitAluksne\" \/>\n<meta property=\"og:description\" content=\"Where is Al\u016bksne region located? Al\u016bksne region is located in the Northeast of Latvia, on the border of Estonia and Russia. The border with Russia is also External Border of the European Union&#039;s . How to get to Al\u016bksne? The cenre of the region is Al\u016bksne city. The distance from the capital R\u012bga to Al\u016bksne [&hellip;]\" \/>\n<meta property=\"og:url\" content=\"https:\/\/visitaluksne.lv\/en\/vieglilasit\/\" \/>\n<meta property=\"og:site_name\" content=\"VisitAluksne\" \/>\n<meta property=\"article:publisher\" content=\"https:\/\/www.facebook.com\/visitaluksne\/\" \/>\n<meta property=\"article:modified_time\" content=\"2021-09-28T08:07:52+00:00\" \/>\n<meta property=\"og:image\" content=\"https:\/\/visitaluksne.lv\/wp-content\/uploads\/2021\/03\/VisitAluksne.png\" \/>\n\t<meta property=\"og:image:width\" content=\"240\" \/>\n\t<meta property=\"og:image:height\" content=\"100\" \/>\n\t<meta property=\"og:image:type\" content=\"image\/png\" \/>\n<meta name=\"twitter:card\" content=\"summary_large_image\" \/>\n<script type=\"application\/ld+json\" class=\"yoast-schema-graph\">{\"@context\":\"https:\\\/\\\/schema.org\",\"@graph\":[{\"@type\":\"WebPage\",\"@id\":\"https:\\\/\\\/visitaluksne.lv\\\/en\\\/vieglilasit\\\/\",\"url\":\"https:\\\/\\\/visitaluksne.lv\\\/en\\\/vieglilasit\\\/\",\"name\":\"Easy reading - VisitAluksne\",\"isPartOf\":{\"@id\":\"https:\\\/\\\/visitaluksne.lv\\\/en\\\/#website\"},\"datePublished\":\"2020-12-11T11:09:26+00:00\",\"dateModified\":\"2021-09-28T08:07:52+00:00\",\"breadcrumb\":{\"@id\":\"https:\\\/\\\/visitaluksne.lv\\\/en\\\/vieglilasit\\\/#breadcrumb\"},\"inLanguage\":\"en-US\",\"potentialAction\":[{\"@type\":\"ReadAction\",\"target\":[\"https:\\\/\\\/visitaluksne.lv\\\/en\\\/vieglilasit\\\/\"]}]},{\"@type\":\"BreadcrumbList\",\"@id\":\"https:\\\/\\\/visitaluksne.lv\\\/en\\\/vieglilasit\\\/#breadcrumb\",\"itemListElement\":[{\"@type\":\"ListItem\",\"position\":1,\"name\":\"Home\",\"item\":\"https:\\\/\\\/visitaluksne.lv\\\/en\\\/\"},{\"@type\":\"ListItem\",\"position\":2,\"name\":\"Easy reading\"}]},{\"@type\":\"WebSite\",\"@id\":\"https:\\\/\\\/visitaluksne.lv\\\/en\\\/#website\",\"url\":\"https:\\\/\\\/visitaluksne.lv\\\/en\\\/\",\"name\":\"VisitAluksne\",\"description\":\"\",\"publisher\":{\"@id\":\"https:\\\/\\\/visitaluksne.lv\\\/en\\\/#organization\"},\"potentialAction\":[{\"@type\":\"SearchAction\",\"target\":{\"@type\":\"EntryPoint\",\"urlTemplate\":\"https:\\\/\\\/visitaluksne.lv\\\/en\\\/?s={search_term_string}\"},\"query-input\":{\"@type\":\"PropertyValueSpecification\",\"valueRequired\":true,\"valueName\":\"search_term_string\"}}],\"inLanguage\":\"en-US\"},{\"@type\":\"Organization\",\"@id\":\"https:\\\/\\\/visitaluksne.lv\\\/en\\\/#organization\",\"name\":\"Al\u016bksnes T\u016brisma inform\u0101cijas centrs\",\"url\":\"https:\\\/\\\/visitaluksne.lv\\\/en\\\/\",\"logo\":{\"@type\":\"ImageObject\",\"inLanguage\":\"en-US\",\"@id\":\"https:\\\/\\\/visitaluksne.lv\\\/en\\\/#\\\/schema\\\/logo\\\/image\\\/\",\"url\":\"https:\\\/\\\/visitaluksne.lv\\\/wp-content\\\/uploads\\\/2021\\\/03\\\/VisitAluksne.png\",\"contentUrl\":\"https:\\\/\\\/visitaluksne.lv\\\/wp-content\\\/uploads\\\/2021\\\/03\\\/VisitAluksne.png\",\"width\":240,\"height\":100,\"caption\":\"Al\u016bksnes T\u016brisma inform\u0101cijas centrs\"},\"image\":{\"@id\":\"https:\\\/\\\/visitaluksne.lv\\\/en\\\/#\\\/schema\\\/logo\\\/image\\\/\"},\"sameAs\":[\"https:\\\/\\\/www.facebook.com\\\/visitaluksne\\\/\",\"https:\\\/\\\/www.instagram.com\\\/visitaluksne\\\/\"]}]}<\/script>","yoast_head_json":{"title":"Easy reading - VisitAluksne","robots":{"index":"index","follow":"follow","max-snippet":"max-snippet:-1","max-image-preview":"max-image-preview:large","max-video-preview":"max-video-preview:-1"},"canonical":"https:\/\/visitaluksne.lv\/en\/vieglilasit\/","og_locale":"en_US","og_type":"article","og_title":"Easy reading - VisitAluksne","og_description":"Where is Al\u016bksne region located? Al\u016bksne region is located in the Northeast of Latvia, on the border of Estonia and Russia. The border with Russia is also External Border of the European Union's . How to get to Al\u016bksne? The cenre of the region is Al\u016bksne city. The distance from the capital R\u012bga to Al\u016bksne [&hellip;]","og_url":"https:\/\/visitaluksne.lv\/en\/vieglilasit\/","og_site_name":"VisitAluksne","article_publisher":"https:\/\/www.facebook.com\/visitaluksne\/","article_modified_time":"2021-09-28T08:07:52+00:00","og_image":[{"width":240,"height":100,"url":"https:\/\/visitaluksne.lv\/wp-content\/uploads\/2021\/03\/VisitAluksne.png","type":"image\/png"}],"twitter_card":"summary_large_image","schema":{"@context":"https:\/\/schema.org","@graph":[{"@type":"WebPage","@id":"https:\/\/visitaluksne.lv\/en\/vieglilasit\/","url":"https:\/\/visitaluksne.lv\/en\/vieglilasit\/","name":"Easy reading - VisitAluksne","isPartOf":{"@id":"https:\/\/visitaluksne.lv\/en\/#website"},"datePublished":"2020-12-11T11:09:26+00:00","dateModified":"2021-09-28T08:07:52+00:00","breadcrumb":{"@id":"https:\/\/visitaluksne.lv\/en\/vieglilasit\/#breadcrumb"},"inLanguage":"en-US","potentialAction":[{"@type":"ReadAction","target":["https:\/\/visitaluksne.lv\/en\/vieglilasit\/"]}]},{"@type":"BreadcrumbList","@id":"https:\/\/visitaluksne.lv\/en\/vieglilasit\/#breadcrumb","itemListElement":[{"@type":"ListItem","position":1,"name":"Home","item":"https:\/\/visitaluksne.lv\/en\/"},{"@type":"ListItem","position":2,"name":"Easy reading"}]},{"@type":"WebSite","@id":"https:\/\/visitaluksne.lv\/en\/#website","url":"https:\/\/visitaluksne.lv\/en\/","name":"VisitAluksne","description":"","publisher":{"@id":"https:\/\/visitaluksne.lv\/en\/#organization"},"potentialAction":[{"@type":"SearchAction","target":{"@type":"EntryPoint","urlTemplate":"https:\/\/visitaluksne.lv\/en\/?s={search_term_string}"},"query-input":{"@type":"PropertyValueSpecification","valueRequired":true,"valueName":"search_term_string"}}],"inLanguage":"en-US"},{"@type":"Organization","@id":"https:\/\/visitaluksne.lv\/en\/#organization","name":"Al\u016bksnes T\u016brisma inform\u0101cijas centrs","url":"https:\/\/visitaluksne.lv\/en\/","logo":{"@type":"ImageObject","inLanguage":"en-US","@id":"https:\/\/visitaluksne.lv\/en\/#\/schema\/logo\/image\/","url":"https:\/\/visitaluksne.lv\/wp-content\/uploads\/2021\/03\/VisitAluksne.png","contentUrl":"https:\/\/visitaluksne.lv\/wp-content\/uploads\/2021\/03\/VisitAluksne.png","width":240,"height":100,"caption":"Al\u016bksnes T\u016brisma inform\u0101cijas centrs"},"image":{"@id":"https:\/\/visitaluksne.lv\/en\/#\/schema\/logo\/image\/"},"sameAs":["https:\/\/www.facebook.com\/visitaluksne\/","https:\/\/www.instagram.com\/visitaluksne\/"]}]}},"_links":{"self":[{"href":"https:\/\/visitaluksne.lv\/en\/wp-json\/wp\/v2\/pages\/14755","targetHints":{"allow":["GET"]}}],"collection":[{"href":"https:\/\/visitaluksne.lv\/en\/wp-json\/wp\/v2\/pages"}],"about":[{"href":"https:\/\/visitaluksne.lv\/en\/wp-json\/wp\/v2\/types\/page"}],"author":[{"embeddable":true,"href":"https:\/\/visitaluksne.lv\/en\/wp-json\/wp\/v2\/users\/1"}],"replies":[{"embeddable":true,"href":"https:\/\/visitaluksne.lv\/en\/wp-json\/wp\/v2\/comments?post=14755"}],"version-history":[{"count":0,"href":"https:\/\/visitaluksne.lv\/en\/wp-json\/wp\/v2\/pages\/14755\/revisions"}],"wp:attachment":[{"href":"https:\/\/visitaluksne.lv\/en\/wp-json\/wp\/v2\/media?parent=14755"}],"curies":[{"name":"wp","href":"https:\/\/api.w.org\/{rel}","templated":true}]}}