{"id":21412,"date":"2022-06-09T11:11:55","date_gmt":"2022-06-09T08:11:55","guid":{"rendered":"https:\/\/visitaluksne.lv\/privatuma-politika-2\/"},"modified":"2022-09-08T14:50:27","modified_gmt":"2022-09-08T11:50:27","slug":"privatumapolitika","status":"publish","type":"page","link":"https:\/\/visitaluksne.lv\/en\/privatumapolitika\/","title":{"rendered":"Privacy Policy"},"content":{"rendered":"<!--themify_builder_content-->\n<div id=\"themify_builder_content-21412\" data-postid=\"21412\" class=\"themify_builder_content themify_builder_content-21412 themify_builder tf_clear\">\n    \t\t\t\t<!-- module_row -->\n\t\t<div  data-lazy=\"1\" class=\"module_row themify_builder_row tb_x7xd298 tb_first tf_w tf_clearfix\">\n\t\t\t\t\t<div class=\"row_inner col_align_top tb_col_count_1 tf_box tf_rel\">\n\t\t\t\t\t<div  data-lazy=\"1\" class=\"module_column tb-column col-full tb_4q8z300 first\">\n\t\t\t\t\t\t\t\t\t<div class=\"tb-column-inner tf_box tf_w\">\n\t\t\t\t<!-- module fancy heading -->\n<div  class=\"module module-fancy-heading tb_flp9301 \" data-lazy=\"1\">\n\t    <h1 class=\"fancy-heading tf_textc\">\n    <span class=\"main-head tf_block\">\n\t\t\t\t\tPrivacy Policy\t\t    <\/span>\n\n\t\n    <span class=\"sub-head tf_block tf_rel\">\n\t\t\t\t\tAL\u016aKSNE MUNICIPALITY\t\t    <\/span>\n    <\/h1>\n<\/div>\n<!-- \/module fancy heading -->\n<!-- module text -->\n<div  class=\"module module-text tb_6j6k304   \" data-lazy=\"1\">\n        <div  class=\"tb_text_wrap\">\n    <p> <! - wp: heading -> <\/p> <p style = \"text-align: center;\"> <strong> Al\u016bksne Tourist Information Center Home Page <\/strong> <\/p> <p style = \"text-align: center;\"> <strong> VISITALUKSNE.LV (the \u201cSERVICE\u201d). <\/strong> <\/p> <p> We inform you about our data collection policy regarding personal data. <br \/> By using the Service, you consent to the collection and use of your information in accordance with this policy. <br \/> We undertake to ensure the protection of personal data in accordance with the REGULATION OF THE EUROPEAN PARLIAMENT AND OF THE COUNCIL ( EU) 2016\/679 On the protection of individuals with regard to the processing of personal data and on the free movement of such data and repealing Directive 95\/46 \/ EC (General Data Protection Regulation). <br \/> The owner, controller and maintainer of the service is Al\u016bksne municipality (legal address: D\u0101rza Street 11, Al\u016bksne, LV-4301, Latvia). <\/p> <p> <strong> COLLECTION AND USE OF INFORMATION <\/strong> <\/p> <p> We collect We provide several types of information for different purposes. It helps us provide and improve the Service. All data is encrypted and sent via SSL. The service also includes automatic data processing. Data is stored for at least three years. <\/p> <p> <strong> PERSONAL DATA <\/strong> <\/p> <p> When using our Service, we may ask you to provide certain information that can be used to contact or identify you. you (\u201cPersonal Information\u201d). The personal data requested may include, but is not limited to: <\/p> <ul> <li> Name or username; <\/li> <li> Email address; <\/li> <li> Location and information about the places you visit. <\/li> <\/ul> <p> <strong> &#8220;Personal information is required to sign a distance contract.&#8221; <\/strong> <\/p> <p> <strong> USER DETAILS <\/strong> <\/p><p> Using the Service from a mobile device will collect usage data. For example, the model of mobile device used, the unique ID of the device, the IP address, the operating system, the type of mobile Internet, the browser, and other diagnostic information. <\/p> <p> <strong> TRACKING AND COOKIE DATA <\/strong> <\/p>We use cookies and similar technologies to track activity on our Service. Also to store certain information. <br \/> Cookies are small files that may contain an anonymous unique identifier. Cookies are sent to your browser from a website and stored on your device. <\/p> <p> We use Google Analytics to improve the quality of your content and to make it more user-friendly. During your visit, we obtain an IP address and anonymous information about your actions in the application &#8211; before sending this information to Google, your IP address is anonymised. <\/p> <p> You may refuse the use of cookies or let your browser indicate when a cookie is sent. If you opt out of the use of cookies, you may not be able to use some parts of our Service. <\/p> <p> The Service uses the data collected for a variety of purposes: <\/p> <ul> <li> Providing and maintaining the Service; <\/li> <li > Provide analysis or valuable information to help us improve the Service; <\/li> <li> Analyze user activity by location, time, search history, places visited; <\/li> <li> Provide user support; <\/li> <li> Monitor service usage; <\/li> <li> The application includes Fabric and Firebase (analytics and troubleshooting tools). <\/li> <li>These services have access to anonymous usage data; <\/li> <li> To verify and verify user profile information; <\/li> <li> Notify you of changes to our service. <\/li> <\/ul> <p> <strong > DATA TRANSFER <\/strong> <\/p> <p> Your information, including personal data, may be transferred and stored on computers outside of your country, province, state or other jurisdiction if data protection laws may differ from your jurisdiction. <br \/> By agreeing to this privacy policy, you agree also for such data transmission. <br \/> The Service will take all reasonable steps to ensure that your data is processed securely. <br \/> In accordance with this Privacy Policy, personal data will not be transferred to any organization or country unless we are satisfied that the data will be processed. is used very secure. <\/p> <p> <strong> DATA DISCLOSURE <\/strong> <\/p> <p> The Service may disclose your personal information when it is deemed necessary to: <\/p> <ul> <li> Comply with legal obligations; <\/li> <li> Protect and defend the rights or property of the Service; <\/li> <li> Prevent or investigate possible violations of the Service; <\/li> <li> Protect the Service personal security of users; <\/li> <li> To protect against legal liability.<\/li> <\/ul> <p> <strong> DATA SECURITY <\/strong> <\/p> <p> The security of your data is important to us. However, keep in mind that no method of data transfer or storage is 100% secure. We strive to use commercially reasonable means to protect your personal information, but we cannot guarantee its absolute security. <\/p> <p> You have the right to request the deletion of your personal information and to receive and file claims and objections in accordance with applicable law. provisions of national law. The user of the service can submit a complaint to the Latvian Data State Inspectorate (info@dvi.gov.lv). <\/p> <p> To exercise your rights, please contact us using the contact information below. You can request that the information be deleted by sending an email to tic@aluksne.lv and specifying the data to be deleted. <\/p> <p> <strong> SERVICE PROVIDERS <\/strong> <\/p> <p> We may employ third party companies and individuals, (\u201cService Providers\u201d) to provide the Service on our behalf or to assist us in analyzing how our service is used. <br \/> These third parties may only access your personal information to perform these tasks on our behalf and are obligated to do not disclose or use it for any other purpose. <\/p> <p> <strong> LINKS TO OTHER SITES <\/strong> <\/p> <p> Our service may contain links to other sites that we do not use. If you click on a third-party link, you will be redirected to that third-party site. We encourage you to review the privacy policies of each site you visit. <br \/> We do not control or take any responsibility for the content, privacy policies, or practices of third-party sites or services. <\/p> <p> <strong> CHANGES TO THIS PRIVACY POLICY <\/strong> <\/p> <p> We may update our privacy policy. <br \/> We encourage you to periodically review this privacy policy for changes. <\/p> <p> <strong> CONTACT US <\/strong><p><\/p>If you have any questions about this privacy policy, please contact us at uldis.vitolins@gmail.com. <\/p> <p> <! - \/ wp: heading -> <\/p>    <\/div>\n<\/div>\n<!-- \/module text --><!-- module template_part -->\n<div  class=\"module module-layout-part tb_smwa306 \">\n    <div class=\"tb_layout_part_wrap tf_w\">\n<!--themify_builder_content-->\n    <div  class=\"themify_builder_content themify_builder_content-8442 themify_builder not_editable_builder in_the_loop\" data-postid=\"8442\">\n        \t\t\t\t<!-- module_row -->\n\t\t<div  data-lazy=\"1\" class=\"module_row themify_builder_row tb_17d5916 tf_w tf_clearfix\">\n\t\t\t\t\t<div class=\"row_inner col_align_top tb_col_count_1 tf_box tf_rel\">\n\t\t\t\t\t<div  data-lazy=\"1\" class=\"module_column tb-column col-full tb_dmae917 first\">\n\t\t\t\t\t\t\t\t\t<div class=\"tb-column-inner tf_box tf_w\">\n\t\t\t\t<!-- module plain text -->\n<div  class=\"module module-plain-text tb_rx4o917 \" data-lazy=\"1\">\n        <div class=\"tb_text_wrap\">\n\t<button onclick=\"window.history.go(-1); return false;\"><img loading=\"lazy\" decoding=\"async\" src=\"https:\/\/visitaluksne.lv\/wp-content\/uploads\/2021\/03\/go-back.png\" alt=\"\" width=\"57\" height=\"25\" \/><\/button>    <\/div>\n<\/div>\n<!-- \/module plain text -->\t\t\t\t<\/div><!-- .tb-column-inner -->\n\t\t\t\t\t\t<\/div><!-- .module_column -->\n\t\t\t\t\t\t<\/div><!-- .row_inner -->\n\t\t<\/div><!-- .module_row -->\n\t\t\t\t    <\/div>\n<!--\/themify_builder_content-->\n<\/div>\n<\/div>\n<!-- \/module template_part -->\t\t\t\t<\/div><!-- .tb-column-inner -->\n\t\t\t\t\t\t<\/div><!-- .module_column -->\n\t\t\t\t\t\t<\/div><!-- .row_inner -->\n\t\t<\/div><!-- .module_row -->\n\t\t\t\t<\/div>\n<!--\/themify_builder_content-->\n","protected":false},"excerpt":{"rendered":"<p>Al\u016bksne Tourist Information Center Home Page VISITALUKSNE.LV (the \u201cSERVICE\u201d). We inform you about our data collection policy regarding personal data. By using the Service, you consent to the collection and use of your information in accordance with this policy. We undertake to ensure the protection of personal data in accordance with the REGULATION OF THE [&hellip;]<\/p>\n","protected":false},"author":1,"featured_media":0,"parent":0,"menu_order":0,"comment_status":"closed","ping_status":"closed","template":"","meta":{"footnotes":""},"class_list":["post-21412","page","type-page","status-publish","hentry","has-post-title","has-post-date","has-post-category","has-post-tag","has-post-comment","has-post-author",""],"yoast_head":"<title>Privacy Policy - VisitAluksne<\/title>\n<meta name=\"description\" content=\"By using the Service, you consent to the collection and use of information in accordance with this policy.\" \/>\n<meta name=\"robots\" content=\"index, follow, max-snippet:-1, max-image-preview:large, max-video-preview:-1\" \/>\n<link rel=\"canonical\" href=\"https:\/\/visitaluksne.lv\/en\/privatumapolitika\/\" \/>\n<meta property=\"og:locale\" content=\"en_US\" \/>\n<meta property=\"og:type\" content=\"article\" \/>\n<meta property=\"og:title\" content=\"Privacy Policy - VisitAluksne\" \/>\n<meta property=\"og:description\" content=\"By using the Service, you consent to the collection and use of information in accordance with this policy.\" \/>\n<meta property=\"og:url\" content=\"https:\/\/visitaluksne.lv\/en\/privatumapolitika\/\" \/>\n<meta property=\"og:site_name\" content=\"VisitAluksne\" \/>\n<meta property=\"article:publisher\" content=\"https:\/\/www.facebook.com\/visitaluksne\/\" \/>\n<meta property=\"article:modified_time\" content=\"2022-09-08T11:50:27+00:00\" \/>\n<meta property=\"og:image\" content=\"https:\/\/visitaluksne.lv\/wp-content\/uploads\/2021\/03\/VisitAluksne.png\" \/>\n\t<meta property=\"og:image:width\" content=\"240\" \/>\n\t<meta property=\"og:image:height\" content=\"100\" \/>\n\t<meta property=\"og:image:type\" content=\"image\/png\" \/>\n<meta name=\"twitter:card\" content=\"summary_large_image\" \/>\n<script type=\"application\/ld+json\" class=\"yoast-schema-graph\">{\"@context\":\"https:\\\/\\\/schema.org\",\"@graph\":[{\"@type\":\"WebPage\",\"@id\":\"https:\\\/\\\/visitaluksne.lv\\\/en\\\/privatumapolitika\\\/\",\"url\":\"https:\\\/\\\/visitaluksne.lv\\\/en\\\/privatumapolitika\\\/\",\"name\":\"Privacy Policy - VisitAluksne\",\"isPartOf\":{\"@id\":\"https:\\\/\\\/visitaluksne.lv\\\/en\\\/#website\"},\"datePublished\":\"2022-06-09T08:11:55+00:00\",\"dateModified\":\"2022-09-08T11:50:27+00:00\",\"description\":\"By using the Service, you consent to the collection and use of information in accordance with this policy.\",\"breadcrumb\":{\"@id\":\"https:\\\/\\\/visitaluksne.lv\\\/en\\\/privatumapolitika\\\/#breadcrumb\"},\"inLanguage\":\"en-US\",\"potentialAction\":[{\"@type\":\"ReadAction\",\"target\":[\"https:\\\/\\\/visitaluksne.lv\\\/en\\\/privatumapolitika\\\/\"]}]},{\"@type\":\"BreadcrumbList\",\"@id\":\"https:\\\/\\\/visitaluksne.lv\\\/en\\\/privatumapolitika\\\/#breadcrumb\",\"itemListElement\":[{\"@type\":\"ListItem\",\"position\":1,\"name\":\"Home\",\"item\":\"https:\\\/\\\/visitaluksne.lv\\\/en\\\/\"},{\"@type\":\"ListItem\",\"position\":2,\"name\":\"Privacy Policy\"}]},{\"@type\":\"WebSite\",\"@id\":\"https:\\\/\\\/visitaluksne.lv\\\/en\\\/#website\",\"url\":\"https:\\\/\\\/visitaluksne.lv\\\/en\\\/\",\"name\":\"VisitAluksne\",\"description\":\"\",\"publisher\":{\"@id\":\"https:\\\/\\\/visitaluksne.lv\\\/en\\\/#organization\"},\"potentialAction\":[{\"@type\":\"SearchAction\",\"target\":{\"@type\":\"EntryPoint\",\"urlTemplate\":\"https:\\\/\\\/visitaluksne.lv\\\/en\\\/?s={search_term_string}\"},\"query-input\":{\"@type\":\"PropertyValueSpecification\",\"valueRequired\":true,\"valueName\":\"search_term_string\"}}],\"inLanguage\":\"en-US\"},{\"@type\":\"Organization\",\"@id\":\"https:\\\/\\\/visitaluksne.lv\\\/en\\\/#organization\",\"name\":\"Al\u016bksnes T\u016brisma inform\u0101cijas centrs\",\"url\":\"https:\\\/\\\/visitaluksne.lv\\\/en\\\/\",\"logo\":{\"@type\":\"ImageObject\",\"inLanguage\":\"en-US\",\"@id\":\"https:\\\/\\\/visitaluksne.lv\\\/en\\\/#\\\/schema\\\/logo\\\/image\\\/\",\"url\":\"https:\\\/\\\/visitaluksne.lv\\\/wp-content\\\/uploads\\\/2021\\\/03\\\/VisitAluksne.png\",\"contentUrl\":\"https:\\\/\\\/visitaluksne.lv\\\/wp-content\\\/uploads\\\/2021\\\/03\\\/VisitAluksne.png\",\"width\":240,\"height\":100,\"caption\":\"Al\u016bksnes T\u016brisma inform\u0101cijas centrs\"},\"image\":{\"@id\":\"https:\\\/\\\/visitaluksne.lv\\\/en\\\/#\\\/schema\\\/logo\\\/image\\\/\"},\"sameAs\":[\"https:\\\/\\\/www.facebook.com\\\/visitaluksne\\\/\",\"https:\\\/\\\/www.instagram.com\\\/visitaluksne\\\/\"]}]}<\/script>","yoast_head_json":{"title":"Privacy Policy - VisitAluksne","description":"By using the Service, you consent to the collection and use of information in accordance with this policy.","robots":{"index":"index","follow":"follow","max-snippet":"max-snippet:-1","max-image-preview":"max-image-preview:large","max-video-preview":"max-video-preview:-1"},"canonical":"https:\/\/visitaluksne.lv\/en\/privatumapolitika\/","og_locale":"en_US","og_type":"article","og_title":"Privacy Policy - VisitAluksne","og_description":"By using the Service, you consent to the collection and use of information in accordance with this policy.","og_url":"https:\/\/visitaluksne.lv\/en\/privatumapolitika\/","og_site_name":"VisitAluksne","article_publisher":"https:\/\/www.facebook.com\/visitaluksne\/","article_modified_time":"2022-09-08T11:50:27+00:00","og_image":[{"width":240,"height":100,"url":"https:\/\/visitaluksne.lv\/wp-content\/uploads\/2021\/03\/VisitAluksne.png","type":"image\/png"}],"twitter_card":"summary_large_image","schema":{"@context":"https:\/\/schema.org","@graph":[{"@type":"WebPage","@id":"https:\/\/visitaluksne.lv\/en\/privatumapolitika\/","url":"https:\/\/visitaluksne.lv\/en\/privatumapolitika\/","name":"Privacy Policy - VisitAluksne","isPartOf":{"@id":"https:\/\/visitaluksne.lv\/en\/#website"},"datePublished":"2022-06-09T08:11:55+00:00","dateModified":"2022-09-08T11:50:27+00:00","description":"By using the Service, you consent to the collection and use of information in accordance with this policy.","breadcrumb":{"@id":"https:\/\/visitaluksne.lv\/en\/privatumapolitika\/#breadcrumb"},"inLanguage":"en-US","potentialAction":[{"@type":"ReadAction","target":["https:\/\/visitaluksne.lv\/en\/privatumapolitika\/"]}]},{"@type":"BreadcrumbList","@id":"https:\/\/visitaluksne.lv\/en\/privatumapolitika\/#breadcrumb","itemListElement":[{"@type":"ListItem","position":1,"name":"Home","item":"https:\/\/visitaluksne.lv\/en\/"},{"@type":"ListItem","position":2,"name":"Privacy Policy"}]},{"@type":"WebSite","@id":"https:\/\/visitaluksne.lv\/en\/#website","url":"https:\/\/visitaluksne.lv\/en\/","name":"VisitAluksne","description":"","publisher":{"@id":"https:\/\/visitaluksne.lv\/en\/#organization"},"potentialAction":[{"@type":"SearchAction","target":{"@type":"EntryPoint","urlTemplate":"https:\/\/visitaluksne.lv\/en\/?s={search_term_string}"},"query-input":{"@type":"PropertyValueSpecification","valueRequired":true,"valueName":"search_term_string"}}],"inLanguage":"en-US"},{"@type":"Organization","@id":"https:\/\/visitaluksne.lv\/en\/#organization","name":"Al\u016bksnes T\u016brisma inform\u0101cijas centrs","url":"https:\/\/visitaluksne.lv\/en\/","logo":{"@type":"ImageObject","inLanguage":"en-US","@id":"https:\/\/visitaluksne.lv\/en\/#\/schema\/logo\/image\/","url":"https:\/\/visitaluksne.lv\/wp-content\/uploads\/2021\/03\/VisitAluksne.png","contentUrl":"https:\/\/visitaluksne.lv\/wp-content\/uploads\/2021\/03\/VisitAluksne.png","width":240,"height":100,"caption":"Al\u016bksnes T\u016brisma inform\u0101cijas centrs"},"image":{"@id":"https:\/\/visitaluksne.lv\/en\/#\/schema\/logo\/image\/"},"sameAs":["https:\/\/www.facebook.com\/visitaluksne\/","https:\/\/www.instagram.com\/visitaluksne\/"]}]}},"_links":{"self":[{"href":"https:\/\/visitaluksne.lv\/en\/wp-json\/wp\/v2\/pages\/21412","targetHints":{"allow":["GET"]}}],"collection":[{"href":"https:\/\/visitaluksne.lv\/en\/wp-json\/wp\/v2\/pages"}],"about":[{"href":"https:\/\/visitaluksne.lv\/en\/wp-json\/wp\/v2\/types\/page"}],"author":[{"embeddable":true,"href":"https:\/\/visitaluksne.lv\/en\/wp-json\/wp\/v2\/users\/1"}],"replies":[{"embeddable":true,"href":"https:\/\/visitaluksne.lv\/en\/wp-json\/wp\/v2\/comments?post=21412"}],"version-history":[{"count":0,"href":"https:\/\/visitaluksne.lv\/en\/wp-json\/wp\/v2\/pages\/21412\/revisions"}],"wp:attachment":[{"href":"https:\/\/visitaluksne.lv\/en\/wp-json\/wp\/v2\/media?parent=21412"}],"curies":[{"name":"wp","href":"https:\/\/api.w.org\/{rel}","templated":true}]}}