{"id":23769,"date":"2022-09-15T15:29:44","date_gmt":"2022-09-15T12:29:44","guid":{"rendered":"https:\/\/visitaluksne.lv\/?page_id=23769"},"modified":"2022-09-15T16:35:41","modified_gmt":"2022-09-15T13:35:41","slug":"cookiepolicy","status":"publish","type":"page","link":"https:\/\/visitaluksne.lv\/en\/cookiepolicy\/","title":{"rendered":"Cookie policy"},"content":{"rendered":"<!--themify_builder_content-->\n<div id=\"themify_builder_content-23769\" data-postid=\"23769\" class=\"themify_builder_content themify_builder_content-23769 themify_builder tf_clear\">\n    \t\t\t\t<!-- module_row -->\n\t\t<div  data-css_id=\"7vdi772\" data-lazy=\"1\" class=\"module_row themify_builder_row fullwidth tb_7vdi772 tb_first tf_w tf_clearfix\">\n\t\t\t\t\t<div class=\"row_inner col_align_top tb_col_count_1 tf_box tf_rel\">\n\t\t\t\t\t<div  data-lazy=\"1\" class=\"module_column tb-column col-full tb_r3ui772 first\">\n\t\t\t\t\t\t\t\t\t<div class=\"tb-column-inner tf_box tf_w\">\n\t\t\t\t\t\t<div  data-lazy=\"1\" class=\"module_subrow themify_builder_sub_row tb_6hxy772 tf_w tf_clearfix\">\n\t\t\t\t\t<div class=\"subrow_inner gutter-none col_align_top tb_col_count_2 tf_box tf_w\">\n\t\t\t\t\t<div  data-lazy=\"1\" class=\"module_column sub_column col4-3 tb_sglz772 first\">\n\t\t\t\t\t\t\t\t\t<div class=\"tb-column-inner tf_box tf_w\">\n\t\t\t\t<!-- module fancy heading -->\n<div  class=\"module module-fancy-heading tb_hvos772  inline-fancy-heading tb_hide_divider\" data-lazy=\"1\">\n\t    <h1 class=\"fancy-heading tf_textc\">\n    <span class=\"main-head tf_inline_b\">\n\t\t\t\t\tCookie policy\t\t    <\/span>\n\n\t\n    <span class=\"sub-head tf_inline_b tf_rel\">\n\t\t\t\t\t\t\t    <\/span>\n    <\/h1>\n<\/div>\n<!-- \/module fancy heading -->\n\t\t\t\t<\/div><!-- .tb-column-inner -->\n\t\t\t\t\t\t<\/div><!-- .module_column -->\n\t\t\t\t\t<div  data-lazy=\"1\" class=\"module_column sub_column col4-1 tb_l5ni772 last\">\n\t\t\t\t\t\t\t\t\t<div class=\"tb-column-inner tf_box tf_w\">\n\t\t\t\t<!-- module buttons -->\n<div  class=\"module module-buttons tb_bpx1772 buttons-horizontal solid  large buttons-fullwidth\" data-lazy=\"1\">\n\t\t<div class=\"module-buttons-item tf_inline_b\">\n\t\t\t\t\t\t\t\t<em class=\"tf_inline_b tf_vmiddle\"><svg  class=\"tf_fa tf-fas-bookmark\" aria-hidden=\"true\"><use href=\"#tf-fas-bookmark\"><\/use><\/svg><\/em>\t\t\t\t\t\t\t<span class=\"tf_inline_b tf_vmiddle\"><\/span>\n\t\t\t\t\t\t\t\t\t\t<\/div>\n\t\t\t<\/div>\n<!-- \/module buttons -->\n\t\t\t\t<\/div><!-- .tb-column-inner -->\n\t\t\t\t\t\t<\/div><!-- .module_column -->\n\t\t\t\t\t\t<\/div><!-- .subrow_inner -->\n\t\t<\/div><!-- .themify_builder_sub_row -->\n\t\t\t\t\t\t\t\t<\/div><!-- .tb-column-inner -->\n\t\t\t\t\t\t<\/div><!-- .module_column -->\n\t\t\t\t\t\t<\/div><!-- .row_inner -->\n\t\t<\/div><!-- .module_row -->\n\t\t\t\t\t\t\t\t<!-- module_row -->\n\t\t<div  data-lazy=\"1\" class=\"module_row themify_builder_row tb_wmsy764 tf_w tf_clearfix\">\n\t\t\t\t\t<div class=\"row_inner col_align_top tb_col_count_1 tf_box tf_rel\">\n\t\t\t\t\t<div  data-lazy=\"1\" class=\"module_column tb-column col-full tb_ps2r765 first\">\n\t\t\t\t\t\t\t\t\t<div class=\"tb-column-inner tf_box tf_w\">\n\t\t\t\t<!-- module text -->\n<div  class=\"module module-text tb_s9md765   \" data-lazy=\"1\">\n        <div  class=\"tb_text_wrap\">\n    <div class=\"cli_pg_page_contaner\"><div class=\"cli_pg_page_contaner\"><h3>About this cookie policy.<\/h3><p>This Cookie Policy explains what cookies are and how we use them, the types of cookies we use i.e, the information we collect using cookies and how that information is used, and how to control the cookie preferences. For further information on how we use, store, and keep your personal data secure, see our Privacy Policy.<\/p><p>You can at any time change or withdraw your consent from the Cookie Declaration on our website<br \/>Learn more about who we are, how you can contact us, and how we process personal data in our Privacy Policy.<\/p><p>Your consent applies to the following domains: visitaluksne.lv<br \/><div class=\"cli_user_consent_state\">Your current state: No consent given. <a class=\"cli_manage_current_consent\" style=\"cursor:pointer;text-decoration:underline;\">Manage your consent.<\/a> <\/div><\/p><h3>What are cookies?<\/h3><p>Cookies are small text files that are used to store small pieces of information. They are stored on your device when the website is loaded on your browser. These cookies help us make the website function properly, make it more secure, provide better user experience, and understand how the website performs and to analyze what works and where it needs improvement.<\/p><h3>How do we use cookies?<\/h3><p>As most of the online services, our website uses first-party and third-party cookies for several purposes. First-party cookies are mostly necessary for the website to function the right way, and they do not collect any of your personally identifiable data.<\/p><p>The third-party cookies used on our website are mainly for understanding how the website performs, how you interact with our website, keeping our services secure, providing advertisements that are relevant to you, and all in all providing you with a better and improved user experience and help speed up your future interactions with our website.<\/p><h3>What types of cookies do we use?<\/h3><p><strong>Essential:<\/strong> Some cookies are essential for you to be able to experience the full functionality of our site. They allow us to maintain user sessions and prevent any security threats. They do not collect or store any personal information. For example, these cookies allow you to log-in to your account and add products to your basket, and checkout securely.<\/p><p><strong>Statistics:<\/strong> These cookies store information like the number of visitors to the website, the number of unique visitors, which pages of the website have been visited, the source of the visit, etc. These data help us understand and analyze how well the website performs and where it needs improvement.<\/p><p><strong>Marketing:<\/strong> Our website displays advertisements. These cookies are used to personalize the advertisements that we show to you so that they are meaningful to you. These cookies also help us keep track of the efficiency of these ad campaigns.<br \/>The information stored in these cookies may also be used by the third-party ad providers to show you ads on other websites on the browser as well.<\/p><p><strong>Functional:<\/strong> These are the cookies that help certain non-essential functionalities on our website. These functionalities include embedding content like videos or sharing content of the website on social media platforms.<\/p><p><strong>Preferences:<\/strong> These cookies help us store your settings and browsing preferences like language preferences so that you have a better and efficient experience on future visits to the website.<\/p><p>The below list details the cookies used in our website.<\/p><table class=\"cookielawinfo-row-cat-table cookielawinfo-classic\"><thead><tr><th class=\"cookielawinfo-column-1\">Cookie<\/th><th class=\"cookielawinfo-column-4\">Description<\/th><\/tr><\/thead><tbody><tr class=\"cookielawinfo-row\"><td class=\"cookielawinfo-column-1\">_ga<\/td><td class=\"cookielawinfo-column-4\">The _ga cookie, installed by Google Analytics, calculates visitor, session and campaign data and also keeps track of site usage for the site's analytics report. The cookie stores information anonymously and assigns a randomly generated number to recognize unique visitors.<\/td><\/tr><tr class=\"cookielawinfo-row\"><td class=\"cookielawinfo-column-1\">_ga_DL4X1MKTX5<\/td><td class=\"cookielawinfo-column-4\">This cookie is installed by Google Analytics.<\/td><\/tr><tr class=\"cookielawinfo-row\"><td class=\"cookielawinfo-column-1\">_gat_gtag_UA_64704733_1<\/td><td class=\"cookielawinfo-column-4\">Set by Google to distinguish users.<\/td><\/tr><tr class=\"cookielawinfo-row\"><td class=\"cookielawinfo-column-1\">_gid<\/td><td class=\"cookielawinfo-column-4\">Installed by Google Analytics, _gid cookie stores information on how visitors use a website, while also creating an analytics report of the website's performance. Some of the data that are collected include the number of visitors, their source, and the pages they visit anonymously.<\/td><\/tr><tr class=\"cookielawinfo-row\"><td class=\"cookielawinfo-column-1\">baltic_map_session<\/td><td class=\"cookielawinfo-column-4\">Allow open https:\/\/active.kartes.lv<\/td><\/tr><tr class=\"cookielawinfo-row\"><td class=\"cookielawinfo-column-1\">CONSENT<\/td><td class=\"cookielawinfo-column-4\">YouTube sets this cookie via embedded youtube-videos and registers anonymous statistical data.<\/td><\/tr><tr class=\"cookielawinfo-row\"><td class=\"cookielawinfo-column-1\">cookielawinfo-checkbox-analitika<\/td><td class=\"cookielawinfo-column-4\">Set by the GDPR Cookie Consent plugin to store the user consent for cookies in the category \"Analytics\".<\/td><\/tr><tr class=\"cookielawinfo-row\"><td class=\"cookielawinfo-column-1\">cookielawinfo-checkbox-cits<\/td><td class=\"cookielawinfo-column-4\">This cookie is set by GDPR Cookie Consent plugin. The cookie is used to store the user consent for the cookies in the category \"Other\".<\/td><\/tr><tr class=\"cookielawinfo-row\"><td class=\"cookielawinfo-column-1\">cookielawinfo-checkbox-funkcionalitate<\/td><td class=\"cookielawinfo-column-4\">The cookie is set by GDPR cookie consent to record the user consent for the cookies in the category \"Functional\".<\/td><\/tr><tr class=\"cookielawinfo-row\"><td class=\"cookielawinfo-column-1\">cookielawinfo-checkbox-necessary<\/td><td class=\"cookielawinfo-column-4\">Set by the GDPR Cookie Consent plugin, this cookie is used to record the user consent for the cookies in the \"Necessary\" category .<\/td><\/tr><tr class=\"cookielawinfo-row\"><td class=\"cookielawinfo-column-1\">cookielawinfo-checkbox-reklama<\/td><td class=\"cookielawinfo-column-4\">Set by the GDPR Cookie Consent plugin, this cookie is used to store the user consent for cookies in the category \"Advertising\".<\/td><\/tr><tr class=\"cookielawinfo-row\"><td class=\"cookielawinfo-column-1\">cookielawinfo-checkbox-veiktspeja<\/td><td class=\"cookielawinfo-column-4\">This cookie is set by GDPR Cookie Consent plugin. The cookie is used to store the user consent for the cookies in the category \"Performance\".<\/td><\/tr><tr class=\"cookielawinfo-row\"><td class=\"cookielawinfo-column-1\">CookieLawInfoConsent<\/td><td class=\"cookielawinfo-column-4\">Records the default button state of the corresponding category &amp; the status of CCPA. It works only in coordination with the primary cookie.<\/td><\/tr><tr class=\"cookielawinfo-row\"><td class=\"cookielawinfo-column-1\">VISITOR_INFO1_LIVE<\/td><td class=\"cookielawinfo-column-4\">A cookie set by YouTube to measure bandwidth that determines whether the user gets the new or old player interface.<\/td><\/tr><tr class=\"cookielawinfo-row\"><td class=\"cookielawinfo-column-1\">wp-wpml_current_language<\/td><td class=\"cookielawinfo-column-4\">Stores the current language. This cookie is enabled by default on sites that use the Language filtering for AJAX operations feature.<\/td><\/tr><tr class=\"cookielawinfo-row\"><td class=\"cookielawinfo-column-1\">YSC<\/td><td class=\"cookielawinfo-column-4\">YSC cookie is set by Youtube and is used to track the views of embedded videos on Youtube pages.<\/td><\/tr><tr class=\"cookielawinfo-row\"><td class=\"cookielawinfo-column-1\">yt-remote-connected-devices<\/td><td class=\"cookielawinfo-column-4\">YouTube sets this cookie to store the video preferences of the user using embedded YouTube video.<\/td><\/tr><tr class=\"cookielawinfo-row\"><td class=\"cookielawinfo-column-1\">yt-remote-device-id<\/td><td class=\"cookielawinfo-column-4\">YouTube sets this cookie to store the video preferences of the user using embedded YouTube video.<\/td><\/tr><\/tbody><\/table><h3>How can I control the cookie preferences?<\/h3><p>Should you decide to change your preferences later through your browsing session, you can click on the &#8220;Privacy &amp; Cookie Policy&#8221; tab on your screen. This will display the consent notice again enabling you to change your preferences or withdraw your consent entirely.<\/p><p>In addition to this, different browsers provide different methods to block and delete cookies used by websites. You can change the settings of your browser to block\/delete the cookies. To find out more about how to manage and delete cookies, visit wikipedia.org, www.allaboutcookies.org.<\/p><\/div><\/div>    <\/div>\n<\/div>\n<!-- \/module text -->\t\t\t\t<\/div><!-- .tb-column-inner -->\n\t\t\t\t\t\t<\/div><!-- .module_column -->\n\t\t\t\t\t\t<\/div><!-- .row_inner -->\n\t\t<\/div><!-- .module_row -->\n\t\t\t\t\t\t\t\t<!-- module_row -->\n\t\t<div  data-css_id=\"ntxs388\" data-lazy=\"1\" class=\"module_row themify_builder_row fullwidth tb_ntxs388 tf_w tf_clearfix\">\n\t\t\t\t\t<div class=\"row_inner col_align_top tb_col_count_1 tf_box tf_rel\">\n\t\t\t\t\t<div  data-lazy=\"1\" class=\"module_column tb-column col-full tb_bbs4388 first\">\n\t\t\t\t\t\t\t\t\t<div class=\"tb-column-inner tf_box tf_w\">\n\t\t\t\t<!-- module template_part -->\n<div  class=\"module module-layout-part tb_ooy3388 \">\n    <div class=\"tb_layout_part_wrap tf_w\">\n<!--themify_builder_content-->\n    <div  class=\"themify_builder_content themify_builder_content-8442 themify_builder not_editable_builder in_the_loop\" data-postid=\"8442\">\n        \t\t\t\t<!-- module_row -->\n\t\t<div  data-lazy=\"1\" class=\"module_row themify_builder_row tb_17d5916 tf_w tf_clearfix\">\n\t\t\t\t\t<div class=\"row_inner col_align_top tb_col_count_1 tf_box tf_rel\">\n\t\t\t\t\t<div  data-lazy=\"1\" class=\"module_column tb-column col-full tb_dmae917 first\">\n\t\t\t\t\t\t\t\t\t<div class=\"tb-column-inner tf_box tf_w\">\n\t\t\t\t<!-- module plain text -->\n<div  class=\"module module-plain-text tb_rx4o917 \" data-lazy=\"1\">\n        <div class=\"tb_text_wrap\">\n\t<button onclick=\"window.history.go(-1); return false;\"><img loading=\"lazy\" decoding=\"async\" src=\"https:\/\/visitaluksne.lv\/wp-content\/uploads\/2021\/03\/go-back.png\" alt=\"\" width=\"57\" height=\"25\" \/><\/button>    <\/div>\n<\/div>\n<!-- \/module plain text -->\t\t\t\t<\/div><!-- .tb-column-inner -->\n\t\t\t\t\t\t<\/div><!-- .module_column -->\n\t\t\t\t\t\t<\/div><!-- .row_inner -->\n\t\t<\/div><!-- .module_row -->\n\t\t\t\t    <\/div>\n<!--\/themify_builder_content-->\n<\/div>\n<\/div>\n<!-- \/module template_part -->\t\t\t\t<\/div><!-- .tb-column-inner -->\n\t\t\t\t\t\t<\/div><!-- .module_column -->\n\t\t\t\t\t\t<\/div><!-- .row_inner -->\n\t\t<\/div><!-- .module_row -->\n\t\t\t\t<\/div>\n<!--\/themify_builder_content-->\n","protected":false},"excerpt":{"rendered":"<p>About this cookie policy.This Cookie Policy explains what cookies are and how we use them, the types of cookies we use i.e, the information we collect using cookies and how that information is used, and how to control the cookie preferences. For further information on how we use, store, and keep your personal data secure, [&hellip;]<\/p>\n","protected":false},"author":1,"featured_media":0,"parent":0,"menu_order":0,"comment_status":"closed","ping_status":"closed","template":"","meta":{"footnotes":""},"class_list":["post-23769","page","type-page","status-publish","hentry","has-post-title","has-post-date","has-post-category","has-post-tag","has-post-comment","has-post-author",""],"yoast_head":"<title>Cookie policy - VisitAluksne<\/title>\n<meta name=\"robots\" content=\"index, follow, max-snippet:-1, max-image-preview:large, max-video-preview:-1\" \/>\n<link rel=\"canonical\" href=\"https:\/\/visitaluksne.lv\/en\/cookiepolicy\/\" \/>\n<meta property=\"og:locale\" content=\"en_US\" \/>\n<meta property=\"og:type\" content=\"article\" \/>\n<meta property=\"og:title\" content=\"Cookie policy - VisitAluksne\" \/>\n<meta property=\"og:description\" content=\"About this cookie policy.This Cookie Policy explains what cookies are and how we use them, the types of cookies we use i.e, the information we collect using cookies and how that information is used, and how to control the cookie preferences. For further information on how we use, store, and keep your personal data secure, [&hellip;]\" \/>\n<meta property=\"og:url\" content=\"https:\/\/visitaluksne.lv\/en\/cookiepolicy\/\" \/>\n<meta property=\"og:site_name\" content=\"VisitAluksne\" \/>\n<meta property=\"article:publisher\" content=\"https:\/\/www.facebook.com\/visitaluksne\/\" \/>\n<meta property=\"article:modified_time\" content=\"2022-09-15T13:35:41+00:00\" \/>\n<meta property=\"og:image\" content=\"https:\/\/visitaluksne.lv\/wp-content\/uploads\/2021\/03\/VisitAluksne.png\" \/>\n\t<meta property=\"og:image:width\" content=\"240\" \/>\n\t<meta property=\"og:image:height\" content=\"100\" \/>\n\t<meta property=\"og:image:type\" content=\"image\/png\" \/>\n<meta name=\"twitter:card\" content=\"summary_large_image\" \/>\n<script type=\"application\/ld+json\" class=\"yoast-schema-graph\">{\"@context\":\"https:\\\/\\\/schema.org\",\"@graph\":[{\"@type\":\"WebPage\",\"@id\":\"https:\\\/\\\/visitaluksne.lv\\\/en\\\/cookiepolicy\\\/\",\"url\":\"https:\\\/\\\/visitaluksne.lv\\\/en\\\/cookiepolicy\\\/\",\"name\":\"Cookie policy - VisitAluksne\",\"isPartOf\":{\"@id\":\"https:\\\/\\\/visitaluksne.lv\\\/en\\\/#website\"},\"datePublished\":\"2022-09-15T12:29:44+00:00\",\"dateModified\":\"2022-09-15T13:35:41+00:00\",\"breadcrumb\":{\"@id\":\"https:\\\/\\\/visitaluksne.lv\\\/en\\\/cookiepolicy\\\/#breadcrumb\"},\"inLanguage\":\"en-US\",\"potentialAction\":[{\"@type\":\"ReadAction\",\"target\":[\"https:\\\/\\\/visitaluksne.lv\\\/en\\\/cookiepolicy\\\/\"]}]},{\"@type\":\"BreadcrumbList\",\"@id\":\"https:\\\/\\\/visitaluksne.lv\\\/en\\\/cookiepolicy\\\/#breadcrumb\",\"itemListElement\":[{\"@type\":\"ListItem\",\"position\":1,\"name\":\"Home\",\"item\":\"https:\\\/\\\/visitaluksne.lv\\\/en\\\/\"},{\"@type\":\"ListItem\",\"position\":2,\"name\":\"Cookie policy\"}]},{\"@type\":\"WebSite\",\"@id\":\"https:\\\/\\\/visitaluksne.lv\\\/en\\\/#website\",\"url\":\"https:\\\/\\\/visitaluksne.lv\\\/en\\\/\",\"name\":\"VisitAluksne\",\"description\":\"\",\"publisher\":{\"@id\":\"https:\\\/\\\/visitaluksne.lv\\\/en\\\/#organization\"},\"potentialAction\":[{\"@type\":\"SearchAction\",\"target\":{\"@type\":\"EntryPoint\",\"urlTemplate\":\"https:\\\/\\\/visitaluksne.lv\\\/en\\\/?s={search_term_string}\"},\"query-input\":{\"@type\":\"PropertyValueSpecification\",\"valueRequired\":true,\"valueName\":\"search_term_string\"}}],\"inLanguage\":\"en-US\"},{\"@type\":\"Organization\",\"@id\":\"https:\\\/\\\/visitaluksne.lv\\\/en\\\/#organization\",\"name\":\"Al\u016bksnes T\u016brisma inform\u0101cijas centrs\",\"url\":\"https:\\\/\\\/visitaluksne.lv\\\/en\\\/\",\"logo\":{\"@type\":\"ImageObject\",\"inLanguage\":\"en-US\",\"@id\":\"https:\\\/\\\/visitaluksne.lv\\\/en\\\/#\\\/schema\\\/logo\\\/image\\\/\",\"url\":\"https:\\\/\\\/visitaluksne.lv\\\/wp-content\\\/uploads\\\/2021\\\/03\\\/VisitAluksne.png\",\"contentUrl\":\"https:\\\/\\\/visitaluksne.lv\\\/wp-content\\\/uploads\\\/2021\\\/03\\\/VisitAluksne.png\",\"width\":240,\"height\":100,\"caption\":\"Al\u016bksnes T\u016brisma inform\u0101cijas centrs\"},\"image\":{\"@id\":\"https:\\\/\\\/visitaluksne.lv\\\/en\\\/#\\\/schema\\\/logo\\\/image\\\/\"},\"sameAs\":[\"https:\\\/\\\/www.facebook.com\\\/visitaluksne\\\/\",\"https:\\\/\\\/www.instagram.com\\\/visitaluksne\\\/\"]}]}<\/script>","yoast_head_json":{"title":"Cookie policy - VisitAluksne","robots":{"index":"index","follow":"follow","max-snippet":"max-snippet:-1","max-image-preview":"max-image-preview:large","max-video-preview":"max-video-preview:-1"},"canonical":"https:\/\/visitaluksne.lv\/en\/cookiepolicy\/","og_locale":"en_US","og_type":"article","og_title":"Cookie policy - VisitAluksne","og_description":"About this cookie policy.This Cookie Policy explains what cookies are and how we use them, the types of cookies we use i.e, the information we collect using cookies and how that information is used, and how to control the cookie preferences. For further information on how we use, store, and keep your personal data secure, [&hellip;]","og_url":"https:\/\/visitaluksne.lv\/en\/cookiepolicy\/","og_site_name":"VisitAluksne","article_publisher":"https:\/\/www.facebook.com\/visitaluksne\/","article_modified_time":"2022-09-15T13:35:41+00:00","og_image":[{"width":240,"height":100,"url":"https:\/\/visitaluksne.lv\/wp-content\/uploads\/2021\/03\/VisitAluksne.png","type":"image\/png"}],"twitter_card":"summary_large_image","schema":{"@context":"https:\/\/schema.org","@graph":[{"@type":"WebPage","@id":"https:\/\/visitaluksne.lv\/en\/cookiepolicy\/","url":"https:\/\/visitaluksne.lv\/en\/cookiepolicy\/","name":"Cookie policy - VisitAluksne","isPartOf":{"@id":"https:\/\/visitaluksne.lv\/en\/#website"},"datePublished":"2022-09-15T12:29:44+00:00","dateModified":"2022-09-15T13:35:41+00:00","breadcrumb":{"@id":"https:\/\/visitaluksne.lv\/en\/cookiepolicy\/#breadcrumb"},"inLanguage":"en-US","potentialAction":[{"@type":"ReadAction","target":["https:\/\/visitaluksne.lv\/en\/cookiepolicy\/"]}]},{"@type":"BreadcrumbList","@id":"https:\/\/visitaluksne.lv\/en\/cookiepolicy\/#breadcrumb","itemListElement":[{"@type":"ListItem","position":1,"name":"Home","item":"https:\/\/visitaluksne.lv\/en\/"},{"@type":"ListItem","position":2,"name":"Cookie policy"}]},{"@type":"WebSite","@id":"https:\/\/visitaluksne.lv\/en\/#website","url":"https:\/\/visitaluksne.lv\/en\/","name":"VisitAluksne","description":"","publisher":{"@id":"https:\/\/visitaluksne.lv\/en\/#organization"},"potentialAction":[{"@type":"SearchAction","target":{"@type":"EntryPoint","urlTemplate":"https:\/\/visitaluksne.lv\/en\/?s={search_term_string}"},"query-input":{"@type":"PropertyValueSpecification","valueRequired":true,"valueName":"search_term_string"}}],"inLanguage":"en-US"},{"@type":"Organization","@id":"https:\/\/visitaluksne.lv\/en\/#organization","name":"Al\u016bksnes T\u016brisma inform\u0101cijas centrs","url":"https:\/\/visitaluksne.lv\/en\/","logo":{"@type":"ImageObject","inLanguage":"en-US","@id":"https:\/\/visitaluksne.lv\/en\/#\/schema\/logo\/image\/","url":"https:\/\/visitaluksne.lv\/wp-content\/uploads\/2021\/03\/VisitAluksne.png","contentUrl":"https:\/\/visitaluksne.lv\/wp-content\/uploads\/2021\/03\/VisitAluksne.png","width":240,"height":100,"caption":"Al\u016bksnes T\u016brisma inform\u0101cijas centrs"},"image":{"@id":"https:\/\/visitaluksne.lv\/en\/#\/schema\/logo\/image\/"},"sameAs":["https:\/\/www.facebook.com\/visitaluksne\/","https:\/\/www.instagram.com\/visitaluksne\/"]}]}},"_links":{"self":[{"href":"https:\/\/visitaluksne.lv\/en\/wp-json\/wp\/v2\/pages\/23769","targetHints":{"allow":["GET"]}}],"collection":[{"href":"https:\/\/visitaluksne.lv\/en\/wp-json\/wp\/v2\/pages"}],"about":[{"href":"https:\/\/visitaluksne.lv\/en\/wp-json\/wp\/v2\/types\/page"}],"author":[{"embeddable":true,"href":"https:\/\/visitaluksne.lv\/en\/wp-json\/wp\/v2\/users\/1"}],"replies":[{"embeddable":true,"href":"https:\/\/visitaluksne.lv\/en\/wp-json\/wp\/v2\/comments?post=23769"}],"version-history":[{"count":0,"href":"https:\/\/visitaluksne.lv\/en\/wp-json\/wp\/v2\/pages\/23769\/revisions"}],"wp:attachment":[{"href":"https:\/\/visitaluksne.lv\/en\/wp-json\/wp\/v2\/media?parent=23769"}],"curies":[{"name":"wp","href":"https:\/\/api.w.org\/{rel}","templated":true}]}}