{"id":11461,"date":"2020-10-13T13:42:04","date_gmt":"2020-10-13T10:42:04","guid":{"rendered":"https:\/\/visitaluksne.lv\/mida-vaadata\/"},"modified":"2022-03-24T16:13:31","modified_gmt":"2022-03-24T14:13:31","slug":"mida-vaadata","status":"publish","type":"page","link":"https:\/\/visitaluksne.lv\/et\/mida-vaadata\/","title":{"rendered":"Mida vaadata?"},"content":{"rendered":"<!--themify_builder_content-->\n<div id=\"themify_builder_content-11461\" data-postid=\"11461\" class=\"themify_builder_content themify_builder_content-11461 themify_builder tf_clear\">\n    \t\t\t\t<!-- module_row -->\n\t\t<div  data-css_id=\"n9ue215\" data-lazy=\"1\" class=\"module_row themify_builder_row fullwidth tb_n9ue215 tb_first tf_w tf_clearfix\">\n\t\t\t\t\t<div class=\"row_inner gutter-none col_align_top tb_col_count_2 tf_box tf_rel\">\n\t\t\t\t\t<div  data-lazy=\"1\" class=\"module_column tb-column col4-3 tb_drb9216 first\">\n\t\t\t\t\t\t\t\t\t<div class=\"tb-column-inner tf_box tf_w\">\n\t\t\t\t<!-- module fancy heading -->\n<div  class=\"module module-fancy-heading tb_wmvf286  inline-fancy-heading tb_hide_divider\" data-lazy=\"1\">\n\t    <h1 class=\"fancy-heading tf_textc\">\n    <span class=\"main-head tf_inline_b\">\n\t\t\t\t\tMida vaadata?\t\t    <\/span>\n\n\t\n    <span class=\"sub-head tf_inline_b tf_rel\">\n\t\t\t\t\t\t\t    <\/span>\n    <\/h1>\n<\/div>\n<!-- \/module fancy heading -->\n\t\t\t\t<\/div><!-- .tb-column-inner -->\n\t\t\t\t\t\t<\/div><!-- .module_column -->\n\t\t\t\t\t<div  data-lazy=\"1\" class=\"module_column tb-column col4-1 tb_1yfk216 last\">\n\t\t\t\t\t\t\t\t\t<div class=\"tb-column-inner tf_box tf_w\">\n\t\t\t\t<!-- module buttons -->\n<div  class=\"module module-buttons tb_4ktr877 buttons-horizontal solid  large buttons-fullwidth\" data-lazy=\"1\">\n\t\t<div class=\"module-buttons-item tf_inline_b\">\n\t\t\t\t\t\t<a href=\"https:\/\/maps.kartes.lv\/clients\/simplymap\/?aluksne&#038;layers=1,2\" class=\"ui builder_button themify_lightbox transparent\" data-zoom-config=\"800px|800px\">\n\t\t\t\t\t\t\t\t<em class=\"tf_inline_b tf_vmiddle\"><svg  class=\"tf_fa tf-fas-map-marked\" aria-hidden=\"true\"><use href=\"#tf-fas-map-marked\"><\/use><\/svg><\/em>\t\t\t\t\t\t\t<span class=\"tf_inline_b tf_vmiddle\">Vaata kaardilt<\/span>\n\t\t\t\t\t\t\t\t\t\t\t\t<\/a>\n\t\t\t\t\t\t<\/div>\n\t\t\t<\/div>\n<!-- \/module buttons -->\n\t\t\t\t<\/div><!-- .tb-column-inner -->\n\t\t\t\t\t\t<\/div><!-- .module_column -->\n\t\t\t\t\t\t<\/div><!-- .row_inner -->\n\t\t<\/div><!-- .module_row -->\n\t\t\t\t\t\t\t\t<!-- module_row -->\n\t\t<div  data-lazy=\"1\" class=\"module_row themify_builder_row tb_ihen933 tf_w tf_clearfix\">\n\t\t\t\t\t<div class=\"row_inner col_align_top tb_col_count_1 tf_box tf_rel\">\n\t\t\t\t\t<div  data-lazy=\"1\" class=\"module_column tb-column col-full tb_ndll934 first\">\n\t\t\t\t\t\t\t\t\t<div class=\"tb-column-inner tf_box tf_w\">\n\t\t\t\t<!-- module post -->\n<div  class=\"module module-portfolio tb_sklj935  tb_fullwidth_image\">\n        <div  class=\"builder-posts-wrap loops-wrapper portfolio grid4 classic tf_clear tf_clearfix\" data-lazy=\"1\">\n\t<article id=\"portfolio-11462\" class=\"post tf_clearfix portfolio-post cat-560 post-11462 portfolio type-portfolio status-publish has-post-thumbnail hentry portfolio-category-babasobjekti_lapa-et has-post-title no-post-date has-post-category has-post-tag has-post-comment has-post-author \">\n\t\n\t\n\t\t\t\t<figure class=\"post-image tf_clearfix\">\n\t\t\t    \t\t\t\t\t\t\t\t<a href=\"https:\/\/visitaluksne.lv\/et\/visit\/dabas-objekti\/\">\n\t\t\t\t\t\t\t\t<img loading=\"lazy\" decoding=\"async\" src=\"https:\/\/visitaluksne.lv\/wp-content\/uploads\/2020\/12\/Titul_AAA-Veclaicene_foto_Ainars_-Gaidis-400x400.jpg\" width=\"400\" height=\"400\" class=\"wp-post-image wp-image-10309\" title=\"Loodusobjektid Veclaicene\" alt=\"Veclaicene\" srcset=\"https:\/\/visitaluksne.lv\/wp-content\/uploads\/2020\/12\/Titul_AAA-Veclaicene_foto_Ainars_-Gaidis-400x400.jpg 400w, https:\/\/visitaluksne.lv\/wp-content\/uploads\/2020\/12\/Titul_AAA-Veclaicene_foto_Ainars_-Gaidis-250x250.jpg 250w, https:\/\/visitaluksne.lv\/wp-content\/uploads\/2020\/12\/Titul_AAA-Veclaicene_foto_Ainars_-Gaidis-600x600.jpg 600w\" sizes=\"auto, (max-width: 400px) 100vw, 400px\" \/>\t\t\t\t\t\t\t\t    \t\t\t\t<\/a>\n\t\t\t\t\t\t\t    \t\t\t<\/figure>\n\t\t\t\n\t<div class=\"post-content\">\n\n\t\t\n\t\t\t<div class=\"post-content-inner\">\n\n\t\t\t\t\t\t\n\t\t\t\t\t\t\n\t\t\t\t\t\t<h2 class=\"post-title entry-title\"><a href=\"https:\/\/visitaluksne.lv\/et\/visit\/dabas-objekti\/\">Loodusobjektid<\/a><\/h2>\n\t\t\n\t\t\t<div class=\"entry-content\">\n\n        \n\t<\/div><!-- \/.entry-content -->\n\t\n\t\t\n\t\t\t<\/div>\n\t\t\t<!-- \/.post-content-inner -->\n\t\t\n\t<\/div>\n\t<!-- \/.post-content -->\n\t<\/article>\n<!-- \/.post -->\n<article id=\"portfolio-11455\" class=\"post tf_clearfix portfolio-post cat-578 post-11455 portfolio type-portfolio status-publish has-post-thumbnail hentry portfolio-category-kultura_vesture-et has-post-title no-post-date has-post-category has-post-tag has-post-comment has-post-author \">\n\t\n\t\n\t\t\t\t<figure class=\"post-image tf_clearfix\">\n\t\t\t    \t\t\t\t\t\t\t\t<a href=\"https:\/\/visitaluksne.lv\/et\/visit\/kultura-un-vesture\/\">\n\t\t\t\t\t\t\t\t<img loading=\"lazy\" decoding=\"async\" src=\"https:\/\/visitaluksne.lv\/wp-content\/uploads\/2021\/12\/8_bralis_foto_dizaina-birojs-H2E-3-400x400.jpg\" width=\"400\" height=\"400\" class=\"wp-post-image wp-image-18500\" title=\"Uudised Al\u016bksnes! MARIENBURGI kaheksas vend\" alt=\"Uudised Al\u016bksnes! MARIENBURGI kaheksas vend\" srcset=\"https:\/\/visitaluksne.lv\/wp-content\/uploads\/2021\/12\/8_bralis_foto_dizaina-birojs-H2E-3-400x400.jpg 400w, https:\/\/visitaluksne.lv\/wp-content\/uploads\/2021\/12\/8_bralis_foto_dizaina-birojs-H2E-3-250x250.jpg 250w, https:\/\/visitaluksne.lv\/wp-content\/uploads\/2021\/12\/8_bralis_foto_dizaina-birojs-H2E-3-768x770.jpg 768w, https:\/\/visitaluksne.lv\/wp-content\/uploads\/2021\/12\/8_bralis_foto_dizaina-birojs-H2E-3-600x600.jpg 600w, https:\/\/visitaluksne.lv\/wp-content\/uploads\/2021\/12\/8_bralis_foto_dizaina-birojs-H2E-3.jpg 1295w\" sizes=\"auto, (max-width: 400px) 100vw, 400px\" \/>\t\t\t\t\t\t\t\t    \t\t\t\t<\/a>\n\t\t\t\t\t\t\t    \t\t\t<\/figure>\n\t\t\t\n\t<div class=\"post-content\">\n\n\t\t\n\t\t\t<div class=\"post-content-inner\">\n\n\t\t\t\t\t\t\n\t\t\t\t\t\t\n\t\t\t\t\t\t<h2 class=\"post-title entry-title\"><a href=\"https:\/\/visitaluksne.lv\/et\/visit\/kultura-un-vesture\/\">Kultuur ja ajalugu<\/a><\/h2>\n\t\t\n\t\t\t<div class=\"entry-content\">\n\n        \n\t<\/div><!-- \/.entry-content -->\n\t\n\t\t\n\t\t\t<\/div>\n\t\t\t<!-- \/.post-content-inner -->\n\t\t\n\t<\/div>\n\t<!-- \/.post-content -->\n\t<\/article>\n<!-- \/.post -->\n<article id=\"portfolio-11458\" class=\"post tf_clearfix portfolio-post cat-604 post-11458 portfolio type-portfolio status-publish has-post-thumbnail hentry portfolio-category-tradicijas-et has-post-title no-post-date has-post-category has-post-tag has-post-comment has-post-author \">\n\t\n\t\n\t\t\t\t<figure class=\"post-image tf_clearfix\">\n\t\t\t    \t\t\t\t\t\t\t\t<a href=\"https:\/\/visitaluksne.lv\/et\/visit\/tradicijas\/\">\n\t\t\t\t\t\t\t\t<img loading=\"lazy\" decoding=\"async\" src=\"https:\/\/visitaluksne.lv\/wp-content\/uploads\/2021\/02\/5_Aluksnes_pilsetas_svetki_foto_Evita_Aploka-400x400.jpg\" width=\"400\" height=\"400\" class=\"wp-post-image wp-image-7222\" title=\"Tavad\" alt=\"Aluksne linnapidu, kalmistupidu ja traditsioonid\" srcset=\"https:\/\/visitaluksne.lv\/wp-content\/uploads\/2021\/02\/5_Aluksnes_pilsetas_svetki_foto_Evita_Aploka-400x400.jpg 400w, https:\/\/visitaluksne.lv\/wp-content\/uploads\/2021\/02\/5_Aluksnes_pilsetas_svetki_foto_Evita_Aploka-250x250.jpg 250w, https:\/\/visitaluksne.lv\/wp-content\/uploads\/2021\/02\/5_Aluksnes_pilsetas_svetki_foto_Evita_Aploka-300x300.jpg 300w, https:\/\/visitaluksne.lv\/wp-content\/uploads\/2021\/02\/5_Aluksnes_pilsetas_svetki_foto_Evita_Aploka-600x600.jpg 600w\" sizes=\"auto, (max-width: 400px) 100vw, 400px\" \/>\t\t\t\t\t\t\t\t    \t\t\t\t<\/a>\n\t\t\t\t\t\t\t    \t\t\t<\/figure>\n\t\t\t\n\t<div class=\"post-content\">\n\n\t\t\n\t\t\t<div class=\"post-content-inner\">\n\n\t\t\t\t\t\t\n\t\t\t\t\t\t\n\t\t\t\t\t\t<h2 class=\"post-title entry-title\"><a href=\"https:\/\/visitaluksne.lv\/et\/visit\/tradicijas\/\">Tavad<\/a><\/h2>\n\t\t\n\t\t\t<div class=\"entry-content\">\n\n        \n\t<\/div><!-- \/.entry-content -->\n\t\n\t\t\n\t\t\t<\/div>\n\t\t\t<!-- \/.post-content-inner -->\n\t\t\n\t<\/div>\n\t<!-- \/.post-content -->\n\t<\/article>\n<!-- \/.post -->\n<article id=\"portfolio-11460\" class=\"post tf_clearfix portfolio-post cat-615 post-11460 portfolio type-portfolio status-publish has-post-thumbnail hentry portfolio-category-ipasi_piedavajumi-et has-post-title no-post-date has-post-category has-post-tag has-post-comment has-post-author \">\n\t\n\t\n\t\t\t\t<figure class=\"post-image tf_clearfix\">\n\t\t\t    \t\t\t\t\t\t\t\t<a href=\"https:\/\/visitaluksne.lv\/et\/visit\/ipasi-piedavajumi\/\">\n\t\t\t\t\t\t\t\t<img loading=\"lazy\" decoding=\"async\" src=\"https:\/\/visitaluksne.lv\/wp-content\/uploads\/2021\/02\/Templakalna_ielas_gajaju_tilts_foto_Maris_Slivka-1-400x400.jpg\" width=\"400\" height=\"400\" class=\"wp-post-image wp-image-6426\" title=\"\u00d6ine Al\u016bksne\" alt=\"\u00d6ine Al\u016bksne\" srcset=\"https:\/\/visitaluksne.lv\/wp-content\/uploads\/2021\/02\/Templakalna_ielas_gajaju_tilts_foto_Maris_Slivka-1-400x400.jpg 400w, https:\/\/visitaluksne.lv\/wp-content\/uploads\/2021\/02\/Templakalna_ielas_gajaju_tilts_foto_Maris_Slivka-1-250x250.jpg 250w, https:\/\/visitaluksne.lv\/wp-content\/uploads\/2021\/02\/Templakalna_ielas_gajaju_tilts_foto_Maris_Slivka-1-300x300.jpg 300w, https:\/\/visitaluksne.lv\/wp-content\/uploads\/2021\/02\/Templakalna_ielas_gajaju_tilts_foto_Maris_Slivka-1-600x600.jpg 600w\" sizes=\"auto, (max-width: 400px) 100vw, 400px\" \/>\t\t\t\t\t\t\t\t    \t\t\t\t<\/a>\n\t\t\t\t\t\t\t    \t\t\t<\/figure>\n\t\t\t\n\t<div class=\"post-content\">\n\n\t\t\n\t\t\t<div class=\"post-content-inner\">\n\n\t\t\t\t\t\t\n\t\t\t\t\t\t\n\t\t\t\t\t\t<h2 class=\"post-title entry-title\"><a href=\"https:\/\/visitaluksne.lv\/et\/visit\/ipasi-piedavajumi\/\">Eripakkumised<\/a><\/h2>\n\t\t\n\t\t\t<div class=\"entry-content\">\n\n        \n\t<\/div><!-- \/.entry-content -->\n\t\n\t\t\n\t\t\t<\/div>\n\t\t\t<!-- \/.post-content-inner -->\n\t\t\n\t<\/div>\n\t<!-- \/.post-content -->\n\t<\/article>\n<!-- \/.post -->\n<\/div><!-- .builder-posts-wrap -->\n    <\/div>\n    <!-- \/module post -->\n\t\t\t\t<\/div><!-- .tb-column-inner -->\n\t\t\t\t\t\t<\/div><!-- .module_column -->\n\t\t\t\t\t\t<\/div><!-- .row_inner -->\n\t\t<\/div><!-- .module_row -->\n\t\t\t\t\t\t\t\t<!-- module_row -->\n\t\t<div  data-css_id=\"yh9c541\" data-lazy=\"1\" class=\"module_row themify_builder_row fullwidth tb_yh9c541 tf_w tf_clearfix\">\n\t\t\t\t\t<div class=\"row_inner col_align_top tb_col_count_1 tf_box tf_rel\">\n\t\t\t\t\t<div  data-lazy=\"1\" class=\"module_column tb-column col-full tb_b3l9541 first\">\n\t\t\t\t\t\t\t\t\t<div class=\"tb-column-inner tf_box tf_w\">\n\t\t\t\t<!-- module template_part -->\n<div  class=\"module module-layout-part tb_izff541 \">\n    <div class=\"tb_layout_part_wrap tf_w\"><!--themify_builder_content-->\n    <div  class=\"themify_builder_content themify_builder_content-8442 themify_builder not_editable_builder in_the_loop\" data-postid=\"8442\">\n        \t\t\t\t<!-- module_row -->\n\t\t<div  data-lazy=\"1\" class=\"module_row themify_builder_row tb_17d5916 tf_w tf_clearfix\">\n\t\t\t\t\t<div class=\"row_inner col_align_top tb_col_count_1 tf_box tf_rel\">\n\t\t\t\t\t<div  data-lazy=\"1\" class=\"module_column tb-column col-full tb_dmae917 first\">\n\t\t\t\t\t\t\t\t\t<div class=\"tb-column-inner tf_box tf_w\">\n\t\t\t\t<!-- module plain text -->\n<div  class=\"module module-plain-text tb_rx4o917 \" data-lazy=\"1\">\n        <div class=\"tb_text_wrap\">\n\t<button onclick=\"window.history.go(-1); return false;\"><img loading=\"lazy\" decoding=\"async\" src=\"https:\/\/visitaluksne.lv\/wp-content\/uploads\/2021\/03\/go-back.png\" alt=\"\" width=\"57\" height=\"25\" \/><\/button>    <\/div>\n<\/div>\n<!-- \/module plain text -->\t\t\t\t<\/div><!-- .tb-column-inner -->\n\t\t\t\t\t\t<\/div><!-- .module_column -->\n\t\t\t\t\t\t<\/div><!-- .row_inner -->\n\t\t<\/div><!-- .module_row -->\n\t\t\t\t    <\/div>\n<!--\/themify_builder_content--><\/div>\n<\/div>\n<!-- \/module template_part -->\t\t\t\t<\/div><!-- .tb-column-inner -->\n\t\t\t\t\t\t<\/div><!-- .module_column -->\n\t\t\t\t\t\t<\/div><!-- .row_inner -->\n\t\t<\/div><!-- .module_row -->\n\t\t\t\t\t\t\t\t<!-- module_row -->\n\t\t<div  data-css_id=\"2abl798\" data-lazy=\"1\" class=\"module_row themify_builder_row fullwidth tb_2abl798 tf_w tf_clearfix hide-tablet hide-tablet_landscape hide-mobile\">\n\t\t\t\t\t<div class=\"row_inner col_align_top tb_col_count_1 tf_box tf_rel\">\n\t\t\t\t\t<div  data-lazy=\"1\" class=\"module_column tb-column col-full tb_6n4n798 first\">\n\t\t\t\t\t\t\t\t\t<div class=\"tb-column-inner tf_box tf_w\">\n\t\t\t\t<!-- module template_part -->\n<div  class=\"module module-layout-part tb_bmur798 \">\n    <div class=\"tb_layout_part_wrap tf_w\"><!--themify_builder_content-->\n    <div  class=\"themify_builder_content themify_builder_content-7788 themify_builder not_editable_builder in_the_loop\" data-postid=\"7788\">\n        \t\t\t\t<!-- module_row -->\n\t\t<div  data-lazy=\"1\" class=\"module_row themify_builder_row tb_eyek434 tf_w tf_clearfix hide-tablet hide-tablet_landscape hide-mobile\">\n\t\t\t\t\t<div class=\"row_inner col_align_top tb_col_count_1 tf_box tf_rel\">\n\t\t\t\t\t<div  data-lazy=\"1\" class=\"module_column tb-column col-full tb_ak7j435 first\">\n\t\t\t\t\t\t\t\t\t<div class=\"tb-column-inner tf_box tf_w\">\n\t\t\t\t<!-- module menu -->\n<div  class=\"module module-menu tb_mq1e435  mobile-menu-slide\" data-menu-style=\"mobile-menu-slide\" data-menu-breakpoint=\"0\" data-element-id=\"tb_mq1e435\" data-lazy=\"1\">\n    \t\n\t<div class=\"module-menu-container\"><ul id=\"menu-ko-redzet-estonian\" class=\"ui tf_clearfix nav tf_rel tf_scrollbar fullwidth transparent\"><li id=\"menu-item-12260\" class=\"menu-item-page-11953 menu-item menu-item-type-post_type menu-item-object-page menu-item-home menu-item-12260\"><a href=\"https:\/\/visitaluksne.lv\/et\/\">Alusta<\/a><\/li>\n<li id=\"menu-item-12261\" class=\"menu-item-page-11461 menu-item menu-item-type-post_type menu-item-object-page menu-item-12261\"><a href=\"https:\/\/visitaluksne.lv\/et\/mida-vaadata\/\">Mida vaadata?<\/a><\/li>\n<li id=\"menu-item-12262\" class=\"menu-item-custom-12262 menu-item menu-item-type-custom menu-item-object-custom menu-item-12262\"><a href=\"https:\/\/visitaluksne.lv\/et\/visit\/dabas-objekti\/\">Loodusobjektid<\/a><\/li>\n<li id=\"menu-item-12263\" class=\"menu-item-custom-12263 menu-item menu-item-type-custom menu-item-object-custom menu-item-12263\"><a href=\"https:\/\/visitaluksne.lv\/et\/visit\/kultura-un-vesture\/\">Kultuur ja ajalugu<\/a><\/li>\n<li id=\"menu-item-12264\" class=\"menu-item-custom-12264 menu-item menu-item-type-custom menu-item-object-custom menu-item-12264\"><a href=\"https:\/\/visitaluksne.lv\/et\/visit\/tradicijas\/\">Tavad<\/a><\/li>\n<li id=\"menu-item-12265\" class=\"menu-item-custom-12265 menu-item menu-item-type-custom menu-item-object-custom menu-item-12265\"><a href=\"https:\/\/visitaluksne.lv\/et\/visit\/ipasi-piedavajumi\/\">Eripakkumised<\/a><\/li>\n<\/ul><\/div>\t\t<style>\n\t\t\t.mobile-menu-module[data-module=\"tb_mq1e435\"]{\n\t\t\t\tright:-300px\t\t\t}\n\t\t<\/style>\n\t<\/div>\n<!-- \/module menu -->\n\t\t\t\t<\/div><!-- .tb-column-inner -->\n\t\t\t\t\t\t<\/div><!-- .module_column -->\n\t\t\t\t\t\t<\/div><!-- .row_inner -->\n\t\t<\/div><!-- .module_row -->\n\t\t\t\t    <\/div>\n<!--\/themify_builder_content--><\/div>\n<\/div>\n<!-- \/module template_part -->\t\t\t\t<\/div><!-- .tb-column-inner -->\n\t\t\t\t\t\t<\/div><!-- .module_column -->\n\t\t\t\t\t\t<\/div><!-- .row_inner -->\n\t\t<\/div><!-- .module_row -->\n\t\t\t\t<\/div>\n<!--\/themify_builder_content-->","protected":false},"excerpt":{"rendered":"<p>Ko redz\u0113t? Skat\u012bt kart\u0113 Atpaka\u013c | Ko redz\u0113t? Dabas objekti Kult\u016bra un v\u0113sture Trad\u012bcijas \u012apa\u0161i pied\u0101v\u0101jumi<\/p>\n","protected":false},"author":1,"featured_media":0,"parent":0,"menu_order":2,"comment_status":"closed","ping_status":"closed","template":"","meta":{"footnotes":""},"class_list":["post-11461","page","type-page","status-publish","hentry","has-post-title","has-post-date","has-post-category","has-post-tag","has-post-comment","has-post-author",""],"yoast_head":"<title>Mida vaadata? Mida kuulda? Mida teha Aluksnes?- VisitAluksne<\/title>\n<meta name=\"description\" content=\"Kas teate m\u00f5nda imelist kohta, mida pere v\u00f5i s\u00f5pradega puhkuseks vaadata? \u00d5pi tundma Aluksne loodust, kultuuri ja ajalugu, t\u00e4htp\u00e4evi ja traditsioone!\" \/>\n<meta name=\"robots\" content=\"index, follow, max-snippet:-1, max-image-preview:large, max-video-preview:-1\" \/>\n<link rel=\"canonical\" href=\"https:\/\/visitaluksne.lv\/et\/mida-vaadata\/\" \/>\n<meta property=\"og:locale\" content=\"et_EE\" \/>\n<meta property=\"og:type\" content=\"article\" \/>\n<meta property=\"og:title\" content=\"Mida vaadata? Mida kuulda? Mida teha Aluksnes?- VisitAluksne\" \/>\n<meta property=\"og:description\" content=\"Kas teate m\u00f5nda imelist kohta, mida pere v\u00f5i s\u00f5pradega puhkuseks vaadata? \u00d5pi tundma Aluksne loodust, kultuuri ja ajalugu, t\u00e4htp\u00e4evi ja traditsioone!\" \/>\n<meta property=\"og:url\" content=\"https:\/\/visitaluksne.lv\/et\/mida-vaadata\/\" \/>\n<meta property=\"og:site_name\" content=\"VisitAluksne\" \/>\n<meta property=\"article:publisher\" content=\"https:\/\/www.facebook.com\/visitaluksne\/\" \/>\n<meta property=\"article:modified_time\" content=\"2022-03-24T14:13:31+00:00\" \/>\n<meta property=\"og:image\" content=\"https:\/\/visitaluksne.lv\/wp-content\/uploads\/2021\/03\/VisitAluksne.png\" \/>\n\t<meta property=\"og:image:width\" content=\"240\" \/>\n\t<meta property=\"og:image:height\" content=\"100\" \/>\n\t<meta property=\"og:image:type\" content=\"image\/png\" \/>\n<meta name=\"twitter:card\" content=\"summary_large_image\" \/>\n<script type=\"application\/ld+json\" class=\"yoast-schema-graph\">{\"@context\":\"https:\\\/\\\/schema.org\",\"@graph\":[{\"@type\":\"WebPage\",\"@id\":\"https:\\\/\\\/visitaluksne.lv\\\/et\\\/mida-vaadata\\\/\",\"url\":\"https:\\\/\\\/visitaluksne.lv\\\/et\\\/mida-vaadata\\\/\",\"name\":\"Mida vaadata? Mida kuulda? Mida teha Aluksnes?- VisitAluksne\",\"isPartOf\":{\"@id\":\"https:\\\/\\\/visitaluksne.lv\\\/et\\\/#website\"},\"datePublished\":\"2020-10-13T10:42:04+00:00\",\"dateModified\":\"2022-03-24T14:13:31+00:00\",\"description\":\"Kas teate m\u00f5nda imelist kohta, mida pere v\u00f5i s\u00f5pradega puhkuseks vaadata? \u00d5pi tundma Aluksne loodust, kultuuri ja ajalugu, t\u00e4htp\u00e4evi ja traditsioone!\",\"breadcrumb\":{\"@id\":\"https:\\\/\\\/visitaluksne.lv\\\/et\\\/mida-vaadata\\\/#breadcrumb\"},\"inLanguage\":\"et\",\"potentialAction\":[{\"@type\":\"ReadAction\",\"target\":[\"https:\\\/\\\/visitaluksne.lv\\\/et\\\/mida-vaadata\\\/\"]}]},{\"@type\":\"BreadcrumbList\",\"@id\":\"https:\\\/\\\/visitaluksne.lv\\\/et\\\/mida-vaadata\\\/#breadcrumb\",\"itemListElement\":[{\"@type\":\"ListItem\",\"position\":1,\"name\":\"Home\",\"item\":\"https:\\\/\\\/visitaluksne.lv\\\/et\\\/\"},{\"@type\":\"ListItem\",\"position\":2,\"name\":\"Mida vaadata?\"}]},{\"@type\":\"WebSite\",\"@id\":\"https:\\\/\\\/visitaluksne.lv\\\/et\\\/#website\",\"url\":\"https:\\\/\\\/visitaluksne.lv\\\/et\\\/\",\"name\":\"VisitAluksne\",\"description\":\"\",\"publisher\":{\"@id\":\"https:\\\/\\\/visitaluksne.lv\\\/et\\\/#organization\"},\"potentialAction\":[{\"@type\":\"SearchAction\",\"target\":{\"@type\":\"EntryPoint\",\"urlTemplate\":\"https:\\\/\\\/visitaluksne.lv\\\/et\\\/?s={search_term_string}\"},\"query-input\":{\"@type\":\"PropertyValueSpecification\",\"valueRequired\":true,\"valueName\":\"search_term_string\"}}],\"inLanguage\":\"et\"},{\"@type\":\"Organization\",\"@id\":\"https:\\\/\\\/visitaluksne.lv\\\/et\\\/#organization\",\"name\":\"Al\u016bksnes T\u016brisma inform\u0101cijas centrs\",\"url\":\"https:\\\/\\\/visitaluksne.lv\\\/et\\\/\",\"logo\":{\"@type\":\"ImageObject\",\"inLanguage\":\"et\",\"@id\":\"https:\\\/\\\/visitaluksne.lv\\\/et\\\/#\\\/schema\\\/logo\\\/image\\\/\",\"url\":\"https:\\\/\\\/visitaluksne.lv\\\/wp-content\\\/uploads\\\/2021\\\/03\\\/VisitAluksne.png\",\"contentUrl\":\"https:\\\/\\\/visitaluksne.lv\\\/wp-content\\\/uploads\\\/2021\\\/03\\\/VisitAluksne.png\",\"width\":240,\"height\":100,\"caption\":\"Al\u016bksnes T\u016brisma inform\u0101cijas centrs\"},\"image\":{\"@id\":\"https:\\\/\\\/visitaluksne.lv\\\/et\\\/#\\\/schema\\\/logo\\\/image\\\/\"},\"sameAs\":[\"https:\\\/\\\/www.facebook.com\\\/visitaluksne\\\/\",\"https:\\\/\\\/www.instagram.com\\\/visitaluksne\\\/\"]}]}<\/script>","yoast_head_json":{"title":"Mida vaadata? Mida kuulda? Mida teha Aluksnes?- VisitAluksne","description":"Kas teate m\u00f5nda imelist kohta, mida pere v\u00f5i s\u00f5pradega puhkuseks vaadata? \u00d5pi tundma Aluksne loodust, kultuuri ja ajalugu, t\u00e4htp\u00e4evi ja traditsioone!","robots":{"index":"index","follow":"follow","max-snippet":"max-snippet:-1","max-image-preview":"max-image-preview:large","max-video-preview":"max-video-preview:-1"},"canonical":"https:\/\/visitaluksne.lv\/et\/mida-vaadata\/","og_locale":"et_EE","og_type":"article","og_title":"Mida vaadata? Mida kuulda? Mida teha Aluksnes?- VisitAluksne","og_description":"Kas teate m\u00f5nda imelist kohta, mida pere v\u00f5i s\u00f5pradega puhkuseks vaadata? \u00d5pi tundma Aluksne loodust, kultuuri ja ajalugu, t\u00e4htp\u00e4evi ja traditsioone!","og_url":"https:\/\/visitaluksne.lv\/et\/mida-vaadata\/","og_site_name":"VisitAluksne","article_publisher":"https:\/\/www.facebook.com\/visitaluksne\/","article_modified_time":"2022-03-24T14:13:31+00:00","og_image":[{"width":240,"height":100,"url":"https:\/\/visitaluksne.lv\/wp-content\/uploads\/2021\/03\/VisitAluksne.png","type":"image\/png"}],"twitter_card":"summary_large_image","schema":{"@context":"https:\/\/schema.org","@graph":[{"@type":"WebPage","@id":"https:\/\/visitaluksne.lv\/et\/mida-vaadata\/","url":"https:\/\/visitaluksne.lv\/et\/mida-vaadata\/","name":"Mida vaadata? Mida kuulda? Mida teha Aluksnes?- VisitAluksne","isPartOf":{"@id":"https:\/\/visitaluksne.lv\/et\/#website"},"datePublished":"2020-10-13T10:42:04+00:00","dateModified":"2022-03-24T14:13:31+00:00","description":"Kas teate m\u00f5nda imelist kohta, mida pere v\u00f5i s\u00f5pradega puhkuseks vaadata? \u00d5pi tundma Aluksne loodust, kultuuri ja ajalugu, t\u00e4htp\u00e4evi ja traditsioone!","breadcrumb":{"@id":"https:\/\/visitaluksne.lv\/et\/mida-vaadata\/#breadcrumb"},"inLanguage":"et","potentialAction":[{"@type":"ReadAction","target":["https:\/\/visitaluksne.lv\/et\/mida-vaadata\/"]}]},{"@type":"BreadcrumbList","@id":"https:\/\/visitaluksne.lv\/et\/mida-vaadata\/#breadcrumb","itemListElement":[{"@type":"ListItem","position":1,"name":"Home","item":"https:\/\/visitaluksne.lv\/et\/"},{"@type":"ListItem","position":2,"name":"Mida vaadata?"}]},{"@type":"WebSite","@id":"https:\/\/visitaluksne.lv\/et\/#website","url":"https:\/\/visitaluksne.lv\/et\/","name":"VisitAluksne","description":"","publisher":{"@id":"https:\/\/visitaluksne.lv\/et\/#organization"},"potentialAction":[{"@type":"SearchAction","target":{"@type":"EntryPoint","urlTemplate":"https:\/\/visitaluksne.lv\/et\/?s={search_term_string}"},"query-input":{"@type":"PropertyValueSpecification","valueRequired":true,"valueName":"search_term_string"}}],"inLanguage":"et"},{"@type":"Organization","@id":"https:\/\/visitaluksne.lv\/et\/#organization","name":"Al\u016bksnes T\u016brisma inform\u0101cijas centrs","url":"https:\/\/visitaluksne.lv\/et\/","logo":{"@type":"ImageObject","inLanguage":"et","@id":"https:\/\/visitaluksne.lv\/et\/#\/schema\/logo\/image\/","url":"https:\/\/visitaluksne.lv\/wp-content\/uploads\/2021\/03\/VisitAluksne.png","contentUrl":"https:\/\/visitaluksne.lv\/wp-content\/uploads\/2021\/03\/VisitAluksne.png","width":240,"height":100,"caption":"Al\u016bksnes T\u016brisma inform\u0101cijas centrs"},"image":{"@id":"https:\/\/visitaluksne.lv\/et\/#\/schema\/logo\/image\/"},"sameAs":["https:\/\/www.facebook.com\/visitaluksne\/","https:\/\/www.instagram.com\/visitaluksne\/"]}]}},"_links":{"self":[{"href":"https:\/\/visitaluksne.lv\/et\/wp-json\/wp\/v2\/pages\/11461","targetHints":{"allow":["GET"]}}],"collection":[{"href":"https:\/\/visitaluksne.lv\/et\/wp-json\/wp\/v2\/pages"}],"about":[{"href":"https:\/\/visitaluksne.lv\/et\/wp-json\/wp\/v2\/types\/page"}],"author":[{"embeddable":true,"href":"https:\/\/visitaluksne.lv\/et\/wp-json\/wp\/v2\/users\/1"}],"replies":[{"embeddable":true,"href":"https:\/\/visitaluksne.lv\/et\/wp-json\/wp\/v2\/comments?post=11461"}],"version-history":[{"count":0,"href":"https:\/\/visitaluksne.lv\/et\/wp-json\/wp\/v2\/pages\/11461\/revisions"}],"wp:attachment":[{"href":"https:\/\/visitaluksne.lv\/et\/wp-json\/wp\/v2\/media?parent=11461"}],"curies":[{"name":"wp","href":"https:\/\/api.w.org\/{rel}","templated":true}]}}