{"id":12339,"date":"2020-10-13T13:30:49","date_gmt":"2020-10-13T10:30:49","guid":{"rendered":"https:\/\/visitaluksne.lv\/miks-kulastada\/"},"modified":"2026-03-19T11:42:52","modified_gmt":"2026-03-19T09:42:52","slug":"miks-kulastada","status":"publish","type":"page","link":"https:\/\/visitaluksne.lv\/et\/miks-kulastada\/","title":{"rendered":"Miks k\u00fclastada?"},"content":{"rendered":"<!--themify_builder_content-->\n<div id=\"themify_builder_content-12339\" data-postid=\"12339\" class=\"themify_builder_content themify_builder_content-12339 themify_builder tf_clear\">\n    \t\t\t\t<!-- module_row -->\n\t\t<div  data-css_id=\"efgj121\" data-lazy=\"1\" class=\"module_row themify_builder_row fullwidth tb_efgj121 tb_first tf_w tf_clearfix\">\n\t\t\t\t\t<div class=\"row_inner col_align_top gutter-none tb_col_count_2 tf_box tf_rel\">\n\t\t\t\t\t<div  data-lazy=\"1\" class=\"module_column tb-column col4-3 tb_nad1121 first\">\n\t\t\t\t\t\t\t\t\t<div class=\"tb-column-inner tf_box tf_w\">\n\t\t\t\t<!-- module fancy heading -->\n<div  class=\"module module-fancy-heading tb_t9ql121  inline-fancy-heading tb_hide_divider\" data-lazy=\"1\">\n\t    <h1 class=\"fancy-heading tf_textc\">\n    <span class=\"main-head tf_inline_b\">\n\t\t\t\t\tMiks k\u00fclastada?\t\t    <\/span>\n\n\t\n    <span class=\"sub-head tf_inline_b tf_rel\">\n\t\t\t\t\t\t\t    <\/span>\n    <\/h1>\n<\/div>\n<!-- \/module fancy heading -->\n\t\t\t\t<\/div><!-- .tb-column-inner -->\n\t\t\t\t\t\t<\/div><!-- .module_column -->\n\t\t\t\t\t<div  data-lazy=\"1\" class=\"module_column tb-column col4-1 tb_4bzc121 last\">\n\t\t\t\t\t\t\t\t\t<div class=\"tb-column-inner tf_box tf_w\">\n\t\t\t\t<!-- module buttons -->\n<div  class=\"module module-buttons tb_e1iv121 buttons-horizontal solid  hide-mobile xlarge\" data-lazy=\"1\">\n\t\t<div class=\"module-buttons-item tf_inline_b\">\n\t\t\t\t\t\t\t\t<em class=\"tf_inline_b tf_vmiddle\"><svg  class=\"tf_fa tf-fas-info\" aria-hidden=\"true\"><use href=\"#tf-fas-info\"><\/use><\/svg><\/em>\t\t\t\t\t\t\t<span class=\"tf_inline_b tf_vmiddle\"><\/span>\n\t\t\t\t\t\t\t\t\t\t<\/div>\n\t\t\t<\/div>\n<!-- \/module buttons -->\n\t\t\t\t<\/div><!-- .tb-column-inner -->\n\t\t\t\t\t\t<\/div><!-- .module_column -->\n\t\t\t\t\t\t<\/div><!-- .row_inner -->\n\t\t<\/div><!-- .module_row -->\n\t\t\t\t\t\t\t\t<!-- module_row -->\n\t\t<div  data-lazy=\"1\" class=\"module_row themify_builder_row tb_p0ce837 tf_w tf_clearfix\">\n\t\t\t\t\t<div class=\"row_inner col_align_top tb_col_count_1 tf_box tf_rel\">\n\t\t\t\t\t<div  data-lazy=\"1\" class=\"module_column tb-column col-full tb_zjlp838 first\">\n\t\t\t\t\t\t\t\t\t<div class=\"tb-column-inner tf_box tf_w\">\n\t\t\t\t<!-- module post -->\n<div  class=\"module module-portfolio tb_woaf838  tb_fullwidth_image\">\n        <div  class=\"builder-posts-wrap loops-wrapper portfolio grid3 classic tf_clear tf_clearfix\" data-lazy=\"1\">\n\t<article id=\"portfolio-12495\" class=\"post tf_clearfix portfolio-post cat-562 post-12495 portfolio type-portfolio status-publish has-post-thumbnail hentry portfolio-category-kapec_apmeklet-et has-post-title no-post-date has-post-category has-post-tag has-post-comment has-post-author \">\n\t\n\t\n\t\t\t\t<figure class=\"post-image tf_clearfix\">\n\t\t\t    \t\t\t\t\t\t\t\t<a href=\"https:\/\/visitaluksne.lv\/et\/visit\/tikai_aluksne\/\">\n\t\t\t\t\t\t\t\t<img loading=\"lazy\" decoding=\"async\" src=\"https:\/\/visitaluksne.lv\/wp-content\/uploads\/2021\/02\/1_Aluksnes_ezers_foto_Ainars_Gaidis-400x400.jpg\" width=\"400\" height=\"400\" class=\"wp-post-image wp-image-7234\" title=\"Al\u016bksne j\u00e4rv\" alt=\"Al\u016bksne j\u00e4rv ja Pilssala\" srcset=\"https:\/\/visitaluksne.lv\/wp-content\/uploads\/2021\/02\/1_Aluksnes_ezers_foto_Ainars_Gaidis-400x400.jpg 400w, https:\/\/visitaluksne.lv\/wp-content\/uploads\/2021\/02\/1_Aluksnes_ezers_foto_Ainars_Gaidis-250x250.jpg 250w, https:\/\/visitaluksne.lv\/wp-content\/uploads\/2021\/02\/1_Aluksnes_ezers_foto_Ainars_Gaidis-300x300.jpg 300w, https:\/\/visitaluksne.lv\/wp-content\/uploads\/2021\/02\/1_Aluksnes_ezers_foto_Ainars_Gaidis-600x600.jpg 600w\" sizes=\"auto, (max-width: 400px) 100vw, 400px\" \/>\t\t\t\t\t\t\t\t    \t\t\t\t<\/a>\n\t\t\t\t\t\t\t    \t\t\t<\/figure>\n\t\t\t\n\t<div class=\"post-content\">\n\n\t\t\n\t\t\t<div class=\"post-content-inner\">\n\n\t\t\t\t\t\t\n\t\t\t\t\t\t\n\t\t\t\t\t\t<h2 class=\"post-title entry-title\"><a href=\"https:\/\/visitaluksne.lv\/et\/visit\/tikai_aluksne\/\">Ainult Al\u016bksnes<\/a><\/h2>\n\t\t\n\t\t\t<div class=\"entry-content\">\n\n        \n\t<\/div><!-- \/.entry-content -->\n\t\n\t\t\n\t\t\t<\/div>\n\t\t\t<!-- \/.post-content-inner -->\n\t\t\n\t<\/div>\n\t<!-- \/.post-content -->\n\t<\/article>\n<!-- \/.post -->\n<article id=\"portfolio-13160\" class=\"post tf_clearfix portfolio-post cat-562 post-13160 portfolio type-portfolio status-publish has-post-thumbnail hentry portfolio-category-kapec_apmeklet-et has-post-title no-post-date has-post-category has-post-tag has-post-comment has-post-author \">\n\t\n\t\n\t\t\t\t<figure class=\"post-image tf_clearfix\">\n\t\t\t    \t\t\t\t\t\t\t\t<a href=\"https:\/\/visitaluksne.lv\/et\/visit\/kada-ir-aluksne\/\">\n\t\t\t\t\t\t\t\t<img loading=\"lazy\" decoding=\"async\" src=\"https:\/\/visitaluksne.lv\/wp-content\/uploads\/2021\/03\/Titulbilde_Aluksnes-Pilssala-Ainars-Gaidis-400x400.jpg\" width=\"400\" height=\"400\" class=\"wp-post-image wp-image-11161\" title=\"Puhkus Aluksnes\" alt=\"Puhkus Aluksnes\" srcset=\"https:\/\/visitaluksne.lv\/wp-content\/uploads\/2021\/03\/Titulbilde_Aluksnes-Pilssala-Ainars-Gaidis-400x400.jpg 400w, https:\/\/visitaluksne.lv\/wp-content\/uploads\/2021\/03\/Titulbilde_Aluksnes-Pilssala-Ainars-Gaidis-250x250.jpg 250w, https:\/\/visitaluksne.lv\/wp-content\/uploads\/2021\/03\/Titulbilde_Aluksnes-Pilssala-Ainars-Gaidis-600x600.jpg 600w\" sizes=\"auto, (max-width: 400px) 100vw, 400px\" \/>\t\t\t\t\t\t\t\t    \t\t\t\t<\/a>\n\t\t\t\t\t\t\t    \t\t\t<\/figure>\n\t\t\t\n\t<div class=\"post-content\">\n\n\t\t\n\t\t\t<div class=\"post-content-inner\">\n\n\t\t\t\t\t\t\n\t\t\t\t\t\t\n\t\t\t\t\t\t<h2 class=\"post-title entry-title\"><a href=\"https:\/\/visitaluksne.lv\/et\/visit\/kada-ir-aluksne\/\">Milline on Al\u016bksne?<\/a><\/h2>\n\t\t\n\t\t\t<div class=\"entry-content\">\n\n        \n\t<\/div><!-- \/.entry-content -->\n\t\n\t\t\n\t\t\t<\/div>\n\t\t\t<!-- \/.post-content-inner -->\n\t\t\n\t<\/div>\n\t<!-- \/.post-content -->\n\t<\/article>\n<!-- \/.post -->\n<article id=\"portfolio-13161\" class=\"post tf_clearfix portfolio-post cat-562 post-13161 portfolio type-portfolio status-publish has-post-thumbnail hentry portfolio-category-kapec_apmeklet-et has-post-title no-post-date has-post-category has-post-tag has-post-comment has-post-author \">\n\t\n\t\n\t\t\t\t<figure class=\"post-image tf_clearfix\">\n\t\t\t    \t\t\t\t\t\t\t\t<a href=\"https:\/\/visitaluksne.lv\/et\/visit\/aluksnes-vesture\/\">\n\t\t\t\t\t\t\t\t<img loading=\"lazy\" decoding=\"async\" src=\"https:\/\/visitaluksne.lv\/wp-content\/uploads\/2020\/12\/Titulbilde_Pils_iela_1930-tie_gadi_Aluksnes_muzeja_krajums-400x400.jpg\" width=\"400\" height=\"400\" class=\"wp-post-image wp-image-11710\" title=\"Pils t\u00e4nav 1930. aastad\" alt=\"Al\u016bksne ajalugu. Pils t\u00e4nav linn siis ja praegu.\" srcset=\"https:\/\/visitaluksne.lv\/wp-content\/uploads\/2020\/12\/Titulbilde_Pils_iela_1930-tie_gadi_Aluksnes_muzeja_krajums-400x400.jpg 400w, https:\/\/visitaluksne.lv\/wp-content\/uploads\/2020\/12\/Titulbilde_Pils_iela_1930-tie_gadi_Aluksnes_muzeja_krajums-250x250.jpg 250w, https:\/\/visitaluksne.lv\/wp-content\/uploads\/2020\/12\/Titulbilde_Pils_iela_1930-tie_gadi_Aluksnes_muzeja_krajums-600x600.jpg 600w\" sizes=\"auto, (max-width: 400px) 100vw, 400px\" \/>\t\t\t\t\t\t\t\t    \t\t\t\t<\/a>\n\t\t\t\t\t\t\t    \t\t\t<\/figure>\n\t\t\t\n\t<div class=\"post-content\">\n\n\t\t\n\t\t\t<div class=\"post-content-inner\">\n\n\t\t\t\t\t\t\n\t\t\t\t\t\t\n\t\t\t\t\t\t<h2 class=\"post-title entry-title\"><a href=\"https:\/\/visitaluksne.lv\/et\/visit\/aluksnes-vesture\/\">Al\u016bksne ajalugu<\/a><\/h2>\n\t\t\n\t\t\t<div class=\"entry-content\">\n\n        \n\t<\/div><!-- \/.entry-content -->\n\t\n\t\t\n\t\t\t<\/div>\n\t\t\t<!-- \/.post-content-inner -->\n\t\t\n\t<\/div>\n\t<!-- \/.post-content -->\n\t<\/article>\n<!-- \/.post -->\n<\/div><!-- .builder-posts-wrap -->\n    <\/div>\n    <!-- \/module post -->\n\t\t\t\t<\/div><!-- .tb-column-inner -->\n\t\t\t\t\t\t<\/div><!-- .module_column -->\n\t\t\t\t\t\t<\/div><!-- .row_inner -->\n\t\t<\/div><!-- .module_row -->\n\t\t\t\t\t\t\t\t<!-- module_row -->\n\t\t<div  data-css_id=\"yh9c541\" data-lazy=\"1\" class=\"module_row themify_builder_row fullwidth tb_yh9c541 tf_w tf_clearfix\">\n\t\t\t\t\t<div class=\"row_inner col_align_top tb_col_count_1 tf_box tf_rel\">\n\t\t\t\t\t<div  data-lazy=\"1\" class=\"module_column tb-column col-full tb_b3l9541 first\">\n\t\t\t\t\t\t\t\t\t<div class=\"tb-column-inner tf_box tf_w\">\n\t\t\t\t<!-- module template_part -->\n<div  class=\"module module-layout-part tb_izff541 \">\n    <div class=\"tb_layout_part_wrap tf_w\"><!--themify_builder_content-->\n    <div  class=\"themify_builder_content themify_builder_content-8442 themify_builder not_editable_builder in_the_loop\" data-postid=\"8442\">\n        \t\t\t\t<!-- module_row -->\n\t\t<div  data-lazy=\"1\" class=\"module_row themify_builder_row tb_17d5916 tf_w tf_clearfix\">\n\t\t\t\t\t<div class=\"row_inner col_align_top tb_col_count_1 tf_box tf_rel\">\n\t\t\t\t\t<div  data-lazy=\"1\" class=\"module_column tb-column col-full tb_dmae917 first\">\n\t\t\t\t\t\t\t\t\t<div class=\"tb-column-inner tf_box tf_w\">\n\t\t\t\t<!-- module plain text -->\n<div  class=\"module module-plain-text tb_rx4o917 \" data-lazy=\"1\">\n        <div class=\"tb_text_wrap\">\n\t<button onclick=\"window.history.go(-1); return false;\"><img loading=\"lazy\" decoding=\"async\" src=\"https:\/\/visitaluksne.lv\/wp-content\/uploads\/2021\/03\/go-back.png\" alt=\"\" width=\"57\" height=\"25\" \/><\/button>    <\/div>\n<\/div>\n<!-- \/module plain text -->\t\t\t\t<\/div><!-- .tb-column-inner -->\n\t\t\t\t\t\t<\/div><!-- .module_column -->\n\t\t\t\t\t\t<\/div><!-- .row_inner -->\n\t\t<\/div><!-- .module_row -->\n\t\t\t\t    <\/div>\n<!--\/themify_builder_content--><\/div>\n<\/div>\n<!-- \/module template_part -->\t\t\t\t<\/div><!-- .tb-column-inner -->\n\t\t\t\t\t\t<\/div><!-- .module_column -->\n\t\t\t\t\t\t<\/div><!-- .row_inner -->\n\t\t<\/div><!-- .module_row -->\n\t\t\t\t\t\t\t\t<!-- module_row -->\n\t\t<div  data-css_id=\"iii3898\" data-lazy=\"1\" class=\"module_row themify_builder_row fullwidth tb_iii3898 tf_w tf_clearfix hide-tablet hide-tablet_landscape hide-mobile\">\n\t\t\t\t\t<div class=\"row_inner col_align_top tb_col_count_1 tf_box tf_rel\">\n\t\t\t\t\t<div  data-lazy=\"1\" class=\"module_column tb-column col-full tb_0ex6898 first\">\n\t\t\t\t\t\t\t\t\t<div class=\"tb-column-inner tf_box tf_w\">\n\t\t\t\t<!-- module template_part -->\n<div  class=\"module module-layout-part tb_ho4k898 \">\n    <div class=\"tb_layout_part_wrap tf_w\"><!--themify_builder_content-->\n    <div  class=\"themify_builder_content themify_builder_content-8106 themify_builder not_editable_builder in_the_loop\" data-postid=\"8106\">\n        \t\t\t\t<!-- module_row -->\n\t\t<div  data-lazy=\"1\" class=\"module_row themify_builder_row tb_fxt5320 tf_w tf_clearfix hide-tablet hide-tablet_landscape hide-mobile\">\n\t\t\t\t\t<div class=\"row_inner col_align_top tb_col_count_1 tf_box tf_rel\">\n\t\t\t\t\t<div  data-lazy=\"1\" class=\"module_column tb-column col-full tb_9uaw320 first\">\n\t\t\t\t\t\t\t\t\t<div class=\"tb-column-inner tf_box tf_w\">\n\t\t\t\t<!-- module menu -->\n<div  class=\"module module-menu tb_jwmx321  mobile-menu-slide\" data-menu-style=\"mobile-menu-slide\" data-menu-breakpoint=\"0\" data-element-id=\"tb_jwmx321\" data-lazy=\"1\">\n    \t\n\t<div class=\"module-menu-container\"><ul id=\"menu-kapec-apmeklet-estonian\" class=\"ui tf_clearfix nav tf_rel tf_scrollbar fullwidth transparent\"><li id=\"menu-item-12296\" class=\"menu-item-page-11953 menu-item menu-item-type-post_type menu-item-object-page menu-item-home menu-item-12296\"><a href=\"https:\/\/visitaluksne.lv\/et\/\">Alusta<\/a><\/li>\n<li id=\"menu-item-12385\" class=\"menu-item-page-12339 menu-item menu-item-type-post_type menu-item-object-page menu-item-12385\"><a href=\"https:\/\/visitaluksne.lv\/et\/miks-kulastada\/\">Miks k\u00fclastada?<\/a><\/li>\n<li id=\"menu-item-12297\" class=\"menu-item-custom-12297 menu-item menu-item-type-custom menu-item-object-custom menu-item-12297\"><a href=\"https:\/\/visitaluksne.lv\/et\/visit\/tikai_aluksne\/\">Ainult Al\u016bksnes<\/a><\/li>\n<li id=\"menu-item-12298\" class=\"menu-item-custom-12298 menu-item menu-item-type-custom menu-item-object-custom menu-item-12298\"><a href=\"https:\/\/visitaluksne.lv\/et\/visit\/kada-ir-aluksne\/\">Milline on Al\u016bksne?<\/a><\/li>\n<li id=\"menu-item-12299\" class=\"menu-item-custom-12299 menu-item menu-item-type-custom menu-item-object-custom menu-item-12299\"><a href=\"https:\/\/visitaluksne.lv\/et\/visit\/aluksnes-vesture\/\">Al\u016bksne ajalugu<\/a><\/li>\n<\/ul><\/div>\t\t<style>\n\t\t\t.mobile-menu-module[data-module=\"tb_jwmx321\"]{\n\t\t\t\tright:-300px\t\t\t}\n\t\t<\/style>\n\t<\/div>\n<!-- \/module menu -->\n\t\t\t\t<\/div><!-- .tb-column-inner -->\n\t\t\t\t\t\t<\/div><!-- .module_column -->\n\t\t\t\t\t\t<\/div><!-- .row_inner -->\n\t\t<\/div><!-- .module_row -->\n\t\t\t\t    <\/div>\n<!--\/themify_builder_content--><\/div>\n<\/div>\n<!-- \/module template_part -->\t\t\t\t<\/div><!-- .tb-column-inner -->\n\t\t\t\t\t\t<\/div><!-- .module_column -->\n\t\t\t\t\t\t<\/div><!-- .row_inner -->\n\t\t<\/div><!-- .module_row -->\n\t\t\t\t<\/div>\n<!--\/themify_builder_content-->","protected":false},"excerpt":{"rendered":"<p>K\u0101p\u0113c apmekl\u0113t? | K\u0101p\u0113c apmekl\u0113t? Tikai Al\u016bksn\u0113 K\u0101da ir Al\u016bksne? Al\u016bksnes v\u0113sture<\/p>\n","protected":false},"author":1,"featured_media":0,"parent":0,"menu_order":1,"comment_status":"closed","ping_status":"closed","template":"","meta":{"footnotes":""},"class_list":["post-12339","page","type-page","status-publish","hentry","has-post-title","has-post-date","has-post-category","has-post-tag","has-post-comment","has-post-author",""],"yoast_head":"<title>Miks k\u00fclastada? Puhkus Aluksnes - VisitAluksne<\/title>\n<meta name=\"description\" content=\"Al\u016bksnes kohtute sajandeid, armute Al\u016bksne j\u00e4rve, tunnete k\u00fclalislahkust ja kultuurip\u00e4randit, n\u00e4ete B\u0101n\u012btist, l\u00f5\u00f5gastute Veclaicene maalilises looduses.\" \/>\n<meta name=\"robots\" content=\"index, follow, max-snippet:-1, max-image-preview:large, max-video-preview:-1\" \/>\n<link rel=\"canonical\" href=\"https:\/\/visitaluksne.lv\/et\/miks-kulastada\/\" \/>\n<meta property=\"og:locale\" content=\"et_EE\" \/>\n<meta property=\"og:type\" content=\"article\" \/>\n<meta property=\"og:title\" content=\"Miks k\u00fclastada? Puhkus Aluksnes - VisitAluksne\" \/>\n<meta property=\"og:description\" content=\"Al\u016bksnes kohtute sajandeid, armute Al\u016bksne j\u00e4rve, tunnete k\u00fclalislahkust ja kultuurip\u00e4randit, n\u00e4ete B\u0101n\u012btist, l\u00f5\u00f5gastute Veclaicene maalilises looduses.\" \/>\n<meta property=\"og:url\" content=\"https:\/\/visitaluksne.lv\/et\/miks-kulastada\/\" \/>\n<meta property=\"og:site_name\" content=\"VisitAluksne\" \/>\n<meta property=\"article:publisher\" content=\"https:\/\/www.facebook.com\/visitaluksne\/\" \/>\n<meta property=\"article:modified_time\" content=\"2026-03-19T09:42:52+00:00\" \/>\n<meta property=\"og:image\" content=\"https:\/\/visitaluksne.lv\/wp-content\/uploads\/2021\/03\/VisitAluksne.png\" \/>\n\t<meta property=\"og:image:width\" content=\"240\" \/>\n\t<meta property=\"og:image:height\" content=\"100\" \/>\n\t<meta property=\"og:image:type\" content=\"image\/png\" \/>\n<meta name=\"twitter:card\" content=\"summary_large_image\" \/>\n<script type=\"application\/ld+json\" class=\"yoast-schema-graph\">{\"@context\":\"https:\\\/\\\/schema.org\",\"@graph\":[{\"@type\":\"WebPage\",\"@id\":\"https:\\\/\\\/visitaluksne.lv\\\/et\\\/miks-kulastada\\\/\",\"url\":\"https:\\\/\\\/visitaluksne.lv\\\/et\\\/miks-kulastada\\\/\",\"name\":\"Miks k\u00fclastada? Puhkus Aluksnes - VisitAluksne\",\"isPartOf\":{\"@id\":\"https:\\\/\\\/visitaluksne.lv\\\/et\\\/#website\"},\"datePublished\":\"2020-10-13T10:30:49+00:00\",\"dateModified\":\"2026-03-19T09:42:52+00:00\",\"description\":\"Al\u016bksnes kohtute sajandeid, armute Al\u016bksne j\u00e4rve, tunnete k\u00fclalislahkust ja kultuurip\u00e4randit, n\u00e4ete B\u0101n\u012btist, l\u00f5\u00f5gastute Veclaicene maalilises looduses.\",\"breadcrumb\":{\"@id\":\"https:\\\/\\\/visitaluksne.lv\\\/et\\\/miks-kulastada\\\/#breadcrumb\"},\"inLanguage\":\"et\",\"potentialAction\":[{\"@type\":\"ReadAction\",\"target\":[\"https:\\\/\\\/visitaluksne.lv\\\/et\\\/miks-kulastada\\\/\"]}]},{\"@type\":\"BreadcrumbList\",\"@id\":\"https:\\\/\\\/visitaluksne.lv\\\/et\\\/miks-kulastada\\\/#breadcrumb\",\"itemListElement\":[{\"@type\":\"ListItem\",\"position\":1,\"name\":\"Home\",\"item\":\"https:\\\/\\\/visitaluksne.lv\\\/et\\\/\"},{\"@type\":\"ListItem\",\"position\":2,\"name\":\"Miks k\u00fclastada?\"}]},{\"@type\":\"WebSite\",\"@id\":\"https:\\\/\\\/visitaluksne.lv\\\/et\\\/#website\",\"url\":\"https:\\\/\\\/visitaluksne.lv\\\/et\\\/\",\"name\":\"VisitAluksne\",\"description\":\"\",\"publisher\":{\"@id\":\"https:\\\/\\\/visitaluksne.lv\\\/et\\\/#organization\"},\"potentialAction\":[{\"@type\":\"SearchAction\",\"target\":{\"@type\":\"EntryPoint\",\"urlTemplate\":\"https:\\\/\\\/visitaluksne.lv\\\/et\\\/?s={search_term_string}\"},\"query-input\":{\"@type\":\"PropertyValueSpecification\",\"valueRequired\":true,\"valueName\":\"search_term_string\"}}],\"inLanguage\":\"et\"},{\"@type\":\"Organization\",\"@id\":\"https:\\\/\\\/visitaluksne.lv\\\/et\\\/#organization\",\"name\":\"Al\u016bksnes T\u016brisma inform\u0101cijas centrs\",\"url\":\"https:\\\/\\\/visitaluksne.lv\\\/et\\\/\",\"logo\":{\"@type\":\"ImageObject\",\"inLanguage\":\"et\",\"@id\":\"https:\\\/\\\/visitaluksne.lv\\\/et\\\/#\\\/schema\\\/logo\\\/image\\\/\",\"url\":\"https:\\\/\\\/visitaluksne.lv\\\/wp-content\\\/uploads\\\/2021\\\/03\\\/VisitAluksne.png\",\"contentUrl\":\"https:\\\/\\\/visitaluksne.lv\\\/wp-content\\\/uploads\\\/2021\\\/03\\\/VisitAluksne.png\",\"width\":240,\"height\":100,\"caption\":\"Al\u016bksnes T\u016brisma inform\u0101cijas centrs\"},\"image\":{\"@id\":\"https:\\\/\\\/visitaluksne.lv\\\/et\\\/#\\\/schema\\\/logo\\\/image\\\/\"},\"sameAs\":[\"https:\\\/\\\/www.facebook.com\\\/visitaluksne\\\/\",\"https:\\\/\\\/www.instagram.com\\\/visitaluksne\\\/\"]}]}<\/script>","yoast_head_json":{"title":"Miks k\u00fclastada? Puhkus Aluksnes - VisitAluksne","description":"Al\u016bksnes kohtute sajandeid, armute Al\u016bksne j\u00e4rve, tunnete k\u00fclalislahkust ja kultuurip\u00e4randit, n\u00e4ete B\u0101n\u012btist, l\u00f5\u00f5gastute Veclaicene maalilises looduses.","robots":{"index":"index","follow":"follow","max-snippet":"max-snippet:-1","max-image-preview":"max-image-preview:large","max-video-preview":"max-video-preview:-1"},"canonical":"https:\/\/visitaluksne.lv\/et\/miks-kulastada\/","og_locale":"et_EE","og_type":"article","og_title":"Miks k\u00fclastada? Puhkus Aluksnes - VisitAluksne","og_description":"Al\u016bksnes kohtute sajandeid, armute Al\u016bksne j\u00e4rve, tunnete k\u00fclalislahkust ja kultuurip\u00e4randit, n\u00e4ete B\u0101n\u012btist, l\u00f5\u00f5gastute Veclaicene maalilises looduses.","og_url":"https:\/\/visitaluksne.lv\/et\/miks-kulastada\/","og_site_name":"VisitAluksne","article_publisher":"https:\/\/www.facebook.com\/visitaluksne\/","article_modified_time":"2026-03-19T09:42:52+00:00","og_image":[{"width":240,"height":100,"url":"https:\/\/visitaluksne.lv\/wp-content\/uploads\/2021\/03\/VisitAluksne.png","type":"image\/png"}],"twitter_card":"summary_large_image","schema":{"@context":"https:\/\/schema.org","@graph":[{"@type":"WebPage","@id":"https:\/\/visitaluksne.lv\/et\/miks-kulastada\/","url":"https:\/\/visitaluksne.lv\/et\/miks-kulastada\/","name":"Miks k\u00fclastada? Puhkus Aluksnes - VisitAluksne","isPartOf":{"@id":"https:\/\/visitaluksne.lv\/et\/#website"},"datePublished":"2020-10-13T10:30:49+00:00","dateModified":"2026-03-19T09:42:52+00:00","description":"Al\u016bksnes kohtute sajandeid, armute Al\u016bksne j\u00e4rve, tunnete k\u00fclalislahkust ja kultuurip\u00e4randit, n\u00e4ete B\u0101n\u012btist, l\u00f5\u00f5gastute Veclaicene maalilises looduses.","breadcrumb":{"@id":"https:\/\/visitaluksne.lv\/et\/miks-kulastada\/#breadcrumb"},"inLanguage":"et","potentialAction":[{"@type":"ReadAction","target":["https:\/\/visitaluksne.lv\/et\/miks-kulastada\/"]}]},{"@type":"BreadcrumbList","@id":"https:\/\/visitaluksne.lv\/et\/miks-kulastada\/#breadcrumb","itemListElement":[{"@type":"ListItem","position":1,"name":"Home","item":"https:\/\/visitaluksne.lv\/et\/"},{"@type":"ListItem","position":2,"name":"Miks k\u00fclastada?"}]},{"@type":"WebSite","@id":"https:\/\/visitaluksne.lv\/et\/#website","url":"https:\/\/visitaluksne.lv\/et\/","name":"VisitAluksne","description":"","publisher":{"@id":"https:\/\/visitaluksne.lv\/et\/#organization"},"potentialAction":[{"@type":"SearchAction","target":{"@type":"EntryPoint","urlTemplate":"https:\/\/visitaluksne.lv\/et\/?s={search_term_string}"},"query-input":{"@type":"PropertyValueSpecification","valueRequired":true,"valueName":"search_term_string"}}],"inLanguage":"et"},{"@type":"Organization","@id":"https:\/\/visitaluksne.lv\/et\/#organization","name":"Al\u016bksnes T\u016brisma inform\u0101cijas centrs","url":"https:\/\/visitaluksne.lv\/et\/","logo":{"@type":"ImageObject","inLanguage":"et","@id":"https:\/\/visitaluksne.lv\/et\/#\/schema\/logo\/image\/","url":"https:\/\/visitaluksne.lv\/wp-content\/uploads\/2021\/03\/VisitAluksne.png","contentUrl":"https:\/\/visitaluksne.lv\/wp-content\/uploads\/2021\/03\/VisitAluksne.png","width":240,"height":100,"caption":"Al\u016bksnes T\u016brisma inform\u0101cijas centrs"},"image":{"@id":"https:\/\/visitaluksne.lv\/et\/#\/schema\/logo\/image\/"},"sameAs":["https:\/\/www.facebook.com\/visitaluksne\/","https:\/\/www.instagram.com\/visitaluksne\/"]}]}},"_links":{"self":[{"href":"https:\/\/visitaluksne.lv\/et\/wp-json\/wp\/v2\/pages\/12339","targetHints":{"allow":["GET"]}}],"collection":[{"href":"https:\/\/visitaluksne.lv\/et\/wp-json\/wp\/v2\/pages"}],"about":[{"href":"https:\/\/visitaluksne.lv\/et\/wp-json\/wp\/v2\/types\/page"}],"author":[{"embeddable":true,"href":"https:\/\/visitaluksne.lv\/et\/wp-json\/wp\/v2\/users\/1"}],"replies":[{"embeddable":true,"href":"https:\/\/visitaluksne.lv\/et\/wp-json\/wp\/v2\/comments?post=12339"}],"version-history":[{"count":1,"href":"https:\/\/visitaluksne.lv\/et\/wp-json\/wp\/v2\/pages\/12339\/revisions"}],"predecessor-version":[{"id":42036,"href":"https:\/\/visitaluksne.lv\/et\/wp-json\/wp\/v2\/pages\/12339\/revisions\/42036"}],"wp:attachment":[{"href":"https:\/\/visitaluksne.lv\/et\/wp-json\/wp\/v2\/media?parent=12339"}],"curies":[{"name":"wp","href":"https:\/\/api.w.org\/{rel}","templated":true}]}}