{"id":12341,"date":"2020-10-13T13:54:07","date_gmt":"2020-10-13T10:54:07","guid":{"rendered":"https:\/\/visitaluksne.lv\/kus-einestada\/"},"modified":"2022-03-18T16:29:05","modified_gmt":"2022-03-18T14:29:05","slug":"kus-einestada","status":"publish","type":"page","link":"https:\/\/visitaluksne.lv\/et\/kus-einestada\/","title":{"rendered":"Kus einestada?"},"content":{"rendered":"<!--themify_builder_content-->\n<div id=\"themify_builder_content-12341\" data-postid=\"12341\" class=\"themify_builder_content themify_builder_content-12341 themify_builder tf_clear\">\n    \t\t\t\t<!-- module_row -->\n\t\t<div  data-css_id=\"efgj121\" data-lazy=\"1\" class=\"module_row themify_builder_row fullwidth tb_efgj121 tb_first tf_w tf_clearfix\">\n\t\t\t\t\t<div class=\"row_inner gutter-none col_align_top tb_col_count_2 tf_box tf_rel\">\n\t\t\t\t\t<div  data-lazy=\"1\" class=\"module_column tb-column col4-3 tb_nad1121 first\">\n\t\t\t\t\t\t\t\t\t<div class=\"tb-column-inner tf_box tf_w\">\n\t\t\t\t<!-- module fancy heading -->\n<div  class=\"module module-fancy-heading tb_t9ql121  inline-fancy-heading tb_hide_divider\" data-lazy=\"1\">\n\t    <h1 class=\"fancy-heading tf_textc\">\n    <span class=\"main-head tf_inline_b\">\n\t\t\t\t\tKus einestada?\t\t    <\/span>\n\n\t\n    <span class=\"sub-head tf_inline_b tf_rel\">\n\t\t\t\t\t\t\t    <\/span>\n    <\/h1>\n<\/div>\n<!-- \/module fancy heading -->\n\t\t\t\t<\/div><!-- .tb-column-inner -->\n\t\t\t\t\t\t<\/div><!-- .module_column -->\n\t\t\t\t\t<div  data-lazy=\"1\" class=\"module_column tb-column col4-1 tb_4bzc121 last\">\n\t\t\t\t\t\t\t\t\t<div class=\"tb-column-inner tf_box tf_w\">\n\t\t\t\t<!-- module buttons -->\n<div  class=\"module module-buttons tb_e1iv121 buttons-horizontal solid  large buttons-fullwidth\" data-lazy=\"1\">\n\t\t<div class=\"module-buttons-item tf_inline_b\">\n\t\t\t\t\t\t<a href=\"https:\/\/maps.kartes.lv\/clients\/simplymap\/?aluksne&#038;layers=4\" class=\"ui builder_button themify_lightbox transparent\" data-zoom-config=\"800px|800px\">\n\t\t\t\t\t\t\t\t<em class=\"tf_inline_b tf_vmiddle\"><svg  class=\"tf_fa tf-fas-map-marked\" aria-hidden=\"true\"><use href=\"#tf-fas-map-marked\"><\/use><\/svg><\/em>\t\t\t\t\t\t\t<span class=\"tf_inline_b tf_vmiddle\">Vaata kaardilt<\/span>\n\t\t\t\t\t\t\t\t\t\t\t\t<\/a>\n\t\t\t\t\t\t<\/div>\n\t\t\t<\/div>\n<!-- \/module buttons -->\n\t\t\t\t<\/div><!-- .tb-column-inner -->\n\t\t\t\t\t\t<\/div><!-- .module_column -->\n\t\t\t\t\t\t<\/div><!-- .row_inner -->\n\t\t<\/div><!-- .module_row -->\n\t\t\t\t\t\t\t\t<!-- module_row -->\n\t\t<div  data-lazy=\"1\" class=\"module_row themify_builder_row tb_gxg8833 tf_w tf_clearfix\">\n\t\t\t\t\t<div class=\"row_inner col_align_top tb_col_count_1 tf_box tf_rel\">\n\t\t\t\t\t<div  data-lazy=\"1\" class=\"module_column tb-column col-full tb_gnf2834 first\">\n\t\t\t\t\t\t\t\t\t<div class=\"tb-column-inner tf_box tf_w\">\n\t\t\t\t<!-- module post -->\n<div  class=\"module module-portfolio tb_b0wu336  tb_fullwidth_image\">\n        <div  class=\"builder-posts-wrap loops-wrapper portfolio grid4 classic tf_clear tf_clearfix\" data-lazy=\"1\">\n\t<article id=\"portfolio-12514\" class=\"post tf_clearfix portfolio-post cat-739 post-12514 portfolio type-portfolio status-publish has-post-thumbnail hentry portfolio-category-restoranikafejnicas-et has-post-title no-post-date has-post-category has-post-tag has-post-comment has-post-author \">\n\t\n\t\n\t\t\t\t<figure class=\"post-image tf_clearfix\">\n\t\t\t    \t\t\t\t\t\t\t\t<a href=\"https:\/\/visitaluksne.lv\/et\/visit\/restorani-kafejnicas\/\">\n\t\t\t\t\t\t\t\t<img loading=\"lazy\" decoding=\"async\" src=\"https:\/\/visitaluksne.lv\/wp-content\/uploads\/2020\/12\/Benevilla-kafejnica1-400x400.jpg\" width=\"400\" height=\"400\" class=\"wp-post-image wp-image-15221\" title=\"Hotell, Kohvik Benevilla\" alt=\"Hotell, Kohvik Benevilla\" srcset=\"https:\/\/visitaluksne.lv\/wp-content\/uploads\/2020\/12\/Benevilla-kafejnica1-400x400.jpg 400w, https:\/\/visitaluksne.lv\/wp-content\/uploads\/2020\/12\/Benevilla-kafejnica1-250x250.jpg 250w, https:\/\/visitaluksne.lv\/wp-content\/uploads\/2020\/12\/Benevilla-kafejnica1-600x600.jpg 600w\" sizes=\"auto, (max-width: 400px) 100vw, 400px\" \/>\t\t\t\t\t\t\t\t    \t\t\t\t<\/a>\n\t\t\t\t\t\t\t    \t\t\t<\/figure>\n\t\t\t\n\t<div class=\"post-content\">\n\n\t\t\n\t\t\t<div class=\"post-content-inner\">\n\n\t\t\t\t\t\t\n\t\t\t\t\t\t\n\t\t\t\t\t\t<h2 class=\"post-title entry-title\"><a href=\"https:\/\/visitaluksne.lv\/et\/visit\/restorani-kafejnicas\/\">Restoranid ja kohvikud<\/a><\/h2>\n\t\t\n\t\t\t<div class=\"entry-content\">\n\n        \n\t<\/div><!-- \/.entry-content -->\n\t\n\t\t\n\t\t\t<\/div>\n\t\t\t<!-- \/.post-content-inner -->\n\t\t\n\t<\/div>\n\t<!-- \/.post-content -->\n\t<\/article>\n<!-- \/.post -->\n<article id=\"portfolio-12511\" class=\"post tf_clearfix portfolio-post cat-733 post-12511 portfolio type-portfolio status-publish has-post-thumbnail hentry portfolio-category-bistropicerija-et has-post-title no-post-date has-post-category has-post-tag has-post-comment has-post-author \">\n\t\n\t\n\t\t\t\t<figure class=\"post-image tf_clearfix\">\n\t\t\t    \t\t\t\t\t\t\t\t<a href=\"https:\/\/visitaluksne.lv\/et\/visit\/bistro-un-picerijas\/\">\n\t\t\t\t\t\t\t\t<img loading=\"lazy\" decoding=\"async\" src=\"https:\/\/visitaluksne.lv\/wp-content\/uploads\/2021\/02\/Altins_1-400x400.jpg\" width=\"400\" height=\"400\" class=\"wp-post-image wp-image-7670\" title=\"Kohvik Alti\u0146\u0161\" alt=\"Kohvik Alti\u0146\u0161\" srcset=\"https:\/\/visitaluksne.lv\/wp-content\/uploads\/2021\/02\/Altins_1-400x400.jpg 400w, https:\/\/visitaluksne.lv\/wp-content\/uploads\/2021\/02\/Altins_1-250x250.jpg 250w, https:\/\/visitaluksne.lv\/wp-content\/uploads\/2021\/02\/Altins_1-600x600.jpg 600w\" sizes=\"auto, (max-width: 400px) 100vw, 400px\" \/>\t\t\t\t\t\t\t\t    \t\t\t\t<\/a>\n\t\t\t\t\t\t\t    \t\t\t<\/figure>\n\t\t\t\n\t<div class=\"post-content\">\n\n\t\t\n\t\t\t<div class=\"post-content-inner\">\n\n\t\t\t\t\t\t\n\t\t\t\t\t\t\n\t\t\t\t\t\t<h2 class=\"post-title entry-title\"><a href=\"https:\/\/visitaluksne.lv\/et\/visit\/bistro-un-picerijas\/\">Bistrood ja pitsakohad<\/a><\/h2>\n\t\t\n\t\t\t<div class=\"entry-content\">\n\n        \n\t<\/div><!-- \/.entry-content -->\n\t\n\t\t\n\t\t\t<\/div>\n\t\t\t<!-- \/.post-content-inner -->\n\t\t\n\t<\/div>\n\t<!-- \/.post-content -->\n\t<\/article>\n<!-- \/.post -->\n<article id=\"portfolio-12457\" class=\"post tf_clearfix portfolio-post cat-753 post-12457 portfolio type-portfolio status-publish has-post-thumbnail hentry portfolio-category-piknikvieta-et has-post-title no-post-date has-post-category has-post-tag has-post-comment has-post-author \">\n\t\n\t\n\t\t\t\t<figure class=\"post-image tf_clearfix\">\n\t\t\t    \t\t\t\t\t\t\t\t<a href=\"https:\/\/visitaluksne.lv\/et\/visit\/piknika-vietas\/\">\n\t\t\t\t\t\t\t\t<img loading=\"lazy\" decoding=\"async\" src=\"https:\/\/visitaluksne.lv\/wp-content\/uploads\/2021\/02\/Pikniks-400x400.jpg\" width=\"400\" height=\"400\" class=\"wp-post-image wp-image-8541\" title=\"Piknikukohad\" alt=\"Piknikukohad Al\u016bksnes\" srcset=\"https:\/\/visitaluksne.lv\/wp-content\/uploads\/2021\/02\/Pikniks-400x400.jpg 400w, https:\/\/visitaluksne.lv\/wp-content\/uploads\/2021\/02\/Pikniks-250x250.jpg 250w, https:\/\/visitaluksne.lv\/wp-content\/uploads\/2021\/02\/Pikniks-600x600.jpg 600w\" sizes=\"auto, (max-width: 400px) 100vw, 400px\" \/>\t\t\t\t\t\t\t\t    \t\t\t\t<\/a>\n\t\t\t\t\t\t\t    \t\t\t<\/figure>\n\t\t\t\n\t<div class=\"post-content\">\n\n\t\t\n\t\t\t<div class=\"post-content-inner\">\n\n\t\t\t\t\t\t\n\t\t\t\t\t\t\n\t\t\t\t\t\t<h2 class=\"post-title entry-title\"><a href=\"https:\/\/visitaluksne.lv\/et\/visit\/piknika-vietas\/\">Piknikukohad<\/a><\/h2>\n\t\t\n\t\t\t<div class=\"entry-content\">\n\n        \n\t<\/div><!-- \/.entry-content -->\n\t\n\t\t\n\t\t\t<\/div>\n\t\t\t<!-- \/.post-content-inner -->\n\t\t\n\t<\/div>\n\t<!-- \/.post-content -->\n\t<\/article>\n<!-- \/.post -->\n<article id=\"portfolio-12459\" class=\"post tf_clearfix portfolio-post cat-741 post-12459 portfolio type-portfolio status-publish has-post-thumbnail hentry portfolio-category-aluksnes_garsa-et has-post-title no-post-date has-post-category has-post-tag has-post-comment has-post-author \">\n\t\n\t\n\t\t\t\t<figure class=\"post-image tf_clearfix\">\n\t\t\t    \t\t\t\t\t\t\t\t<a href=\"https:\/\/visitaluksne.lv\/et\/visit\/aluksnes-garsas\/\">\n\t\t\t\t\t\t\t\t<img loading=\"lazy\" decoding=\"async\" src=\"https:\/\/visitaluksne.lv\/wp-content\/uploads\/2021\/02\/Profitroli-400x400.jpg\" width=\"400\" height=\"400\" class=\"wp-post-image wp-image-8517\" title=\"Profitroolid\" alt=\"Profitroolid - suurep\u00e4rane Aluksne maitse\" srcset=\"https:\/\/visitaluksne.lv\/wp-content\/uploads\/2021\/02\/Profitroli-400x400.jpg 400w, https:\/\/visitaluksne.lv\/wp-content\/uploads\/2021\/02\/Profitroli-250x250.jpg 250w, https:\/\/visitaluksne.lv\/wp-content\/uploads\/2021\/02\/Profitroli-600x600.jpg 600w\" sizes=\"auto, (max-width: 400px) 100vw, 400px\" \/>\t\t\t\t\t\t\t\t    \t\t\t\t<\/a>\n\t\t\t\t\t\t\t    \t\t\t<\/figure>\n\t\t\t\n\t<div class=\"post-content\">\n\n\t\t\n\t\t\t<div class=\"post-content-inner\">\n\n\t\t\t\t\t\t\n\t\t\t\t\t\t\n\t\t\t\t\t\t<h2 class=\"post-title entry-title\"><a href=\"https:\/\/visitaluksne.lv\/et\/visit\/aluksnes-garsas\/\">Al\u016bksne maitsed<\/a><\/h2>\n\t\t\n\t\t\t<div class=\"entry-content\">\n\n        \n\t<\/div><!-- \/.entry-content -->\n\t\n\t\t\n\t\t\t<\/div>\n\t\t\t<!-- \/.post-content-inner -->\n\t\t\n\t<\/div>\n\t<!-- \/.post-content -->\n\t<\/article>\n<!-- \/.post -->\n<\/div><!-- .builder-posts-wrap -->\n    <\/div>\n    <!-- \/module post -->\n\t\t\t\t<\/div><!-- .tb-column-inner -->\n\t\t\t\t\t\t<\/div><!-- .module_column -->\n\t\t\t\t\t\t<\/div><!-- .row_inner -->\n\t\t<\/div><!-- .module_row -->\n\t\t\t\t\t\t\t\t<!-- module_row -->\n\t\t<div  data-css_id=\"yh9c541\" data-lazy=\"1\" class=\"module_row themify_builder_row fullwidth tb_yh9c541 tf_w tf_clearfix\">\n\t\t\t\t\t<div class=\"row_inner col_align_top tb_col_count_1 tf_box tf_rel\">\n\t\t\t\t\t<div  data-lazy=\"1\" class=\"module_column tb-column col-full tb_b3l9541 first\">\n\t\t\t\t\t\t\t\t\t<div class=\"tb-column-inner tf_box tf_w\">\n\t\t\t\t<!-- module template_part -->\n<div  class=\"module module-layout-part tb_izff541 \">\n    <div class=\"tb_layout_part_wrap tf_w\">\n<!--themify_builder_content-->\n    <div  class=\"themify_builder_content themify_builder_content-8442 themify_builder not_editable_builder in_the_loop\" data-postid=\"8442\">\n        \t\t\t\t<!-- module_row -->\n\t\t<div  data-lazy=\"1\" class=\"module_row themify_builder_row tb_17d5916 tf_w tf_clearfix\">\n\t\t\t\t\t<div class=\"row_inner col_align_top tb_col_count_1 tf_box tf_rel\">\n\t\t\t\t\t<div  data-lazy=\"1\" class=\"module_column tb-column col-full tb_dmae917 first\">\n\t\t\t\t\t\t\t\t\t<div class=\"tb-column-inner tf_box tf_w\">\n\t\t\t\t<!-- module plain text -->\n<div  class=\"module module-plain-text tb_rx4o917 \" data-lazy=\"1\">\n        <div class=\"tb_text_wrap\">\n\t<button onclick=\"window.history.go(-1); return false;\"><img loading=\"lazy\" decoding=\"async\" src=\"https:\/\/visitaluksne.lv\/wp-content\/uploads\/2021\/03\/go-back.png\" alt=\"\" width=\"57\" height=\"25\" \/><\/button>    <\/div>\n<\/div>\n<!-- \/module plain text -->\t\t\t\t<\/div><!-- .tb-column-inner -->\n\t\t\t\t\t\t<\/div><!-- .module_column -->\n\t\t\t\t\t\t<\/div><!-- .row_inner -->\n\t\t<\/div><!-- .module_row -->\n\t\t\t\t    <\/div>\n<!--\/themify_builder_content-->\n<\/div>\n<\/div>\n<!-- \/module template_part -->\t\t\t\t<\/div><!-- .tb-column-inner -->\n\t\t\t\t\t\t<\/div><!-- .module_column -->\n\t\t\t\t\t\t<\/div><!-- .row_inner -->\n\t\t<\/div><!-- .module_row -->\n\t\t\t\t\t\t\t\t<!-- module_row -->\n\t\t<div  data-css_id=\"bfre588\" data-lazy=\"1\" class=\"module_row themify_builder_row fullwidth tb_bfre588 tf_w tf_clearfix\">\n\t\t\t\t\t<div class=\"row_inner col_align_top tb_col_count_1 tf_box tf_rel\">\n\t\t\t\t\t<div  data-lazy=\"1\" class=\"module_column tb-column col-full tb_yi0r589 first\">\n\t\t\t\t\t\t\t\t\t<div class=\"tb-column-inner tf_box tf_w\">\n\t\t\t\t<!-- module template_part -->\n<div  class=\"module module-layout-part tb_get3323 \">\n    <div class=\"tb_layout_part_wrap tf_w\">\n<!--themify_builder_content-->\n    <div  class=\"themify_builder_content themify_builder_content-5164 themify_builder not_editable_builder in_the_loop\" data-postid=\"5164\">\n        \t\t\t\t<!-- module_row -->\n\t\t<div  data-lazy=\"1\" class=\"module_row themify_builder_row tb_7mdu450 tf_w tf_clearfix hide-tablet hide-tablet_landscape hide-mobile\">\n\t\t\t\t\t<div class=\"row_inner col_align_top tb_col_count_1 tf_box tf_rel\">\n\t\t\t\t\t<div  data-lazy=\"1\" class=\"module_column tb-column col-full tb_pwhl451 first\">\n\t\t\t\t\t\t\t\t\t<div class=\"tb-column-inner tf_box tf_w\">\n\t\t\t\t<!-- module menu -->\n<div  class=\"module module-menu tb_gz3b451  mobile-menu-slide\" data-menu-style=\"mobile-menu-slide\" data-menu-breakpoint=\"0\" data-element-id=\"tb_gz3b451\" data-lazy=\"1\">\n    \t\n\t<div class=\"module-menu-container\"><ul id=\"menu-kur-paest-estonian\" class=\"ui tf_clearfix nav tf_rel tf_scrollbar fullwidth transparent\"><li id=\"menu-item-12244\" class=\"menu-item-page-11953 menu-item menu-item-type-post_type menu-item-object-page menu-item-home menu-item-12244\"><a href=\"https:\/\/visitaluksne.lv\/et\/\">Alusta<\/a><\/li>\n<li id=\"menu-item-12377\" class=\"menu-item-page-12341 menu-item menu-item-type-post_type menu-item-object-page menu-item-12377\"><a href=\"https:\/\/visitaluksne.lv\/et\/kus-einestada\/\">Kus einestada?<\/a><\/li>\n<li id=\"menu-item-12245\" class=\"menu-item-custom-12245 menu-item menu-item-type-custom menu-item-object-custom menu-item-12245\"><a href=\"https:\/\/visitaluksne.lv\/et\/visit\/restorani-kafejnicas\/\">Restoranid ja kohvikud<\/a><\/li>\n<li id=\"menu-item-12246\" class=\"menu-item-custom-12246 menu-item menu-item-type-custom menu-item-object-custom menu-item-12246\"><a href=\"https:\/\/visitaluksne.lv\/et\/visit\/bistro-un-picerijas\/\">Bistrood ja pitsakohad<\/a><\/li>\n<li id=\"menu-item-12247\" class=\"menu-item-custom-12247 menu-item menu-item-type-custom menu-item-object-custom menu-item-12247\"><a href=\"https:\/\/visitaluksne.lv\/et\/visit\/krodzini-bari\/\">K\u00f5rtsid, baarid<\/a><\/li>\n<li id=\"menu-item-12248\" class=\"menu-item-custom-12248 menu-item menu-item-type-custom menu-item-object-custom menu-item-12248\"><a href=\"https:\/\/visitaluksne.lv\/et\/visit\/piknika-vietas\/\">Piknikukohad<\/a><\/li>\n<li id=\"menu-item-12249\" class=\"menu-item-custom-12249 menu-item menu-item-type-custom menu-item-object-custom menu-item-12249\"><a href=\"https:\/\/visitaluksne.lv\/et\/visit\/aluksnes-garsas\/\">Al\u016bksne maitsed<\/a><\/li>\n<\/ul><\/div>\t\t<style>\n\t\t\t.mobile-menu-module[data-module=\"tb_gz3b451\"]{\n\t\t\t\tright:-300px\t\t\t}\n\t\t<\/style>\n\t<\/div>\n<!-- \/module menu -->\n\t\t\t\t<\/div><!-- .tb-column-inner -->\n\t\t\t\t\t\t<\/div><!-- .module_column -->\n\t\t\t\t\t\t<\/div><!-- .row_inner -->\n\t\t<\/div><!-- .module_row -->\n\t\t\t\t    <\/div>\n<!--\/themify_builder_content-->\n<\/div>\n<\/div>\n<!-- \/module template_part -->\t\t\t\t<\/div><!-- .tb-column-inner -->\n\t\t\t\t\t\t<\/div><!-- .module_column -->\n\t\t\t\t\t\t<\/div><!-- .row_inner -->\n\t\t<\/div><!-- .module_row -->\n\t\t\t\t<\/div>\n<!--\/themify_builder_content-->\n","protected":false},"excerpt":{"rendered":"","protected":false},"author":1,"featured_media":0,"parent":0,"menu_order":4,"comment_status":"closed","ping_status":"closed","template":"","meta":{"footnotes":""},"class_list":["post-12341","page","type-page","status-publish","hentry","has-post-title","has-post-date","has-post-category","has-post-tag","has-post-comment","has-post-author",""],"yoast_head":"<title>Kus einestada? Kafejn\u012bcas restor\u0101ni bistro Al\u016bksn\u0113 - VisitAluksne<\/title>\n<meta name=\"description\" content=\"visitaluksne avasta Al\u016bksne l\u00e4ti toit kohvik Restoranid Piknikukohad V\u00e4literrass Euroopa k\u00f6\u00f6k, L\u00e4tip\u00e4rased toidud Pitsakoht lastemen\u00fc\u00fc\" \/>\n<meta name=\"robots\" content=\"index, follow, max-snippet:-1, max-image-preview:large, max-video-preview:-1\" \/>\n<link rel=\"canonical\" href=\"https:\/\/visitaluksne.lv\/et\/kus-einestada\/\" \/>\n<meta property=\"og:locale\" content=\"et_EE\" \/>\n<meta property=\"og:type\" content=\"article\" \/>\n<meta property=\"og:title\" content=\"Kus einestada? Kafejn\u012bcas restor\u0101ni bistro Al\u016bksn\u0113 - VisitAluksne\" \/>\n<meta property=\"og:description\" content=\"visitaluksne avasta Al\u016bksne l\u00e4ti toit kohvik Restoranid Piknikukohad V\u00e4literrass Euroopa k\u00f6\u00f6k, L\u00e4tip\u00e4rased toidud Pitsakoht lastemen\u00fc\u00fc\" \/>\n<meta property=\"og:url\" content=\"https:\/\/visitaluksne.lv\/et\/kus-einestada\/\" \/>\n<meta property=\"og:site_name\" content=\"VisitAluksne\" \/>\n<meta property=\"article:publisher\" content=\"https:\/\/www.facebook.com\/visitaluksne\/\" \/>\n<meta property=\"article:modified_time\" content=\"2022-03-18T14:29:05+00:00\" \/>\n<meta property=\"og:image\" content=\"https:\/\/visitaluksne.lv\/wp-content\/uploads\/2021\/03\/VisitAluksne.png\" \/>\n\t<meta property=\"og:image:width\" content=\"240\" \/>\n\t<meta property=\"og:image:height\" content=\"100\" \/>\n\t<meta property=\"og:image:type\" content=\"image\/png\" \/>\n<meta name=\"twitter:card\" content=\"summary_large_image\" \/>\n<script type=\"application\/ld+json\" class=\"yoast-schema-graph\">{\"@context\":\"https:\\\/\\\/schema.org\",\"@graph\":[{\"@type\":\"WebPage\",\"@id\":\"https:\\\/\\\/visitaluksne.lv\\\/et\\\/kus-einestada\\\/\",\"url\":\"https:\\\/\\\/visitaluksne.lv\\\/et\\\/kus-einestada\\\/\",\"name\":\"Kus einestada? Kafejn\u012bcas restor\u0101ni bistro Al\u016bksn\u0113 - VisitAluksne\",\"isPartOf\":{\"@id\":\"https:\\\/\\\/visitaluksne.lv\\\/et\\\/#website\"},\"datePublished\":\"2020-10-13T10:54:07+00:00\",\"dateModified\":\"2022-03-18T14:29:05+00:00\",\"description\":\"visitaluksne avasta Al\u016bksne l\u00e4ti toit kohvik Restoranid Piknikukohad V\u00e4literrass Euroopa k\u00f6\u00f6k, L\u00e4tip\u00e4rased toidud Pitsakoht lastemen\u00fc\u00fc\",\"breadcrumb\":{\"@id\":\"https:\\\/\\\/visitaluksne.lv\\\/et\\\/kus-einestada\\\/#breadcrumb\"},\"inLanguage\":\"et\",\"potentialAction\":[{\"@type\":\"ReadAction\",\"target\":[\"https:\\\/\\\/visitaluksne.lv\\\/et\\\/kus-einestada\\\/\"]}]},{\"@type\":\"BreadcrumbList\",\"@id\":\"https:\\\/\\\/visitaluksne.lv\\\/et\\\/kus-einestada\\\/#breadcrumb\",\"itemListElement\":[{\"@type\":\"ListItem\",\"position\":1,\"name\":\"Home\",\"item\":\"https:\\\/\\\/visitaluksne.lv\\\/et\\\/\"},{\"@type\":\"ListItem\",\"position\":2,\"name\":\"Kus einestada?\"}]},{\"@type\":\"WebSite\",\"@id\":\"https:\\\/\\\/visitaluksne.lv\\\/et\\\/#website\",\"url\":\"https:\\\/\\\/visitaluksne.lv\\\/et\\\/\",\"name\":\"VisitAluksne\",\"description\":\"\",\"publisher\":{\"@id\":\"https:\\\/\\\/visitaluksne.lv\\\/et\\\/#organization\"},\"potentialAction\":[{\"@type\":\"SearchAction\",\"target\":{\"@type\":\"EntryPoint\",\"urlTemplate\":\"https:\\\/\\\/visitaluksne.lv\\\/et\\\/?s={search_term_string}\"},\"query-input\":{\"@type\":\"PropertyValueSpecification\",\"valueRequired\":true,\"valueName\":\"search_term_string\"}}],\"inLanguage\":\"et\"},{\"@type\":\"Organization\",\"@id\":\"https:\\\/\\\/visitaluksne.lv\\\/et\\\/#organization\",\"name\":\"Al\u016bksnes T\u016brisma inform\u0101cijas centrs\",\"url\":\"https:\\\/\\\/visitaluksne.lv\\\/et\\\/\",\"logo\":{\"@type\":\"ImageObject\",\"inLanguage\":\"et\",\"@id\":\"https:\\\/\\\/visitaluksne.lv\\\/et\\\/#\\\/schema\\\/logo\\\/image\\\/\",\"url\":\"https:\\\/\\\/visitaluksne.lv\\\/wp-content\\\/uploads\\\/2021\\\/03\\\/VisitAluksne.png\",\"contentUrl\":\"https:\\\/\\\/visitaluksne.lv\\\/wp-content\\\/uploads\\\/2021\\\/03\\\/VisitAluksne.png\",\"width\":240,\"height\":100,\"caption\":\"Al\u016bksnes T\u016brisma inform\u0101cijas centrs\"},\"image\":{\"@id\":\"https:\\\/\\\/visitaluksne.lv\\\/et\\\/#\\\/schema\\\/logo\\\/image\\\/\"},\"sameAs\":[\"https:\\\/\\\/www.facebook.com\\\/visitaluksne\\\/\",\"https:\\\/\\\/www.instagram.com\\\/visitaluksne\\\/\"]}]}<\/script>","yoast_head_json":{"title":"Kus einestada? Kafejn\u012bcas restor\u0101ni bistro Al\u016bksn\u0113 - VisitAluksne","description":"visitaluksne avasta Al\u016bksne l\u00e4ti toit kohvik Restoranid Piknikukohad V\u00e4literrass Euroopa k\u00f6\u00f6k, L\u00e4tip\u00e4rased toidud Pitsakoht lastemen\u00fc\u00fc","robots":{"index":"index","follow":"follow","max-snippet":"max-snippet:-1","max-image-preview":"max-image-preview:large","max-video-preview":"max-video-preview:-1"},"canonical":"https:\/\/visitaluksne.lv\/et\/kus-einestada\/","og_locale":"et_EE","og_type":"article","og_title":"Kus einestada? Kafejn\u012bcas restor\u0101ni bistro Al\u016bksn\u0113 - VisitAluksne","og_description":"visitaluksne avasta Al\u016bksne l\u00e4ti toit kohvik Restoranid Piknikukohad V\u00e4literrass Euroopa k\u00f6\u00f6k, L\u00e4tip\u00e4rased toidud Pitsakoht lastemen\u00fc\u00fc","og_url":"https:\/\/visitaluksne.lv\/et\/kus-einestada\/","og_site_name":"VisitAluksne","article_publisher":"https:\/\/www.facebook.com\/visitaluksne\/","article_modified_time":"2022-03-18T14:29:05+00:00","og_image":[{"width":240,"height":100,"url":"https:\/\/visitaluksne.lv\/wp-content\/uploads\/2021\/03\/VisitAluksne.png","type":"image\/png"}],"twitter_card":"summary_large_image","schema":{"@context":"https:\/\/schema.org","@graph":[{"@type":"WebPage","@id":"https:\/\/visitaluksne.lv\/et\/kus-einestada\/","url":"https:\/\/visitaluksne.lv\/et\/kus-einestada\/","name":"Kus einestada? Kafejn\u012bcas restor\u0101ni bistro Al\u016bksn\u0113 - VisitAluksne","isPartOf":{"@id":"https:\/\/visitaluksne.lv\/et\/#website"},"datePublished":"2020-10-13T10:54:07+00:00","dateModified":"2022-03-18T14:29:05+00:00","description":"visitaluksne avasta Al\u016bksne l\u00e4ti toit kohvik Restoranid Piknikukohad V\u00e4literrass Euroopa k\u00f6\u00f6k, L\u00e4tip\u00e4rased toidud Pitsakoht lastemen\u00fc\u00fc","breadcrumb":{"@id":"https:\/\/visitaluksne.lv\/et\/kus-einestada\/#breadcrumb"},"inLanguage":"et","potentialAction":[{"@type":"ReadAction","target":["https:\/\/visitaluksne.lv\/et\/kus-einestada\/"]}]},{"@type":"BreadcrumbList","@id":"https:\/\/visitaluksne.lv\/et\/kus-einestada\/#breadcrumb","itemListElement":[{"@type":"ListItem","position":1,"name":"Home","item":"https:\/\/visitaluksne.lv\/et\/"},{"@type":"ListItem","position":2,"name":"Kus einestada?"}]},{"@type":"WebSite","@id":"https:\/\/visitaluksne.lv\/et\/#website","url":"https:\/\/visitaluksne.lv\/et\/","name":"VisitAluksne","description":"","publisher":{"@id":"https:\/\/visitaluksne.lv\/et\/#organization"},"potentialAction":[{"@type":"SearchAction","target":{"@type":"EntryPoint","urlTemplate":"https:\/\/visitaluksne.lv\/et\/?s={search_term_string}"},"query-input":{"@type":"PropertyValueSpecification","valueRequired":true,"valueName":"search_term_string"}}],"inLanguage":"et"},{"@type":"Organization","@id":"https:\/\/visitaluksne.lv\/et\/#organization","name":"Al\u016bksnes T\u016brisma inform\u0101cijas centrs","url":"https:\/\/visitaluksne.lv\/et\/","logo":{"@type":"ImageObject","inLanguage":"et","@id":"https:\/\/visitaluksne.lv\/et\/#\/schema\/logo\/image\/","url":"https:\/\/visitaluksne.lv\/wp-content\/uploads\/2021\/03\/VisitAluksne.png","contentUrl":"https:\/\/visitaluksne.lv\/wp-content\/uploads\/2021\/03\/VisitAluksne.png","width":240,"height":100,"caption":"Al\u016bksnes T\u016brisma inform\u0101cijas centrs"},"image":{"@id":"https:\/\/visitaluksne.lv\/et\/#\/schema\/logo\/image\/"},"sameAs":["https:\/\/www.facebook.com\/visitaluksne\/","https:\/\/www.instagram.com\/visitaluksne\/"]}]}},"_links":{"self":[{"href":"https:\/\/visitaluksne.lv\/et\/wp-json\/wp\/v2\/pages\/12341","targetHints":{"allow":["GET"]}}],"collection":[{"href":"https:\/\/visitaluksne.lv\/et\/wp-json\/wp\/v2\/pages"}],"about":[{"href":"https:\/\/visitaluksne.lv\/et\/wp-json\/wp\/v2\/types\/page"}],"author":[{"embeddable":true,"href":"https:\/\/visitaluksne.lv\/et\/wp-json\/wp\/v2\/users\/1"}],"replies":[{"embeddable":true,"href":"https:\/\/visitaluksne.lv\/et\/wp-json\/wp\/v2\/comments?post=12341"}],"version-history":[{"count":0,"href":"https:\/\/visitaluksne.lv\/et\/wp-json\/wp\/v2\/pages\/12341\/revisions"}],"wp:attachment":[{"href":"https:\/\/visitaluksne.lv\/et\/wp-json\/wp\/v2\/media?parent=12341"}],"curies":[{"name":"wp","href":"https:\/\/api.w.org\/{rel}","templated":true}]}}