{"id":12345,"date":"2020-12-11T13:09:26","date_gmt":"2020-12-11T11:09:26","guid":{"rendered":"https:\/\/visitaluksne.lv\/kerge-lugeda\/"},"modified":"2022-01-26T11:11:05","modified_gmt":"2022-01-26T09:11:05","slug":"kerge-lugeda","status":"publish","type":"page","link":"https:\/\/visitaluksne.lv\/et\/kerge-lugeda\/","title":{"rendered":"Kerge lugeda"},"content":{"rendered":"<!--themify_builder_content-->\n<div id=\"themify_builder_content-12345\" data-postid=\"12345\" class=\"themify_builder_content themify_builder_content-12345 themify_builder tf_clear\">\n    \t\t\t\t<!-- module_row -->\n\t\t<div  data-lazy=\"1\" class=\"module_row themify_builder_row tb_l3o8820 tb_first tf_w tf_clearfix\">\n\t\t\t\t\t<div class=\"row_inner col_align_top tb_col_count_2 tf_box tf_rel\">\n\t\t\t\t\t<div  data-lazy=\"1\" class=\"module_column tb-column col4-2 tb_27ls820 first\">\n\t\t\t\t\t\t\t\t\t<div class=\"tb-column-inner tf_box tf_w\">\n\t\t\t\t<!-- module gallery -->\n<div  class=\"module gallery module-gallery tb_tt07820 layout-slider  \" data-lazy=\"1\">\n                <div class=\"themify_builder_slider_vertical tf_rel\">\n    <div class=\"tf_swiper-container tf_carousel themify_builder_slider themify_builder_slider_vertical tf_rel tf_overflow\"\n\tdata-pager=\"1\"\n\t data-lazy=\"1\"\t\t\tdata-thumbs=\"tb_tt07820_thumbs\"\n\t\tdata-effect=\"fade\" \n\t\tdata-css_url=\"https:\/\/visitaluksne.lv\/wp-content\/themes\/themify-ultra\/themify\/themify-builder\/css\/modules\/sliders\/carousel.css,https:\/\/visitaluksne.lv\/wp-content\/themes\/themify-ultra\/themify\/themify-builder\/css\/modules\/sliders\/gallery.css\"\n\t\t\t\tdata-auto=\"4\"\n\t\tdata-pause_hover=\"1\"\n\t\t\t\t\tdata-controller=\"0\"\n\t\t\t\tdata-speed=\"normal\"\n\tdata-wrapvar=\"1\"\n\tdata-slider_nav=\"1\"\n\tdata-height=\"variable\"\n\t\t>\n\t<div class=\"tf_swiper-wrapper tf_lazy tf_rel tf_w tf_h tf_textc\">\n\t\t\t\t\t<div class=\"tf_swiper-slide\">\n\t\t\t<div class=\"slide-inner-wrap\">\n\t\t\t\t<div class=\"tf_lazy slide-image gallery-icon\"><img loading=\"lazy\" decoding=\"async\" src=\"https:\/\/visitaluksne.lv\/wp-content\/uploads\/2021\/03\/1.-Aluksnes-ezers-600x600.jpg\" width=\"600\" height=\"600\" class=\"wp-post-image wp-image-14695\" title=\"Al\u016bksnes ezers\" data-tf-not-load=\"1\" alt=\"Al\u016bksnes ezers\">\t\t\t\t<\/div>\n\t\t\t\t\t\t\t<\/div><\/div>\n\t\t\t\t\t<div class=\"tf_swiper-slide\">\n\t\t\t<div class=\"slide-inner-wrap\">\n\t\t\t\t<div class=\"tf_lazy slide-image gallery-icon\"><img loading=\"lazy\" decoding=\"async\" src=\"https:\/\/visitaluksne.lv\/wp-content\/uploads\/2021\/03\/3.-Aluksnes-profitroli-600x600.jpg\" width=\"600\" height=\"600\" class=\"wp-post-image wp-image-14703\" title=\"Al\u016bksnes profitro\u013ci\" data-tf-not-load=\"1\" alt=\"Al\u016bksnes profitro\u013ci\">\t\t\t\t<\/div>\n\t\t\t\t\t\t\t<\/div><\/div>\n\t\t\t\t\t<div class=\"tf_swiper-slide\">\n\t\t\t<div class=\"slide-inner-wrap\">\n\t\t\t\t<div class=\"tf_lazy slide-image gallery-icon\"><img loading=\"lazy\" decoding=\"async\" src=\"https:\/\/visitaluksne.lv\/wp-content\/uploads\/2021\/03\/4.-Naksniga-Aluksne-600x600.jpg\" width=\"600\" height=\"600\" class=\"wp-post-image wp-image-14707\" title=\"\u00d6ine Al\u016bksne\" data-tf-not-load=\"1\" alt=\"\u00d6ine Al\u016bksne\">\t\t\t\t<\/div>\n\t\t\t\t\t\t\t<\/div><\/div>\n\t\t\t<\/div>\n<\/div>\n            <\/div>\n    <\/div>\n<!-- \/module gallery -->\t\t\t\t<\/div><!-- .tb-column-inner -->\n\t\t\t\t\t\t<\/div><!-- .module_column -->\n\t\t\t\t\t<div  data-lazy=\"1\" class=\"module_column tb-column col4-2 tb_jgda820 last\">\n\t\t\t\t\t\t\t\t\t<div class=\"tb-column-inner tf_box tf_w\">\n\t\t\t\t<!-- module fancy heading -->\n<div  class=\"module module-fancy-heading tb_m29u820 \" data-lazy=\"1\">\n\t    <h2 class=\"fancy-heading tf_textl\">\n    <span class=\"main-head tf_block\">\n\t\t\t\t\tKerge lugeda\t\t    <\/span>\n\n\t\n    <span class=\"sub-head tf_block tf_rel\">\n\t\t\t\t\t\t\t    <\/span>\n    <\/h2>\n<\/div>\n<!-- \/module fancy heading -->\n<!-- module text -->\n<div  class=\"module module-text tb_qho9820   \" data-lazy=\"1\">\n        <div  class=\"tb_text_wrap\">\n    <p><strong>Kus asub Al\u016bksne piirkond?<\/strong><\/p><p>Al\u016bksne piirkond asub Kirde-L\u00e4tis, Eesti ja Venemaa piiril. Piir Venemaaga on ka Euroopa Liidu v\u00e4lispiir.<\/p><p><strong>Kuidas saada Al\u016bksnesse?<\/strong><\/p><p>Piirkonna keskus on Al\u016bksne linn. Kaugus pealinnast Riiast Al\u016bksne on 200 km. Siia p\u00e4\u00e4seb auto v\u00f5i \u00fchistranspordiga. Riiast s\u00f5idavad bussid mitu korda p\u00e4evas.<\/p><p><strong>Mida Al\u016bksne piirkonnas n\u00e4ha?<\/strong><\/p><p>Turistide lemmikkohad on:<\/p><p>Al\u016bksne uus loss ja m\u00f5isapark<br \/>Al\u016bksne j\u00e4rv<br \/>Al\u016bksne B\u0101n\u012btise jaam ja kitsar\u00f6\u00f6pmeline rong B\u0101n\u012btis<br \/>Gl\u00fcck Oaks ja piiblimuuseum<br \/>Kaitsealune maastikuala &#8220;Veclaicene&#8221;<\/p><p><strong>Kus Al\u016bksne piirkonnas s\u00fc\u00fca teha?<\/strong><\/p><p>Maitsvat toitu saab nautida:<\/p><p>Restoranid<br \/>Kohvikud<br \/>Bistroo<br \/>Pizzeriad<br \/>Burger &#8211; kohvikud<\/p><p><strong>Kus Al\u016bksne piirkonnas peatuda?<\/strong><\/p><p>Linnas ja selle \u00fcmbruses saate \u00f6\u00f6bida:<\/p><p>Hotellid<br \/>K\u00fclalistemajad<br \/>Matkaauto ja telkimiskohad<br \/>Korterid<\/p><p><strong>Kust saada turismiinfot?<\/strong><\/p><p>Al\u016bksne Turismiinfokeskus asub aadressil Pils tn 25A, Al\u016bksne.<br \/>Telefoninumbrid: +371 29130280, +371 25442335<\/p>    <\/div>\n<\/div>\n<!-- \/module text -->\t\t\t\t<\/div><!-- .tb-column-inner -->\n\t\t\t\t\t\t<\/div><!-- .module_column -->\n\t\t\t\t\t\t<\/div><!-- .row_inner -->\n\t\t<\/div><!-- .module_row -->\n\t\t\t\t\t\t\t\t<!-- module_row -->\n\t\t<div  data-css_id=\"yh9c541\" data-lazy=\"1\" class=\"module_row themify_builder_row fullwidth tb_yh9c541 tf_w tf_clearfix\">\n\t\t\t\t\t<div class=\"row_inner col_align_top tb_col_count_1 tf_box tf_rel\">\n\t\t\t\t\t<div  data-lazy=\"1\" class=\"module_column tb-column col-full tb_b3l9541 first\">\n\t\t\t\t\t\t\t\t\t<div class=\"tb-column-inner tf_box tf_w\">\n\t\t\t\t<!-- module template_part -->\n<div  class=\"module module-layout-part tb_izff541 \">\n    <div class=\"tb_layout_part_wrap tf_w\">\n<!--themify_builder_content-->\n    <div  class=\"themify_builder_content themify_builder_content-8442 themify_builder not_editable_builder in_the_loop\" data-postid=\"8442\">\n        \t\t\t\t<!-- module_row -->\n\t\t<div  data-lazy=\"1\" class=\"module_row themify_builder_row tb_17d5916 tf_w tf_clearfix\">\n\t\t\t\t\t<div class=\"row_inner col_align_top tb_col_count_1 tf_box tf_rel\">\n\t\t\t\t\t<div  data-lazy=\"1\" class=\"module_column tb-column col-full tb_dmae917 first\">\n\t\t\t\t\t\t\t\t\t<div class=\"tb-column-inner tf_box tf_w\">\n\t\t\t\t<!-- module plain text -->\n<div  class=\"module module-plain-text tb_rx4o917 \" data-lazy=\"1\">\n        <div class=\"tb_text_wrap\">\n\t<button onclick=\"window.history.go(-1); return false;\"><img loading=\"lazy\" decoding=\"async\" src=\"https:\/\/visitaluksne.lv\/wp-content\/uploads\/2021\/03\/go-back.png\" alt=\"\" width=\"57\" height=\"25\" \/><\/button>    <\/div>\n<\/div>\n<!-- \/module plain text -->\t\t\t\t<\/div><!-- .tb-column-inner -->\n\t\t\t\t\t\t<\/div><!-- .module_column -->\n\t\t\t\t\t\t<\/div><!-- .row_inner -->\n\t\t<\/div><!-- .module_row -->\n\t\t\t\t    <\/div>\n<!--\/themify_builder_content-->\n<\/div>\n<\/div>\n<!-- \/module template_part -->\t\t\t\t<\/div><!-- .tb-column-inner -->\n\t\t\t\t\t\t<\/div><!-- .module_column -->\n\t\t\t\t\t\t<\/div><!-- .row_inner -->\n\t\t<\/div><!-- .module_row -->\n\t\t\t\t<\/div>\n<!--\/themify_builder_content-->\n","protected":false},"excerpt":{"rendered":"<p>Kus asub Al\u016bksne piirkond?Al\u016bksne piirkond asub Kirde-L\u00e4tis, Eesti ja Venemaa piiril. Piir Venemaaga on ka Euroopa Liidu v\u00e4lispiir.Kuidas saada Al\u016bksnesse?Piirkonna keskus on Al\u016bksne linn. Kaugus pealinnast Riiast Al\u016bksne on 200 km. Siia p\u00e4\u00e4seb auto v\u00f5i \u00fchistranspordiga. Riiast s\u00f5idavad bussid mitu korda p\u00e4evas.Mida Al\u016bksne piirkonnas n\u00e4ha?Turistide lemmikkohad on:Al\u016bksne uus loss ja m\u00f5isaparkAl\u016bksne j\u00e4rvAl\u016bksne B\u0101n\u012btise jaam ja [&hellip;]<\/p>\n","protected":false},"author":1,"featured_media":0,"parent":0,"menu_order":987,"comment_status":"closed","ping_status":"closed","template":"","meta":{"footnotes":""},"class_list":["post-12345","page","type-page","status-publish","hentry","has-post-title","has-post-date","has-post-category","has-post-tag","has-post-comment","has-post-author",""],"yoast_head":"<title>Kerge lugeda - VisitAluksne<\/title>\n<meta name=\"robots\" content=\"index, follow, max-snippet:-1, max-image-preview:large, max-video-preview:-1\" \/>\n<link rel=\"canonical\" href=\"https:\/\/visitaluksne.lv\/et\/kerge-lugeda\/\" \/>\n<meta property=\"og:locale\" content=\"et_EE\" \/>\n<meta property=\"og:type\" content=\"article\" \/>\n<meta property=\"og:title\" content=\"Kerge lugeda - VisitAluksne\" \/>\n<meta property=\"og:description\" content=\"Kus asub Al\u016bksne piirkond?Al\u016bksne piirkond asub Kirde-L\u00e4tis, Eesti ja Venemaa piiril. Piir Venemaaga on ka Euroopa Liidu v\u00e4lispiir.Kuidas saada Al\u016bksnesse?Piirkonna keskus on Al\u016bksne linn. Kaugus pealinnast Riiast Al\u016bksne on 200 km. Siia p\u00e4\u00e4seb auto v\u00f5i \u00fchistranspordiga. Riiast s\u00f5idavad bussid mitu korda p\u00e4evas.Mida Al\u016bksne piirkonnas n\u00e4ha?Turistide lemmikkohad on:Al\u016bksne uus loss ja m\u00f5isaparkAl\u016bksne j\u00e4rvAl\u016bksne B\u0101n\u012btise jaam ja [&hellip;]\" \/>\n<meta property=\"og:url\" content=\"https:\/\/visitaluksne.lv\/et\/kerge-lugeda\/\" \/>\n<meta property=\"og:site_name\" content=\"VisitAluksne\" \/>\n<meta property=\"article:publisher\" content=\"https:\/\/www.facebook.com\/visitaluksne\/\" \/>\n<meta property=\"article:modified_time\" content=\"2022-01-26T09:11:05+00:00\" \/>\n<meta property=\"og:image\" content=\"https:\/\/visitaluksne.lv\/wp-content\/uploads\/2021\/03\/VisitAluksne.png\" \/>\n\t<meta property=\"og:image:width\" content=\"240\" \/>\n\t<meta property=\"og:image:height\" content=\"100\" \/>\n\t<meta property=\"og:image:type\" content=\"image\/png\" \/>\n<meta name=\"twitter:card\" content=\"summary_large_image\" \/>\n<script type=\"application\/ld+json\" class=\"yoast-schema-graph\">{\"@context\":\"https:\\\/\\\/schema.org\",\"@graph\":[{\"@type\":\"WebPage\",\"@id\":\"https:\\\/\\\/visitaluksne.lv\\\/et\\\/kerge-lugeda\\\/\",\"url\":\"https:\\\/\\\/visitaluksne.lv\\\/et\\\/kerge-lugeda\\\/\",\"name\":\"Kerge lugeda - VisitAluksne\",\"isPartOf\":{\"@id\":\"https:\\\/\\\/visitaluksne.lv\\\/et\\\/#website\"},\"datePublished\":\"2020-12-11T11:09:26+00:00\",\"dateModified\":\"2022-01-26T09:11:05+00:00\",\"breadcrumb\":{\"@id\":\"https:\\\/\\\/visitaluksne.lv\\\/et\\\/kerge-lugeda\\\/#breadcrumb\"},\"inLanguage\":\"et\",\"potentialAction\":[{\"@type\":\"ReadAction\",\"target\":[\"https:\\\/\\\/visitaluksne.lv\\\/et\\\/kerge-lugeda\\\/\"]}]},{\"@type\":\"BreadcrumbList\",\"@id\":\"https:\\\/\\\/visitaluksne.lv\\\/et\\\/kerge-lugeda\\\/#breadcrumb\",\"itemListElement\":[{\"@type\":\"ListItem\",\"position\":1,\"name\":\"Home\",\"item\":\"https:\\\/\\\/visitaluksne.lv\\\/et\\\/\"},{\"@type\":\"ListItem\",\"position\":2,\"name\":\"Kerge lugeda\"}]},{\"@type\":\"WebSite\",\"@id\":\"https:\\\/\\\/visitaluksne.lv\\\/et\\\/#website\",\"url\":\"https:\\\/\\\/visitaluksne.lv\\\/et\\\/\",\"name\":\"VisitAluksne\",\"description\":\"\",\"publisher\":{\"@id\":\"https:\\\/\\\/visitaluksne.lv\\\/et\\\/#organization\"},\"potentialAction\":[{\"@type\":\"SearchAction\",\"target\":{\"@type\":\"EntryPoint\",\"urlTemplate\":\"https:\\\/\\\/visitaluksne.lv\\\/et\\\/?s={search_term_string}\"},\"query-input\":{\"@type\":\"PropertyValueSpecification\",\"valueRequired\":true,\"valueName\":\"search_term_string\"}}],\"inLanguage\":\"et\"},{\"@type\":\"Organization\",\"@id\":\"https:\\\/\\\/visitaluksne.lv\\\/et\\\/#organization\",\"name\":\"Al\u016bksnes T\u016brisma inform\u0101cijas centrs\",\"url\":\"https:\\\/\\\/visitaluksne.lv\\\/et\\\/\",\"logo\":{\"@type\":\"ImageObject\",\"inLanguage\":\"et\",\"@id\":\"https:\\\/\\\/visitaluksne.lv\\\/et\\\/#\\\/schema\\\/logo\\\/image\\\/\",\"url\":\"https:\\\/\\\/visitaluksne.lv\\\/wp-content\\\/uploads\\\/2021\\\/03\\\/VisitAluksne.png\",\"contentUrl\":\"https:\\\/\\\/visitaluksne.lv\\\/wp-content\\\/uploads\\\/2021\\\/03\\\/VisitAluksne.png\",\"width\":240,\"height\":100,\"caption\":\"Al\u016bksnes T\u016brisma inform\u0101cijas centrs\"},\"image\":{\"@id\":\"https:\\\/\\\/visitaluksne.lv\\\/et\\\/#\\\/schema\\\/logo\\\/image\\\/\"},\"sameAs\":[\"https:\\\/\\\/www.facebook.com\\\/visitaluksne\\\/\",\"https:\\\/\\\/www.instagram.com\\\/visitaluksne\\\/\"]}]}<\/script>","yoast_head_json":{"title":"Kerge lugeda - VisitAluksne","robots":{"index":"index","follow":"follow","max-snippet":"max-snippet:-1","max-image-preview":"max-image-preview:large","max-video-preview":"max-video-preview:-1"},"canonical":"https:\/\/visitaluksne.lv\/et\/kerge-lugeda\/","og_locale":"et_EE","og_type":"article","og_title":"Kerge lugeda - VisitAluksne","og_description":"Kus asub Al\u016bksne piirkond?Al\u016bksne piirkond asub Kirde-L\u00e4tis, Eesti ja Venemaa piiril. Piir Venemaaga on ka Euroopa Liidu v\u00e4lispiir.Kuidas saada Al\u016bksnesse?Piirkonna keskus on Al\u016bksne linn. Kaugus pealinnast Riiast Al\u016bksne on 200 km. Siia p\u00e4\u00e4seb auto v\u00f5i \u00fchistranspordiga. Riiast s\u00f5idavad bussid mitu korda p\u00e4evas.Mida Al\u016bksne piirkonnas n\u00e4ha?Turistide lemmikkohad on:Al\u016bksne uus loss ja m\u00f5isaparkAl\u016bksne j\u00e4rvAl\u016bksne B\u0101n\u012btise jaam ja [&hellip;]","og_url":"https:\/\/visitaluksne.lv\/et\/kerge-lugeda\/","og_site_name":"VisitAluksne","article_publisher":"https:\/\/www.facebook.com\/visitaluksne\/","article_modified_time":"2022-01-26T09:11:05+00:00","og_image":[{"width":240,"height":100,"url":"https:\/\/visitaluksne.lv\/wp-content\/uploads\/2021\/03\/VisitAluksne.png","type":"image\/png"}],"twitter_card":"summary_large_image","schema":{"@context":"https:\/\/schema.org","@graph":[{"@type":"WebPage","@id":"https:\/\/visitaluksne.lv\/et\/kerge-lugeda\/","url":"https:\/\/visitaluksne.lv\/et\/kerge-lugeda\/","name":"Kerge lugeda - VisitAluksne","isPartOf":{"@id":"https:\/\/visitaluksne.lv\/et\/#website"},"datePublished":"2020-12-11T11:09:26+00:00","dateModified":"2022-01-26T09:11:05+00:00","breadcrumb":{"@id":"https:\/\/visitaluksne.lv\/et\/kerge-lugeda\/#breadcrumb"},"inLanguage":"et","potentialAction":[{"@type":"ReadAction","target":["https:\/\/visitaluksne.lv\/et\/kerge-lugeda\/"]}]},{"@type":"BreadcrumbList","@id":"https:\/\/visitaluksne.lv\/et\/kerge-lugeda\/#breadcrumb","itemListElement":[{"@type":"ListItem","position":1,"name":"Home","item":"https:\/\/visitaluksne.lv\/et\/"},{"@type":"ListItem","position":2,"name":"Kerge lugeda"}]},{"@type":"WebSite","@id":"https:\/\/visitaluksne.lv\/et\/#website","url":"https:\/\/visitaluksne.lv\/et\/","name":"VisitAluksne","description":"","publisher":{"@id":"https:\/\/visitaluksne.lv\/et\/#organization"},"potentialAction":[{"@type":"SearchAction","target":{"@type":"EntryPoint","urlTemplate":"https:\/\/visitaluksne.lv\/et\/?s={search_term_string}"},"query-input":{"@type":"PropertyValueSpecification","valueRequired":true,"valueName":"search_term_string"}}],"inLanguage":"et"},{"@type":"Organization","@id":"https:\/\/visitaluksne.lv\/et\/#organization","name":"Al\u016bksnes T\u016brisma inform\u0101cijas centrs","url":"https:\/\/visitaluksne.lv\/et\/","logo":{"@type":"ImageObject","inLanguage":"et","@id":"https:\/\/visitaluksne.lv\/et\/#\/schema\/logo\/image\/","url":"https:\/\/visitaluksne.lv\/wp-content\/uploads\/2021\/03\/VisitAluksne.png","contentUrl":"https:\/\/visitaluksne.lv\/wp-content\/uploads\/2021\/03\/VisitAluksne.png","width":240,"height":100,"caption":"Al\u016bksnes T\u016brisma inform\u0101cijas centrs"},"image":{"@id":"https:\/\/visitaluksne.lv\/et\/#\/schema\/logo\/image\/"},"sameAs":["https:\/\/www.facebook.com\/visitaluksne\/","https:\/\/www.instagram.com\/visitaluksne\/"]}]}},"_links":{"self":[{"href":"https:\/\/visitaluksne.lv\/et\/wp-json\/wp\/v2\/pages\/12345","targetHints":{"allow":["GET"]}}],"collection":[{"href":"https:\/\/visitaluksne.lv\/et\/wp-json\/wp\/v2\/pages"}],"about":[{"href":"https:\/\/visitaluksne.lv\/et\/wp-json\/wp\/v2\/types\/page"}],"author":[{"embeddable":true,"href":"https:\/\/visitaluksne.lv\/et\/wp-json\/wp\/v2\/users\/1"}],"replies":[{"embeddable":true,"href":"https:\/\/visitaluksne.lv\/et\/wp-json\/wp\/v2\/comments?post=12345"}],"version-history":[{"count":0,"href":"https:\/\/visitaluksne.lv\/et\/wp-json\/wp\/v2\/pages\/12345\/revisions"}],"wp:attachment":[{"href":"https:\/\/visitaluksne.lv\/et\/wp-json\/wp\/v2\/media?parent=12345"}],"curies":[{"name":"wp","href":"https:\/\/api.w.org\/{rel}","templated":true}]}}