{"id":15249,"date":"2020-10-10T20:26:15","date_gmt":"2020-10-10T17:26:15","guid":{"rendered":"https:\/\/visitaluksne.lv\/tehniskie-darbi\/"},"modified":"2021-05-03T20:35:38","modified_gmt":"2021-05-03T17:35:38","slug":"tehniskie-darbi","status":"publish","type":"page","link":"https:\/\/visitaluksne.lv\/et\/tehniskie-darbi\/","title":{"rendered":"Tehnilised t\u00f6\u00f6d"},"content":{"rendered":"<!--themify_builder_content-->\n<div id=\"themify_builder_content-15249\" data-postid=\"15249\" class=\"themify_builder_content themify_builder_content-15249 themify_builder tf_clear\">\n    \t\t\t\t<!-- module_row -->\n\t\t<div  data-lazy=\"1\" class=\"module_row themify_builder_row tb_cuq1487 tb_first tf_w tf_clearfix\">\n\t\t\t\t\t<div class=\"row_inner col_align_top tb_col_count_1 tf_box tf_rel\">\n\t\t\t\t\t<div  data-lazy=\"1\" class=\"module_column tb-column col-full tb_u300488 first\">\n\t\t\t\t\t\t\t\t\t<div class=\"tb-column-inner tf_box tf_w\">\n\t\t\t\t\t\t<div  data-lazy=\"1\" class=\"module_subrow themify_builder_sub_row tb_8j9a760 tf_w tf_clearfix\">\n\t\t\t\t\t<div class=\"subrow_inner col_align_top tb_col_count_1 tf_box tf_w\">\n\t\t\t\t\t<div  data-lazy=\"1\" class=\"module_column sub_column col-full tb_jbpc761 first\">\n\t\t\t\t\t\t\t\t\t<div class=\"tb-column-inner tf_box tf_w\">\n\t\t\t\t<!-- module widget -->\n<div  class=\"module module-widget tb_f05m87  \" data-lazy=\"1\">\n\t<div class=\"widget themify-social-links\"><ul class=\"social-links horizontal\">\n                        <li class=\"social-link-item facebook font-icon icon-large\">\n                            <a href=\"https:\/\/www.facebook.com\/visitaluksne\/\" aria-label=\"facebook\" ><em style=\"color:rgba(134, 194, 220, 1);\"><svg  aria-label=\"Facebook\" class=\"tf_fa tf-fab-facebook-f\" role=\"img\"><use href=\"#tf-fab-facebook-f\"><\/use><\/svg><\/em>  <\/a>\n                        <\/li>\n                        <!-- \/themify-link-item -->\n                        <li class=\"social-link-item instagram font-icon icon-large\">\n                            <a href=\"https:\/\/www.instagram.com\/visitaluksne\/\" aria-label=\"instagram\" ><em style=\"color:rgba(134, 194, 220, 1);\"><svg  aria-label=\"Instagram\" class=\"tf_fa tf-ti-instagram\" role=\"img\"><use href=\"#tf-ti-instagram\"><\/use><\/svg><\/em>  <\/a>\n                        <\/li>\n                        <!-- \/themify-link-item --><\/ul><\/div><\/div>\n<!-- \/module widget -->\n<!-- module image -->\n<div  class=\"module module-image tb_6rvq840   image-center tf_mw\" data-lazy=\"1\">\n        <div class=\"image-wrap tf_rel tf_mw\">\n\t\t    <img loading=\"lazy\" decoding=\"async\" width=\"240\" height=\"100\" src=\"https:\/\/visitaluksne.lv\/wp-content\/uploads\/2021\/03\/VisitAluksne.png\" class=\"wp-post-image wp-image-13185\" title=\"VisitAluksne\" alt=\"Al\u016bksne turismiinfokeskuse\">\t\n\t\t<\/div>\n\t<!-- \/image-wrap -->\n    \n    \t<\/div>\n<!-- \/module image --><!-- module text -->\n<div  class=\"module module-text tb_esqn231   \" data-lazy=\"1\">\n        <div  class=\"tb_text_wrap\">\n    <p style=\"text-align: center;\">Tehnilised t\u00f6\u00f6d.<\/p>    <\/div>\n<\/div>\n<!-- \/module text -->\t\t\t\t<\/div><!-- .tb-column-inner -->\n\t\t\t\t\t\t<\/div><!-- .module_column -->\n\t\t\t\t\t\t<\/div><!-- .subrow_inner -->\n\t\t<\/div><!-- .themify_builder_sub_row -->\n\t\t\t\t\t\t\t\t<\/div><!-- .tb-column-inner -->\n\t\t\t\t\t\t<\/div><!-- .module_column -->\n\t\t\t\t\t\t<\/div><!-- .row_inner -->\n\t\t<\/div><!-- .module_row -->\n\t\t\t\t<\/div>\n<!--\/themify_builder_content-->\n","protected":false},"excerpt":{"rendered":"<p>Tehnilised t\u00f6\u00f6d.<\/p>\n","protected":false},"author":1,"featured_media":0,"parent":0,"menu_order":0,"comment_status":"closed","ping_status":"closed","template":"","meta":{"footnotes":""},"class_list":["post-15249","page","type-page","status-publish","hentry","has-post-title","has-post-date","has-post-category","has-post-tag","has-post-comment","has-post-author",""],"yoast_head":"<title>Tehnilised t\u00f6\u00f6d - VisitAluksne<\/title>\n<meta name=\"robots\" content=\"index, follow, max-snippet:-1, max-image-preview:large, max-video-preview:-1\" \/>\n<link rel=\"canonical\" href=\"https:\/\/visitaluksne.lv\/et\/tehniskie-darbi\/\" \/>\n<meta property=\"og:locale\" content=\"et_EE\" \/>\n<meta property=\"og:type\" content=\"article\" \/>\n<meta property=\"og:title\" content=\"Tehnilised t\u00f6\u00f6d - VisitAluksne\" \/>\n<meta property=\"og:description\" content=\"Tehnilised t\u00f6\u00f6d.\" \/>\n<meta property=\"og:url\" content=\"https:\/\/visitaluksne.lv\/et\/tehniskie-darbi\/\" \/>\n<meta property=\"og:site_name\" content=\"VisitAluksne\" \/>\n<meta property=\"article:publisher\" content=\"https:\/\/www.facebook.com\/visitaluksne\/\" \/>\n<meta property=\"article:modified_time\" content=\"2021-05-03T17:35:38+00:00\" \/>\n<meta property=\"og:image\" content=\"https:\/\/visitaluksne.lv\/wp-content\/uploads\/2021\/03\/VisitAluksne.png\" \/>\n\t<meta property=\"og:image:width\" content=\"240\" \/>\n\t<meta property=\"og:image:height\" content=\"100\" \/>\n\t<meta property=\"og:image:type\" content=\"image\/png\" \/>\n<meta name=\"twitter:card\" content=\"summary_large_image\" \/>\n<script type=\"application\/ld+json\" class=\"yoast-schema-graph\">{\"@context\":\"https:\\\/\\\/schema.org\",\"@graph\":[{\"@type\":\"WebPage\",\"@id\":\"https:\\\/\\\/visitaluksne.lv\\\/et\\\/tehniskie-darbi\\\/\",\"url\":\"https:\\\/\\\/visitaluksne.lv\\\/et\\\/tehniskie-darbi\\\/\",\"name\":\"Tehnilised t\u00f6\u00f6d - VisitAluksne\",\"isPartOf\":{\"@id\":\"https:\\\/\\\/visitaluksne.lv\\\/et\\\/#website\"},\"datePublished\":\"2020-10-10T17:26:15+00:00\",\"dateModified\":\"2021-05-03T17:35:38+00:00\",\"breadcrumb\":{\"@id\":\"https:\\\/\\\/visitaluksne.lv\\\/et\\\/tehniskie-darbi\\\/#breadcrumb\"},\"inLanguage\":\"et\",\"potentialAction\":[{\"@type\":\"ReadAction\",\"target\":[\"https:\\\/\\\/visitaluksne.lv\\\/et\\\/tehniskie-darbi\\\/\"]}]},{\"@type\":\"BreadcrumbList\",\"@id\":\"https:\\\/\\\/visitaluksne.lv\\\/et\\\/tehniskie-darbi\\\/#breadcrumb\",\"itemListElement\":[{\"@type\":\"ListItem\",\"position\":1,\"name\":\"Home\",\"item\":\"https:\\\/\\\/visitaluksne.lv\\\/et\\\/\"},{\"@type\":\"ListItem\",\"position\":2,\"name\":\"Tehnilised t\u00f6\u00f6d\"}]},{\"@type\":\"WebSite\",\"@id\":\"https:\\\/\\\/visitaluksne.lv\\\/et\\\/#website\",\"url\":\"https:\\\/\\\/visitaluksne.lv\\\/et\\\/\",\"name\":\"VisitAluksne\",\"description\":\"\",\"publisher\":{\"@id\":\"https:\\\/\\\/visitaluksne.lv\\\/et\\\/#organization\"},\"potentialAction\":[{\"@type\":\"SearchAction\",\"target\":{\"@type\":\"EntryPoint\",\"urlTemplate\":\"https:\\\/\\\/visitaluksne.lv\\\/et\\\/?s={search_term_string}\"},\"query-input\":{\"@type\":\"PropertyValueSpecification\",\"valueRequired\":true,\"valueName\":\"search_term_string\"}}],\"inLanguage\":\"et\"},{\"@type\":\"Organization\",\"@id\":\"https:\\\/\\\/visitaluksne.lv\\\/et\\\/#organization\",\"name\":\"Al\u016bksnes T\u016brisma inform\u0101cijas centrs\",\"url\":\"https:\\\/\\\/visitaluksne.lv\\\/et\\\/\",\"logo\":{\"@type\":\"ImageObject\",\"inLanguage\":\"et\",\"@id\":\"https:\\\/\\\/visitaluksne.lv\\\/et\\\/#\\\/schema\\\/logo\\\/image\\\/\",\"url\":\"https:\\\/\\\/visitaluksne.lv\\\/wp-content\\\/uploads\\\/2021\\\/03\\\/VisitAluksne.png\",\"contentUrl\":\"https:\\\/\\\/visitaluksne.lv\\\/wp-content\\\/uploads\\\/2021\\\/03\\\/VisitAluksne.png\",\"width\":240,\"height\":100,\"caption\":\"Al\u016bksnes T\u016brisma inform\u0101cijas centrs\"},\"image\":{\"@id\":\"https:\\\/\\\/visitaluksne.lv\\\/et\\\/#\\\/schema\\\/logo\\\/image\\\/\"},\"sameAs\":[\"https:\\\/\\\/www.facebook.com\\\/visitaluksne\\\/\",\"https:\\\/\\\/www.instagram.com\\\/visitaluksne\\\/\"]}]}<\/script>","yoast_head_json":{"title":"Tehnilised t\u00f6\u00f6d - VisitAluksne","robots":{"index":"index","follow":"follow","max-snippet":"max-snippet:-1","max-image-preview":"max-image-preview:large","max-video-preview":"max-video-preview:-1"},"canonical":"https:\/\/visitaluksne.lv\/et\/tehniskie-darbi\/","og_locale":"et_EE","og_type":"article","og_title":"Tehnilised t\u00f6\u00f6d - VisitAluksne","og_description":"Tehnilised t\u00f6\u00f6d.","og_url":"https:\/\/visitaluksne.lv\/et\/tehniskie-darbi\/","og_site_name":"VisitAluksne","article_publisher":"https:\/\/www.facebook.com\/visitaluksne\/","article_modified_time":"2021-05-03T17:35:38+00:00","og_image":[{"width":240,"height":100,"url":"https:\/\/visitaluksne.lv\/wp-content\/uploads\/2021\/03\/VisitAluksne.png","type":"image\/png"}],"twitter_card":"summary_large_image","schema":{"@context":"https:\/\/schema.org","@graph":[{"@type":"WebPage","@id":"https:\/\/visitaluksne.lv\/et\/tehniskie-darbi\/","url":"https:\/\/visitaluksne.lv\/et\/tehniskie-darbi\/","name":"Tehnilised t\u00f6\u00f6d - VisitAluksne","isPartOf":{"@id":"https:\/\/visitaluksne.lv\/et\/#website"},"datePublished":"2020-10-10T17:26:15+00:00","dateModified":"2021-05-03T17:35:38+00:00","breadcrumb":{"@id":"https:\/\/visitaluksne.lv\/et\/tehniskie-darbi\/#breadcrumb"},"inLanguage":"et","potentialAction":[{"@type":"ReadAction","target":["https:\/\/visitaluksne.lv\/et\/tehniskie-darbi\/"]}]},{"@type":"BreadcrumbList","@id":"https:\/\/visitaluksne.lv\/et\/tehniskie-darbi\/#breadcrumb","itemListElement":[{"@type":"ListItem","position":1,"name":"Home","item":"https:\/\/visitaluksne.lv\/et\/"},{"@type":"ListItem","position":2,"name":"Tehnilised t\u00f6\u00f6d"}]},{"@type":"WebSite","@id":"https:\/\/visitaluksne.lv\/et\/#website","url":"https:\/\/visitaluksne.lv\/et\/","name":"VisitAluksne","description":"","publisher":{"@id":"https:\/\/visitaluksne.lv\/et\/#organization"},"potentialAction":[{"@type":"SearchAction","target":{"@type":"EntryPoint","urlTemplate":"https:\/\/visitaluksne.lv\/et\/?s={search_term_string}"},"query-input":{"@type":"PropertyValueSpecification","valueRequired":true,"valueName":"search_term_string"}}],"inLanguage":"et"},{"@type":"Organization","@id":"https:\/\/visitaluksne.lv\/et\/#organization","name":"Al\u016bksnes T\u016brisma inform\u0101cijas centrs","url":"https:\/\/visitaluksne.lv\/et\/","logo":{"@type":"ImageObject","inLanguage":"et","@id":"https:\/\/visitaluksne.lv\/et\/#\/schema\/logo\/image\/","url":"https:\/\/visitaluksne.lv\/wp-content\/uploads\/2021\/03\/VisitAluksne.png","contentUrl":"https:\/\/visitaluksne.lv\/wp-content\/uploads\/2021\/03\/VisitAluksne.png","width":240,"height":100,"caption":"Al\u016bksnes T\u016brisma inform\u0101cijas centrs"},"image":{"@id":"https:\/\/visitaluksne.lv\/et\/#\/schema\/logo\/image\/"},"sameAs":["https:\/\/www.facebook.com\/visitaluksne\/","https:\/\/www.instagram.com\/visitaluksne\/"]}]}},"_links":{"self":[{"href":"https:\/\/visitaluksne.lv\/et\/wp-json\/wp\/v2\/pages\/15249","targetHints":{"allow":["GET"]}}],"collection":[{"href":"https:\/\/visitaluksne.lv\/et\/wp-json\/wp\/v2\/pages"}],"about":[{"href":"https:\/\/visitaluksne.lv\/et\/wp-json\/wp\/v2\/types\/page"}],"author":[{"embeddable":true,"href":"https:\/\/visitaluksne.lv\/et\/wp-json\/wp\/v2\/users\/1"}],"replies":[{"embeddable":true,"href":"https:\/\/visitaluksne.lv\/et\/wp-json\/wp\/v2\/comments?post=15249"}],"version-history":[{"count":0,"href":"https:\/\/visitaluksne.lv\/et\/wp-json\/wp\/v2\/pages\/15249\/revisions"}],"wp:attachment":[{"href":"https:\/\/visitaluksne.lv\/et\/wp-json\/wp\/v2\/media?parent=15249"}],"curies":[{"name":"wp","href":"https:\/\/api.w.org\/{rel}","templated":true}]}}