{"id":19203,"date":"2020-12-11T13:10:29","date_gmt":"2020-12-11T11:10:29","guid":{"rendered":"https:\/\/visitaluksne.lv\/meist\/"},"modified":"2023-12-28T10:57:40","modified_gmt":"2023-12-28T08:57:40","slug":"meist","status":"publish","type":"page","link":"https:\/\/visitaluksne.lv\/et\/meist\/","title":{"rendered":"Meist"},"content":{"rendered":"<p>&nbsp;<\/p>\n<!--themify_builder_content-->\n<div id=\"themify_builder_content-19203\" data-postid=\"19203\" class=\"themify_builder_content themify_builder_content-19203 themify_builder tf_clear\">\n    \t\t\t\t<!-- module_row -->\n\t\t<div  data-lazy=\"1\" class=\"module_row themify_builder_row tb_q84p813 tb_first tf_w tf_clearfix\">\n\t\t\t\t\t<div class=\"row_inner col_align_top tb_col_count_2 tf_box tf_rel\">\n\t\t\t\t\t<div  data-lazy=\"1\" class=\"module_column tb-column col4-2 tb_mwoo813 first\">\n\t\t\t\t\t\t\t\t\t<div class=\"tb-column-inner tf_box tf_w\">\n\t\t\t\t<!-- module gallery -->\n<div  class=\"module gallery module-gallery tb_lme0813 layout-slider  \" data-lazy=\"1\">\n                <div class=\"themify_builder_slider_vertical tf_rel\">\n    <div class=\"tf_swiper-container tf_carousel themify_builder_slider themify_builder_slider_vertical tf_rel tf_overflow\"\n\tdata-pager=\"1\"\n\t data-lazy=\"1\"\t\t\tdata-thumbs=\"tb_lme0813_thumbs\"\n\t\tdata-effect=\"fade\" \n\t\tdata-css_url=\"https:\/\/visitaluksne.lv\/wp-content\/themes\/themify-ultra\/themify\/themify-builder\/css\/modules\/sliders\/carousel.css,https:\/\/visitaluksne.lv\/wp-content\/themes\/themify-ultra\/themify\/themify-builder\/css\/modules\/sliders\/gallery.css\"\n\t\t\t\tdata-auto=\"4\"\n\t\tdata-pause_hover=\"1\"\n\t\t\t\t\tdata-controller=\"0\"\n\t\t\t\tdata-speed=\"1\"\n\tdata-wrapvar=\"1\"\n\tdata-slider_nav=\"1\"\n\tdata-height=\"variable\"\n\t\t>\n\t<div class=\"tf_swiper-wrapper tf_lazy tf_rel tf_w tf_h tf_textc\">\n\t\t\t\t\t<div class=\"tf_swiper-slide\">\n\t\t\t<div class=\"slide-inner-wrap\">\n\t\t\t\t<div class=\"tf_lazy slide-image gallery-icon\"><img loading=\"lazy\" decoding=\"async\" src=\"https:\/\/visitaluksne.lv\/wp-content\/uploads\/2023\/07\/Aluksnes-Turisma-informacijas-centrs-Aluksnes-pilsetas-svetki-600x600.jpg\" width=\"600\" height=\"600\" class=\"wp-post-image wp-image-28206\" title=\"Al\u016bksnes T\u016brisma inform\u0101cijas centrs\" data-tf-not-load=\"1\" alt=\"Al\u016bksnes T\u016brisma inform\u0101cijas centrs\">\t\t\t\t<\/div>\n\t\t\t\t\t\t\t<\/div><\/div>\n\t\t\t<\/div>\n<\/div>\n            <\/div>\n    <\/div>\n<!-- \/module gallery -->\t\t\t\t<\/div><!-- .tb-column-inner -->\n\t\t\t\t\t\t<\/div><!-- .module_column -->\n\t\t\t\t\t<div  data-lazy=\"1\" class=\"module_column tb-column col4-2 tb_6vvx813 last\">\n\t\t\t\t\t\t\t\t\t<div class=\"tb-column-inner tf_box tf_w\">\n\t\t\t\t<!-- module fancy heading -->\n<div  class=\"module module-fancy-heading tb_gst0813 \" data-lazy=\"1\">\n\t    <h2 class=\"fancy-heading tf_textl\">\n    <span class=\"main-head tf_block\">\n\t\t\t\t\tMeist\t\t    <\/span>\n\n\t\n    <span class=\"sub-head tf_block tf_rel\">\n\t\t\t\t\t\t\t    <\/span>\n    <\/h2>\n<\/div>\n<!-- \/module fancy heading -->\n<!-- module text -->\n<div  class=\"module module-text tb_zngz813   \" data-lazy=\"1\">\n        <div  class=\"tb_text_wrap\">\n    <p>Al\u016bksnes T\u016brisma inform\u0101cijas centrs ir pa\u0161vald\u012bbas izveidota iest\u0101de, kura ir atbild\u012bga par pils\u0113tas un novada t\u016brisma t\u0113la veido\u0161anu, t\u016brisma produktu virz\u012b\u0161ana tirg\u016b, k\u0101 ar\u012b galam\u0113r\u0137a z\u012bmolved\u012bbu un pozicion\u0113jumu.<\/p><p>M\u016bsu darb\u012bbas m\u0113r\u0137is ir veidot Al\u016bksnes novadu k\u0101 atpaz\u012bstamu t\u016brisma galam\u0113r\u0137i Latvijas un \u0101rzemju ce\u013cot\u0101ju vid\u016b, kur tiek pied\u0101v\u0101ti kvalitat\u012bvi un daudzveid\u012bgi t\u016brisma pakalpojumi rekreat\u012bvaj\u0101, dabas, kult\u016bras un akt\u012bvaj\u0101 t\u016brism\u0101, vienlaic\u012bgi r\u016bp\u0113joties ar dabas un kult\u016brv\u0113sturisk\u0101 mantojuma ilgtsp\u0113ju, k\u0101 ar\u012b savu trad\u012bciju saglab\u0101\u0161anu un populariz\u0113\u0161anu.<\/p><p>Al\u016bksnes TIC vada ofici\u0101lo Al\u016bksnes novada t\u016brisma vietni www.visitaluksne.lv. Akt\u012bvi piedal\u0101s da\u017e\u0101d\u0101s sadarb\u012bb\u0101s un projektos, kuri veicina Al\u016bksnes un Al\u016bksnes novada att\u012bst\u012bbu k\u0101 pievilc\u012bgu t\u016brisma galam\u0113r\u0137im Al\u016bksnes TIC strukt\u016bras ir Al\u016bksnes B\u0101n\u012b\u0161a stacija un Al\u016bksnes skatu tornis, kuri ir iecien\u012bti apskates objekti ar t\u016brisma inform\u0101cijas pieejam\u012bbu.<\/p>    <\/div>\n<\/div>\n<!-- \/module text -->\t\t\t\t<\/div><!-- .tb-column-inner -->\n\t\t\t\t\t\t<\/div><!-- .module_column -->\n\t\t\t\t\t\t<\/div><!-- .row_inner -->\n\t\t<\/div><!-- .module_row -->\n\t\t\t\t\t\t\t\t<!-- module_row -->\n\t\t<div  data-css_id=\"yh9c541\" data-lazy=\"1\" class=\"module_row themify_builder_row fullwidth tb_yh9c541 tf_w tf_clearfix\">\n\t\t\t\t\t<div class=\"row_inner col_align_top tb_col_count_1 tf_box tf_rel\">\n\t\t\t\t\t<div  data-lazy=\"1\" class=\"module_column tb-column col-full tb_b3l9541 first\">\n\t\t\t\t\t\t\t\t\t<div class=\"tb-column-inner tf_box tf_w\">\n\t\t\t\t<!-- module template_part -->\n<div  class=\"module module-layout-part tb_izff541 \">\n    <div class=\"tb_layout_part_wrap tf_w\">\n<!--themify_builder_content-->\n    <div  class=\"themify_builder_content themify_builder_content-8442 themify_builder not_editable_builder in_the_loop\" data-postid=\"8442\">\n        \t\t\t\t<!-- module_row -->\n\t\t<div  data-lazy=\"1\" class=\"module_row themify_builder_row tb_17d5916 tf_w tf_clearfix\">\n\t\t\t\t\t<div class=\"row_inner col_align_top tb_col_count_1 tf_box tf_rel\">\n\t\t\t\t\t<div  data-lazy=\"1\" class=\"module_column tb-column col-full tb_dmae917 first\">\n\t\t\t\t\t\t\t\t\t<div class=\"tb-column-inner tf_box tf_w\">\n\t\t\t\t<!-- module plain text -->\n<div  class=\"module module-plain-text tb_rx4o917 \" data-lazy=\"1\">\n        <div class=\"tb_text_wrap\">\n\t<button onclick=\"window.history.go(-1); return false;\"><img loading=\"lazy\" decoding=\"async\" src=\"https:\/\/visitaluksne.lv\/wp-content\/uploads\/2021\/03\/go-back.png\" alt=\"\" width=\"57\" height=\"25\" \/><\/button>    <\/div>\n<\/div>\n<!-- \/module plain text -->\t\t\t\t<\/div><!-- .tb-column-inner -->\n\t\t\t\t\t\t<\/div><!-- .module_column -->\n\t\t\t\t\t\t<\/div><!-- .row_inner -->\n\t\t<\/div><!-- .module_row -->\n\t\t\t\t    <\/div>\n<!--\/themify_builder_content-->\n<\/div>\n<\/div>\n<!-- \/module template_part -->\t\t\t\t<\/div><!-- .tb-column-inner -->\n\t\t\t\t\t\t<\/div><!-- .module_column -->\n\t\t\t\t\t\t<\/div><!-- .row_inner -->\n\t\t<\/div><!-- .module_row -->\n\t\t\t\t<\/div>\n<!--\/themify_builder_content-->\n","protected":false},"excerpt":{"rendered":"<p>&nbsp;<\/p>\n","protected":false},"author":1,"featured_media":0,"parent":0,"menu_order":987,"comment_status":"closed","ping_status":"closed","template":"","meta":{"footnotes":""},"class_list":["post-19203","page","type-page","status-publish","hentry","has-post-title","has-post-date","has-post-category","has-post-tag","has-post-comment","has-post-author",""],"yoast_head":"<title>Meist - VisitAluksne<\/title>\n<meta name=\"robots\" content=\"index, follow, max-snippet:-1, max-image-preview:large, max-video-preview:-1\" \/>\n<link rel=\"canonical\" href=\"https:\/\/visitaluksne.lv\/et\/meist\/\" \/>\n<meta property=\"og:locale\" content=\"et_EE\" \/>\n<meta property=\"og:type\" content=\"article\" \/>\n<meta property=\"og:title\" content=\"Meist - VisitAluksne\" \/>\n<meta property=\"og:description\" content=\"&nbsp;\" \/>\n<meta property=\"og:url\" content=\"https:\/\/visitaluksne.lv\/et\/meist\/\" \/>\n<meta property=\"og:site_name\" content=\"VisitAluksne\" \/>\n<meta property=\"article:publisher\" content=\"https:\/\/www.facebook.com\/visitaluksne\/\" \/>\n<meta property=\"article:modified_time\" content=\"2023-12-28T08:57:40+00:00\" \/>\n<meta property=\"og:image\" content=\"https:\/\/visitaluksne.lv\/wp-content\/uploads\/2021\/03\/VisitAluksne.png\" \/>\n\t<meta property=\"og:image:width\" content=\"240\" \/>\n\t<meta property=\"og:image:height\" content=\"100\" \/>\n\t<meta property=\"og:image:type\" content=\"image\/png\" \/>\n<meta name=\"twitter:card\" content=\"summary_large_image\" \/>\n<script type=\"application\/ld+json\" class=\"yoast-schema-graph\">{\"@context\":\"https:\\\/\\\/schema.org\",\"@graph\":[{\"@type\":\"WebPage\",\"@id\":\"https:\\\/\\\/visitaluksne.lv\\\/et\\\/meist\\\/\",\"url\":\"https:\\\/\\\/visitaluksne.lv\\\/et\\\/meist\\\/\",\"name\":\"Meist - VisitAluksne\",\"isPartOf\":{\"@id\":\"https:\\\/\\\/visitaluksne.lv\\\/et\\\/#website\"},\"datePublished\":\"2020-12-11T11:10:29+00:00\",\"dateModified\":\"2023-12-28T08:57:40+00:00\",\"breadcrumb\":{\"@id\":\"https:\\\/\\\/visitaluksne.lv\\\/et\\\/meist\\\/#breadcrumb\"},\"inLanguage\":\"et\",\"potentialAction\":[{\"@type\":\"ReadAction\",\"target\":[\"https:\\\/\\\/visitaluksne.lv\\\/et\\\/meist\\\/\"]}]},{\"@type\":\"BreadcrumbList\",\"@id\":\"https:\\\/\\\/visitaluksne.lv\\\/et\\\/meist\\\/#breadcrumb\",\"itemListElement\":[{\"@type\":\"ListItem\",\"position\":1,\"name\":\"Home\",\"item\":\"https:\\\/\\\/visitaluksne.lv\\\/et\\\/\"},{\"@type\":\"ListItem\",\"position\":2,\"name\":\"Meist\"}]},{\"@type\":\"WebSite\",\"@id\":\"https:\\\/\\\/visitaluksne.lv\\\/et\\\/#website\",\"url\":\"https:\\\/\\\/visitaluksne.lv\\\/et\\\/\",\"name\":\"VisitAluksne\",\"description\":\"\",\"publisher\":{\"@id\":\"https:\\\/\\\/visitaluksne.lv\\\/et\\\/#organization\"},\"potentialAction\":[{\"@type\":\"SearchAction\",\"target\":{\"@type\":\"EntryPoint\",\"urlTemplate\":\"https:\\\/\\\/visitaluksne.lv\\\/et\\\/?s={search_term_string}\"},\"query-input\":{\"@type\":\"PropertyValueSpecification\",\"valueRequired\":true,\"valueName\":\"search_term_string\"}}],\"inLanguage\":\"et\"},{\"@type\":\"Organization\",\"@id\":\"https:\\\/\\\/visitaluksne.lv\\\/et\\\/#organization\",\"name\":\"Al\u016bksnes T\u016brisma inform\u0101cijas centrs\",\"url\":\"https:\\\/\\\/visitaluksne.lv\\\/et\\\/\",\"logo\":{\"@type\":\"ImageObject\",\"inLanguage\":\"et\",\"@id\":\"https:\\\/\\\/visitaluksne.lv\\\/et\\\/#\\\/schema\\\/logo\\\/image\\\/\",\"url\":\"https:\\\/\\\/visitaluksne.lv\\\/wp-content\\\/uploads\\\/2021\\\/03\\\/VisitAluksne.png\",\"contentUrl\":\"https:\\\/\\\/visitaluksne.lv\\\/wp-content\\\/uploads\\\/2021\\\/03\\\/VisitAluksne.png\",\"width\":240,\"height\":100,\"caption\":\"Al\u016bksnes T\u016brisma inform\u0101cijas centrs\"},\"image\":{\"@id\":\"https:\\\/\\\/visitaluksne.lv\\\/et\\\/#\\\/schema\\\/logo\\\/image\\\/\"},\"sameAs\":[\"https:\\\/\\\/www.facebook.com\\\/visitaluksne\\\/\",\"https:\\\/\\\/www.instagram.com\\\/visitaluksne\\\/\"]}]}<\/script>","yoast_head_json":{"title":"Meist - VisitAluksne","robots":{"index":"index","follow":"follow","max-snippet":"max-snippet:-1","max-image-preview":"max-image-preview:large","max-video-preview":"max-video-preview:-1"},"canonical":"https:\/\/visitaluksne.lv\/et\/meist\/","og_locale":"et_EE","og_type":"article","og_title":"Meist - VisitAluksne","og_description":"&nbsp;","og_url":"https:\/\/visitaluksne.lv\/et\/meist\/","og_site_name":"VisitAluksne","article_publisher":"https:\/\/www.facebook.com\/visitaluksne\/","article_modified_time":"2023-12-28T08:57:40+00:00","og_image":[{"width":240,"height":100,"url":"https:\/\/visitaluksne.lv\/wp-content\/uploads\/2021\/03\/VisitAluksne.png","type":"image\/png"}],"twitter_card":"summary_large_image","schema":{"@context":"https:\/\/schema.org","@graph":[{"@type":"WebPage","@id":"https:\/\/visitaluksne.lv\/et\/meist\/","url":"https:\/\/visitaluksne.lv\/et\/meist\/","name":"Meist - VisitAluksne","isPartOf":{"@id":"https:\/\/visitaluksne.lv\/et\/#website"},"datePublished":"2020-12-11T11:10:29+00:00","dateModified":"2023-12-28T08:57:40+00:00","breadcrumb":{"@id":"https:\/\/visitaluksne.lv\/et\/meist\/#breadcrumb"},"inLanguage":"et","potentialAction":[{"@type":"ReadAction","target":["https:\/\/visitaluksne.lv\/et\/meist\/"]}]},{"@type":"BreadcrumbList","@id":"https:\/\/visitaluksne.lv\/et\/meist\/#breadcrumb","itemListElement":[{"@type":"ListItem","position":1,"name":"Home","item":"https:\/\/visitaluksne.lv\/et\/"},{"@type":"ListItem","position":2,"name":"Meist"}]},{"@type":"WebSite","@id":"https:\/\/visitaluksne.lv\/et\/#website","url":"https:\/\/visitaluksne.lv\/et\/","name":"VisitAluksne","description":"","publisher":{"@id":"https:\/\/visitaluksne.lv\/et\/#organization"},"potentialAction":[{"@type":"SearchAction","target":{"@type":"EntryPoint","urlTemplate":"https:\/\/visitaluksne.lv\/et\/?s={search_term_string}"},"query-input":{"@type":"PropertyValueSpecification","valueRequired":true,"valueName":"search_term_string"}}],"inLanguage":"et"},{"@type":"Organization","@id":"https:\/\/visitaluksne.lv\/et\/#organization","name":"Al\u016bksnes T\u016brisma inform\u0101cijas centrs","url":"https:\/\/visitaluksne.lv\/et\/","logo":{"@type":"ImageObject","inLanguage":"et","@id":"https:\/\/visitaluksne.lv\/et\/#\/schema\/logo\/image\/","url":"https:\/\/visitaluksne.lv\/wp-content\/uploads\/2021\/03\/VisitAluksne.png","contentUrl":"https:\/\/visitaluksne.lv\/wp-content\/uploads\/2021\/03\/VisitAluksne.png","width":240,"height":100,"caption":"Al\u016bksnes T\u016brisma inform\u0101cijas centrs"},"image":{"@id":"https:\/\/visitaluksne.lv\/et\/#\/schema\/logo\/image\/"},"sameAs":["https:\/\/www.facebook.com\/visitaluksne\/","https:\/\/www.instagram.com\/visitaluksne\/"]}]}},"_links":{"self":[{"href":"https:\/\/visitaluksne.lv\/et\/wp-json\/wp\/v2\/pages\/19203","targetHints":{"allow":["GET"]}}],"collection":[{"href":"https:\/\/visitaluksne.lv\/et\/wp-json\/wp\/v2\/pages"}],"about":[{"href":"https:\/\/visitaluksne.lv\/et\/wp-json\/wp\/v2\/types\/page"}],"author":[{"embeddable":true,"href":"https:\/\/visitaluksne.lv\/et\/wp-json\/wp\/v2\/users\/1"}],"replies":[{"embeddable":true,"href":"https:\/\/visitaluksne.lv\/et\/wp-json\/wp\/v2\/comments?post=19203"}],"version-history":[{"count":0,"href":"https:\/\/visitaluksne.lv\/et\/wp-json\/wp\/v2\/pages\/19203\/revisions"}],"wp:attachment":[{"href":"https:\/\/visitaluksne.lv\/et\/wp-json\/wp\/v2\/media?parent=19203"}],"curies":[{"name":"wp","href":"https:\/\/api.w.org\/{rel}","templated":true}]}}