{"id":19740,"date":"2022-03-18T13:15:28","date_gmt":"2022-03-18T11:15:28","guid":{"rendered":"https:\/\/visitaluksne.lv\/pieklustamibas-pazinojums\/"},"modified":"2024-01-19T13:00:59","modified_gmt":"2024-01-19T11:00:59","slug":"pieklustamibas-pazinojums","status":"publish","type":"page","link":"https:\/\/visitaluksne.lv\/et\/pieklustamibas-pazinojums\/","title":{"rendered":"Saadavuse teatis"},"content":{"rendered":"<!--themify_builder_content-->\n<div id=\"themify_builder_content-19740\" data-postid=\"19740\" class=\"themify_builder_content themify_builder_content-19740 themify_builder tf_clear\">\n    \t\t\t\t<!-- module_row -->\n\t\t<div  data-css_id=\"7vdi772\" data-lazy=\"1\" class=\"module_row themify_builder_row fullwidth tb_7vdi772 tb_first tf_w tf_clearfix\">\n\t\t\t\t\t<div class=\"row_inner col_align_top tb_col_count_1 tf_box tf_rel\">\n\t\t\t\t\t<div  data-lazy=\"1\" class=\"module_column tb-column col-full tb_r3ui772 first\">\n\t\t\t\t\t\t\t\t\t<div class=\"tb-column-inner tf_box tf_w\">\n\t\t\t\t\t\t<div  data-lazy=\"1\" class=\"module_subrow themify_builder_sub_row tb_6hxy772 tf_w tf_clearfix\">\n\t\t\t\t\t<div class=\"subrow_inner col_align_top gutter-none tb_col_count_2 tf_box tf_w\">\n\t\t\t\t\t<div  data-lazy=\"1\" class=\"module_column sub_column col4-3 tb_sglz772 first\">\n\t\t\t\t\t\t\t\t\t<div class=\"tb-column-inner tf_box tf_w\">\n\t\t\t\t<!-- module fancy heading -->\n<div  class=\"module module-fancy-heading tb_hvos772  inline-fancy-heading tb_hide_divider\" data-lazy=\"1\">\n\t    <h1 class=\"fancy-heading tf_textc\">\n    <span class=\"main-head tf_inline_b\">\n\t\t\t\t\tSaadavuse teatis\t\t    <\/span>\n\n\t\n    <span class=\"sub-head tf_inline_b tf_rel\">\n\t\t\t\t\t\t\t    <\/span>\n    <\/h1>\n<\/div>\n<!-- \/module fancy heading -->\n\t\t\t\t<\/div><!-- .tb-column-inner -->\n\t\t\t\t\t\t<\/div><!-- .module_column -->\n\t\t\t\t\t<div  data-lazy=\"1\" class=\"module_column sub_column col4-1 tb_l5ni772 last\">\n\t\t\t\t\t\t\t\t\t<div class=\"tb-column-inner tf_box tf_w\">\n\t\t\t\t<!-- module buttons -->\n<div  class=\"module module-buttons tb_bpx1772 buttons-horizontal solid  hide-mobile large buttons-fullwidth\" data-lazy=\"1\">\n\t\t<div class=\"module-buttons-item tf_inline_b\">\n\t\t\t\t\t\t\t\t<span class=\"tf_inline_b tf_vmiddle\"><\/span>\n\t\t\t\t\t\t\t\t\t\t<\/div>\n\t\t\t<\/div>\n<!-- \/module buttons -->\n\t\t\t\t<\/div><!-- .tb-column-inner -->\n\t\t\t\t\t\t<\/div><!-- .module_column -->\n\t\t\t\t\t\t<\/div><!-- .subrow_inner -->\n\t\t<\/div><!-- .themify_builder_sub_row -->\n\t\t\t\t\t\t\t\t<\/div><!-- .tb-column-inner -->\n\t\t\t\t\t\t<\/div><!-- .module_column -->\n\t\t\t\t\t\t<\/div><!-- .row_inner -->\n\t\t<\/div><!-- .module_row -->\n\t\t\t\t\t\t\t\t<!-- module_row -->\n\t\t<div  data-css_id=\"e2sx25\" data-lazy=\"1\" class=\"module_row themify_builder_row fullwidth tb_e2sx25 tf_w tf_clearfix\">\n\t\t\t\t\t<div class=\"row_inner col_align_top tb_col_count_1 tf_box tf_rel\">\n\t\t\t\t\t<div  data-lazy=\"1\" class=\"module_column tb-column col-full tb_cop326 first\">\n\t\t\t\t\t\t\t\t\t<div class=\"tb-column-inner tf_box tf_w\">\n\t\t\t\t<!-- module text -->\n<div  class=\"module module-text tb_kubg261   \" data-lazy=\"1\">\n        <div  class=\"tb_text_wrap\">\n    <p><span id=\"a11y-institution\"><strong>Al\u016bksnes novada pa\u0161vald\u012bba<\/strong><\/span> saska\u0146\u0101 ar Ministru kabineta 2020. gada 14. j\u016blija noteikumiem Nr. 445 \u201cK\u0101rt\u012bba, k\u0101d\u0101 iest\u0101des ievieto inform\u0101ciju internet\u0101\u201d (turpm\u0101k \u2013 noteikumi Nr. 445) ap\u0146emas savu <span class=\"a11y-type\">t\u012bmek\u013cvietni<\/span> veidot piek\u013c\u016bstamu.<\/p><p>\u0160is piek\u013c\u016bstam\u012bbas pazi\u0146ojums attiecas uz: <a href=\"http:\/\/visitaluksne.lv.lv\">www.visitaluksne.lv<\/a><\/p><p><span class=\"a11y-type\">T\u012bmek\u013cvietnei<\/span> veikts <span id=\"a11y-evaluation-type\">vienk\u0101r\u0161otais piek\u013c\u016bstam\u012bbas izv\u0113rt\u0113jums<\/span>. Izmantot\u0101 metode \u2013 <span id=\"a11y-method\">VARAM sagatavot\u0101s \u201cVadl\u012bnijas iest\u0101\u017eu t\u012bmek\u013cvietn\u0113m noteikto piek\u013c\u016bstam\u012bbas pras\u012bbu iev\u0113ro\u0161anas ietekmes izv\u0113rt\u0113\u0161anai un nesam\u0113r\u012bg\u0101 sloga pamato\u0161anai\u201d<\/span>.<\/p><h3>\u0160aj\u0101 t\u012bmek\u013cvietn\u0113 Jums ir iesp\u0113jams:<\/h3><ul><li>P\u0101rvietoties, izmantojot tikai tastat\u016bru;<\/li><li>Tuvin\u0101t saturu;<\/li><li>Main\u012bt kontrastu;<\/li><li>Liel\u0101kaj\u0101 da\u013c\u0101 t\u012bmek\u013cvietnes izmantot ekr\u0101nlas\u012bt\u0101jus;<\/li><li>Las\u012bt saturu vieglaj\u0101 valod\u0101.<\/li><\/ul><p>Vair\u0101k inform\u0101cijas par piek\u013c\u016bstam\u012bbu Vides aizsardz\u012bbas un re\u0123ion\u0101l\u0101s att\u012bst\u012bbas ministrijas vadl\u012bnij\u0101s:\u00a0<a href=\"https:\/\/pieklustamiba.varam.gov.lv\/\" data-external-link=\"TRUE\">https:\/\/pieklustamiba.varam.gov.lv\/<\/a><\/p><h4>Neatbilst\u012bba pras\u012bb\u0101m, kas min\u0113tas noteikumos Nr. 445<\/h4><ul id=\"a11y-non-compliance-list\"><li class=\"a11y-non-compliance-item\">Da\u013cai no att\u0113liem tr\u016bkst alternat\u012bvie teksti, l\u012bdz ar to cilv\u0113ki, kas izmanto ekr\u0101nlas\u012bt\u0101ju nevar piek\u013c\u016bt pilnv\u0113rt\u012bgai infom\u0101cijai.\u00a0\u00a0<\/li><li class=\"a11y-non-compliance-item\">Audio saturam nav pievienoti apraksti<\/li><\/ul><p>\u0160\u012b <span class=\"a11y-type\">t\u012bmek\u013cvietne<\/span> p\u0113d\u0113jo reizi tika izv\u0113rt\u0113ta 30<span id=\"a11y-evaluation-date\">.12.2021<\/span>. Izv\u0113rt\u0113\u0161anu veica Jurijs Drozdovs, Al\u016bksnes novada pa\u0161vald\u012bbas datorgrafi\u0137is.<\/p><p><a href=\"https:\/\/visitaluksne.lv\/wp-content\/uploads\/2024\/01\/izvertejums_visitaluksne_lv_2024.edoc\">Izv\u0113rt\u0113jumu apliecino\u0161s dokuments (eDOC)<\/a>\u00a0<\/p><h3>Piek\u013c\u016bstam\u012bbas alternat\u012bvas<\/h3><h3>Atsauksm\u0113m un sazi\u0146ai<\/h3><p>M\u0113s nep\u0101rtraukti cen\u0161amies uzlabot \u0161\u012bs <span class=\"a11y-type\">t\u012bmek\u013cvietnes<\/span> piek\u013c\u016bstam\u012bbu.<\/p><p>Ja J\u016bs konstat\u0113jat k\u0101das probl\u0113mas vai nepiln\u012bbas, kas nav min\u0113tas \u0161aj\u0101 pazi\u0146ojum\u0101 vai v\u0113laties sa\u0146emt nepiek\u013c\u016bstamo saturu cit\u0101 form\u0101t\u0101, sazinieties ar mums:<\/p><p>E-past\u0101: <span id=\"a11y-mail\"><a href=\"mailto:tic@aluksne.lv\">tic@aluksne.lv<\/a><\/span><\/p><p>Zvaniet: +371 25779965<\/p><p><span id=\"a11y-other-contacts\">Adrese: Pils iela 25A, Al\u016bksne, LV-4301<\/span><\/p><p>Ja neesam atbilsto\u0161i rea\u0123\u0113ju\u0161i uz J\u016bsu iesniegumu vai s\u016bdz\u012bbu par <span class=\"a11y-type\">t\u012bmek\u013cvietnes<\/span> satura piek\u013c\u016bstam\u012bbu, Jums ir iesp\u0113ja iesniegt s\u016bdz\u012bbu Latvijas Republikas Ties\u012bbsargam:<\/p><p>Ties\u012bbsarga birojs: Bazn\u012bcas iela 25 R\u012bg\u0101, LV-1010<\/p><p>T\u0101lrunis: <a href=\"tel:+37167686768\">+37167686768<\/a><\/p><p>E-pasts: <a href=\"mailto:tiesibsargs@tiesibsargs.lv\">tiesibsargs@tiesibsargs.lv<\/a><\/p><p><a href=\"https:\/\/www.tiesibsargs.lv\/lv\/pages\/kontaktinformacija\" rel=\"noopener\">https:\/\/www.tiesibsargs.lv\/lv\/pages\/kontaktinformacija<\/a><\/p><h3>Zi\u0146as par pazi\u0146ojuma sagatavo\u0161anu<\/h3><p>\u0160is pazi\u0146ojums pirmo reizi tika sagatavots <span id=\"a11y-first-notify\">30.12.2020<\/span>.<\/p><p>\u0160o pazi\u0146ojumu apstiprin\u0101ja <span id=\"a11y-approved-by\">Iveta VE\u013b\u0136ERE<\/span>, Al\u016bksnes T\u016brisma inform\u0101cijas centra<span id=\"a11y-approved-by-jobtitle\"> vad\u012bt\u0101ja<\/span>.<\/p>    <\/div>\n<\/div>\n<!-- \/module text -->\t\t\t\t<\/div><!-- .tb-column-inner -->\n\t\t\t\t\t\t<\/div><!-- .module_column -->\n\t\t\t\t\t\t<\/div><!-- .row_inner -->\n\t\t<\/div><!-- .module_row -->\n\t\t\t\t\t\t\t\t<!-- module_row -->\n\t\t<div  data-css_id=\"ntxs388\" data-lazy=\"1\" class=\"module_row themify_builder_row fullwidth tb_ntxs388 tf_w tf_clearfix\">\n\t\t\t\t\t<div class=\"row_inner col_align_top tb_col_count_1 tf_box tf_rel\">\n\t\t\t\t\t<div  data-lazy=\"1\" class=\"module_column tb-column col-full tb_bbs4388 first\">\n\t\t\t\t\t\t\t\t\t<div class=\"tb-column-inner tf_box tf_w\">\n\t\t\t\t<!-- module template_part -->\n<div  class=\"module module-layout-part tb_ooy3388 \">\n    <div class=\"tb_layout_part_wrap tf_w\"><!--themify_builder_content-->\n    <div  class=\"themify_builder_content themify_builder_content-8442 themify_builder not_editable_builder in_the_loop\" data-postid=\"8442\">\n        \t\t\t\t<!-- module_row -->\n\t\t<div  data-lazy=\"1\" class=\"module_row themify_builder_row tb_17d5916 tf_w tf_clearfix\">\n\t\t\t\t\t<div class=\"row_inner col_align_top tb_col_count_1 tf_box tf_rel\">\n\t\t\t\t\t<div  data-lazy=\"1\" class=\"module_column tb-column col-full tb_dmae917 first\">\n\t\t\t\t\t\t\t\t\t<div class=\"tb-column-inner tf_box tf_w\">\n\t\t\t\t<!-- module plain text -->\n<div  class=\"module module-plain-text tb_rx4o917 \" data-lazy=\"1\">\n        <div class=\"tb_text_wrap\">\n\t<button onclick=\"window.history.go(-1); return false;\"><img loading=\"lazy\" decoding=\"async\" src=\"https:\/\/visitaluksne.lv\/wp-content\/uploads\/2021\/03\/go-back.png\" alt=\"\" width=\"57\" height=\"25\" \/><\/button>    <\/div>\n<\/div>\n<!-- \/module plain text -->\t\t\t\t<\/div><!-- .tb-column-inner -->\n\t\t\t\t\t\t<\/div><!-- .module_column -->\n\t\t\t\t\t\t<\/div><!-- .row_inner -->\n\t\t<\/div><!-- .module_row -->\n\t\t\t\t    <\/div>\n<!--\/themify_builder_content--><\/div>\n<\/div>\n<!-- \/module template_part -->\t\t\t\t<\/div><!-- .tb-column-inner -->\n\t\t\t\t\t\t<\/div><!-- .module_column -->\n\t\t\t\t\t\t<\/div><!-- .row_inner -->\n\t\t<\/div><!-- .module_row -->\n\t\t\t\t<\/div>\n<!--\/themify_builder_content-->","protected":false},"excerpt":{"rendered":"<p>Piek\u013c\u016bstam\u012bbas pazi\u0146ojums Al\u016bksnes novada pa\u0161vald\u012bba saska\u0146\u0101 ar Ministru kabineta 2020. gada 14. j\u016blija noteikumiem Nr. 445 \u201cK\u0101rt\u012bba, k\u0101d\u0101 iest\u0101des ievieto inform\u0101ciju internet\u0101\u201d (turpm\u0101k \u2013 noteikumi Nr. 445) ap\u0146emas savu t\u012bmek\u013cvietni veidot piek\u013c\u016bstamu. \u0160is piek\u013c\u016bstam\u012bbas pazi\u0146ojums attiecas uz: www.visitaluksne.lv T\u012bmek\u013cvietnei veikts vienk\u0101r\u0161otais piek\u013c\u016bstam\u012bbas izv\u0113rt\u0113jums. Izmantot\u0101 metode \u2013 VARAM sagatavot\u0101s \u201cVadl\u012bnijas iest\u0101\u017eu t\u012bmek\u013cvietn\u0113m noteikto piek\u013c\u016bstam\u012bbas pras\u012bbu iev\u0113ro\u0161anas [&hellip;]<\/p>\n","protected":false},"author":1,"featured_media":0,"parent":0,"menu_order":0,"comment_status":"closed","ping_status":"closed","template":"","meta":{"footnotes":""},"class_list":["post-19740","page","type-page","status-publish","hentry","has-post-title","has-post-date","has-post-category","has-post-tag","has-post-comment","has-post-author",""],"yoast_head":"<title>Saadavuse teatis - VisitAluksne<\/title>\n<meta name=\"robots\" content=\"index, follow, max-snippet:-1, max-image-preview:large, max-video-preview:-1\" \/>\n<link rel=\"canonical\" href=\"https:\/\/visitaluksne.lv\/et\/pieklustamibas-pazinojums\/\" \/>\n<meta property=\"og:locale\" content=\"et_EE\" \/>\n<meta property=\"og:type\" content=\"article\" \/>\n<meta property=\"og:title\" content=\"Saadavuse teatis - VisitAluksne\" \/>\n<meta property=\"og:description\" content=\"Piek\u013c\u016bstam\u012bbas pazi\u0146ojums Al\u016bksnes novada pa\u0161vald\u012bba saska\u0146\u0101 ar Ministru kabineta 2020. gada 14. j\u016blija noteikumiem Nr. 445 \u201cK\u0101rt\u012bba, k\u0101d\u0101 iest\u0101des ievieto inform\u0101ciju internet\u0101\u201d (turpm\u0101k \u2013 noteikumi Nr. 445) ap\u0146emas savu t\u012bmek\u013cvietni veidot piek\u013c\u016bstamu. \u0160is piek\u013c\u016bstam\u012bbas pazi\u0146ojums attiecas uz: www.visitaluksne.lv T\u012bmek\u013cvietnei veikts vienk\u0101r\u0161otais piek\u013c\u016bstam\u012bbas izv\u0113rt\u0113jums. Izmantot\u0101 metode \u2013 VARAM sagatavot\u0101s \u201cVadl\u012bnijas iest\u0101\u017eu t\u012bmek\u013cvietn\u0113m noteikto piek\u013c\u016bstam\u012bbas pras\u012bbu iev\u0113ro\u0161anas [&hellip;]\" \/>\n<meta property=\"og:url\" content=\"https:\/\/visitaluksne.lv\/et\/pieklustamibas-pazinojums\/\" \/>\n<meta property=\"og:site_name\" content=\"VisitAluksne\" \/>\n<meta property=\"article:publisher\" content=\"https:\/\/www.facebook.com\/visitaluksne\/\" \/>\n<meta property=\"article:modified_time\" content=\"2024-01-19T11:00:59+00:00\" \/>\n<meta property=\"og:image\" content=\"https:\/\/visitaluksne.lv\/wp-content\/uploads\/2021\/03\/go-back.png\" \/>\n<meta name=\"twitter:card\" content=\"summary_large_image\" \/>\n<meta name=\"twitter:label1\" content=\"Est. reading time\" \/>\n\t<meta name=\"twitter:data1\" content=\"2 minutit\" \/>\n<script type=\"application\/ld+json\" class=\"yoast-schema-graph\">{\"@context\":\"https:\\\/\\\/schema.org\",\"@graph\":[{\"@type\":\"WebPage\",\"@id\":\"https:\\\/\\\/visitaluksne.lv\\\/et\\\/pieklustamibas-pazinojums\\\/\",\"url\":\"https:\\\/\\\/visitaluksne.lv\\\/et\\\/pieklustamibas-pazinojums\\\/\",\"name\":\"Saadavuse teatis - VisitAluksne\",\"isPartOf\":{\"@id\":\"https:\\\/\\\/visitaluksne.lv\\\/et\\\/#website\"},\"primaryImageOfPage\":{\"@id\":\"https:\\\/\\\/visitaluksne.lv\\\/et\\\/pieklustamibas-pazinojums\\\/#primaryimage\"},\"image\":{\"@id\":\"https:\\\/\\\/visitaluksne.lv\\\/et\\\/pieklustamibas-pazinojums\\\/#primaryimage\"},\"thumbnailUrl\":\"https:\\\/\\\/visitaluksne.lv\\\/wp-content\\\/uploads\\\/2021\\\/03\\\/go-back.png\",\"datePublished\":\"2022-03-18T11:15:28+00:00\",\"dateModified\":\"2024-01-19T11:00:59+00:00\",\"breadcrumb\":{\"@id\":\"https:\\\/\\\/visitaluksne.lv\\\/et\\\/pieklustamibas-pazinojums\\\/#breadcrumb\"},\"inLanguage\":\"et\",\"potentialAction\":[{\"@type\":\"ReadAction\",\"target\":[\"https:\\\/\\\/visitaluksne.lv\\\/et\\\/pieklustamibas-pazinojums\\\/\"]}]},{\"@type\":\"ImageObject\",\"inLanguage\":\"et\",\"@id\":\"https:\\\/\\\/visitaluksne.lv\\\/et\\\/pieklustamibas-pazinojums\\\/#primaryimage\",\"url\":\"https:\\\/\\\/visitaluksne.lv\\\/wp-content\\\/uploads\\\/2021\\\/03\\\/go-back.png\",\"contentUrl\":\"https:\\\/\\\/visitaluksne.lv\\\/wp-content\\\/uploads\\\/2021\\\/03\\\/go-back.png\"},{\"@type\":\"BreadcrumbList\",\"@id\":\"https:\\\/\\\/visitaluksne.lv\\\/et\\\/pieklustamibas-pazinojums\\\/#breadcrumb\",\"itemListElement\":[{\"@type\":\"ListItem\",\"position\":1,\"name\":\"Home\",\"item\":\"https:\\\/\\\/visitaluksne.lv\\\/et\\\/\"},{\"@type\":\"ListItem\",\"position\":2,\"name\":\"Saadavuse teatis\"}]},{\"@type\":\"WebSite\",\"@id\":\"https:\\\/\\\/visitaluksne.lv\\\/et\\\/#website\",\"url\":\"https:\\\/\\\/visitaluksne.lv\\\/et\\\/\",\"name\":\"VisitAluksne\",\"description\":\"\",\"publisher\":{\"@id\":\"https:\\\/\\\/visitaluksne.lv\\\/et\\\/#organization\"},\"potentialAction\":[{\"@type\":\"SearchAction\",\"target\":{\"@type\":\"EntryPoint\",\"urlTemplate\":\"https:\\\/\\\/visitaluksne.lv\\\/et\\\/?s={search_term_string}\"},\"query-input\":{\"@type\":\"PropertyValueSpecification\",\"valueRequired\":true,\"valueName\":\"search_term_string\"}}],\"inLanguage\":\"et\"},{\"@type\":\"Organization\",\"@id\":\"https:\\\/\\\/visitaluksne.lv\\\/et\\\/#organization\",\"name\":\"Al\u016bksnes T\u016brisma inform\u0101cijas centrs\",\"url\":\"https:\\\/\\\/visitaluksne.lv\\\/et\\\/\",\"logo\":{\"@type\":\"ImageObject\",\"inLanguage\":\"et\",\"@id\":\"https:\\\/\\\/visitaluksne.lv\\\/et\\\/#\\\/schema\\\/logo\\\/image\\\/\",\"url\":\"https:\\\/\\\/visitaluksne.lv\\\/wp-content\\\/uploads\\\/2021\\\/03\\\/VisitAluksne.png\",\"contentUrl\":\"https:\\\/\\\/visitaluksne.lv\\\/wp-content\\\/uploads\\\/2021\\\/03\\\/VisitAluksne.png\",\"width\":240,\"height\":100,\"caption\":\"Al\u016bksnes T\u016brisma inform\u0101cijas centrs\"},\"image\":{\"@id\":\"https:\\\/\\\/visitaluksne.lv\\\/et\\\/#\\\/schema\\\/logo\\\/image\\\/\"},\"sameAs\":[\"https:\\\/\\\/www.facebook.com\\\/visitaluksne\\\/\",\"https:\\\/\\\/www.instagram.com\\\/visitaluksne\\\/\"]}]}<\/script>","yoast_head_json":{"title":"Saadavuse teatis - VisitAluksne","robots":{"index":"index","follow":"follow","max-snippet":"max-snippet:-1","max-image-preview":"max-image-preview:large","max-video-preview":"max-video-preview:-1"},"canonical":"https:\/\/visitaluksne.lv\/et\/pieklustamibas-pazinojums\/","og_locale":"et_EE","og_type":"article","og_title":"Saadavuse teatis - VisitAluksne","og_description":"Piek\u013c\u016bstam\u012bbas pazi\u0146ojums Al\u016bksnes novada pa\u0161vald\u012bba saska\u0146\u0101 ar Ministru kabineta 2020. gada 14. j\u016blija noteikumiem Nr. 445 \u201cK\u0101rt\u012bba, k\u0101d\u0101 iest\u0101des ievieto inform\u0101ciju internet\u0101\u201d (turpm\u0101k \u2013 noteikumi Nr. 445) ap\u0146emas savu t\u012bmek\u013cvietni veidot piek\u013c\u016bstamu. \u0160is piek\u013c\u016bstam\u012bbas pazi\u0146ojums attiecas uz: www.visitaluksne.lv T\u012bmek\u013cvietnei veikts vienk\u0101r\u0161otais piek\u013c\u016bstam\u012bbas izv\u0113rt\u0113jums. Izmantot\u0101 metode \u2013 VARAM sagatavot\u0101s \u201cVadl\u012bnijas iest\u0101\u017eu t\u012bmek\u013cvietn\u0113m noteikto piek\u013c\u016bstam\u012bbas pras\u012bbu iev\u0113ro\u0161anas [&hellip;]","og_url":"https:\/\/visitaluksne.lv\/et\/pieklustamibas-pazinojums\/","og_site_name":"VisitAluksne","article_publisher":"https:\/\/www.facebook.com\/visitaluksne\/","article_modified_time":"2024-01-19T11:00:59+00:00","og_image":[{"url":"https:\/\/visitaluksne.lv\/wp-content\/uploads\/2021\/03\/go-back.png","type":"","width":"","height":""}],"twitter_card":"summary_large_image","twitter_misc":{"Est. reading time":"2 minutit"},"schema":{"@context":"https:\/\/schema.org","@graph":[{"@type":"WebPage","@id":"https:\/\/visitaluksne.lv\/et\/pieklustamibas-pazinojums\/","url":"https:\/\/visitaluksne.lv\/et\/pieklustamibas-pazinojums\/","name":"Saadavuse teatis - VisitAluksne","isPartOf":{"@id":"https:\/\/visitaluksne.lv\/et\/#website"},"primaryImageOfPage":{"@id":"https:\/\/visitaluksne.lv\/et\/pieklustamibas-pazinojums\/#primaryimage"},"image":{"@id":"https:\/\/visitaluksne.lv\/et\/pieklustamibas-pazinojums\/#primaryimage"},"thumbnailUrl":"https:\/\/visitaluksne.lv\/wp-content\/uploads\/2021\/03\/go-back.png","datePublished":"2022-03-18T11:15:28+00:00","dateModified":"2024-01-19T11:00:59+00:00","breadcrumb":{"@id":"https:\/\/visitaluksne.lv\/et\/pieklustamibas-pazinojums\/#breadcrumb"},"inLanguage":"et","potentialAction":[{"@type":"ReadAction","target":["https:\/\/visitaluksne.lv\/et\/pieklustamibas-pazinojums\/"]}]},{"@type":"ImageObject","inLanguage":"et","@id":"https:\/\/visitaluksne.lv\/et\/pieklustamibas-pazinojums\/#primaryimage","url":"https:\/\/visitaluksne.lv\/wp-content\/uploads\/2021\/03\/go-back.png","contentUrl":"https:\/\/visitaluksne.lv\/wp-content\/uploads\/2021\/03\/go-back.png"},{"@type":"BreadcrumbList","@id":"https:\/\/visitaluksne.lv\/et\/pieklustamibas-pazinojums\/#breadcrumb","itemListElement":[{"@type":"ListItem","position":1,"name":"Home","item":"https:\/\/visitaluksne.lv\/et\/"},{"@type":"ListItem","position":2,"name":"Saadavuse teatis"}]},{"@type":"WebSite","@id":"https:\/\/visitaluksne.lv\/et\/#website","url":"https:\/\/visitaluksne.lv\/et\/","name":"VisitAluksne","description":"","publisher":{"@id":"https:\/\/visitaluksne.lv\/et\/#organization"},"potentialAction":[{"@type":"SearchAction","target":{"@type":"EntryPoint","urlTemplate":"https:\/\/visitaluksne.lv\/et\/?s={search_term_string}"},"query-input":{"@type":"PropertyValueSpecification","valueRequired":true,"valueName":"search_term_string"}}],"inLanguage":"et"},{"@type":"Organization","@id":"https:\/\/visitaluksne.lv\/et\/#organization","name":"Al\u016bksnes T\u016brisma inform\u0101cijas centrs","url":"https:\/\/visitaluksne.lv\/et\/","logo":{"@type":"ImageObject","inLanguage":"et","@id":"https:\/\/visitaluksne.lv\/et\/#\/schema\/logo\/image\/","url":"https:\/\/visitaluksne.lv\/wp-content\/uploads\/2021\/03\/VisitAluksne.png","contentUrl":"https:\/\/visitaluksne.lv\/wp-content\/uploads\/2021\/03\/VisitAluksne.png","width":240,"height":100,"caption":"Al\u016bksnes T\u016brisma inform\u0101cijas centrs"},"image":{"@id":"https:\/\/visitaluksne.lv\/et\/#\/schema\/logo\/image\/"},"sameAs":["https:\/\/www.facebook.com\/visitaluksne\/","https:\/\/www.instagram.com\/visitaluksne\/"]}]}},"_links":{"self":[{"href":"https:\/\/visitaluksne.lv\/et\/wp-json\/wp\/v2\/pages\/19740","targetHints":{"allow":["GET"]}}],"collection":[{"href":"https:\/\/visitaluksne.lv\/et\/wp-json\/wp\/v2\/pages"}],"about":[{"href":"https:\/\/visitaluksne.lv\/et\/wp-json\/wp\/v2\/types\/page"}],"author":[{"embeddable":true,"href":"https:\/\/visitaluksne.lv\/et\/wp-json\/wp\/v2\/users\/1"}],"replies":[{"embeddable":true,"href":"https:\/\/visitaluksne.lv\/et\/wp-json\/wp\/v2\/comments?post=19740"}],"version-history":[{"count":0,"href":"https:\/\/visitaluksne.lv\/et\/wp-json\/wp\/v2\/pages\/19740\/revisions"}],"wp:attachment":[{"href":"https:\/\/visitaluksne.lv\/et\/wp-json\/wp\/v2\/media?parent=19740"}],"curies":[{"name":"wp","href":"https:\/\/api.w.org\/{rel}","templated":true}]}}