{"id":21414,"date":"2022-06-09T11:11:55","date_gmt":"2022-06-09T08:11:55","guid":{"rendered":"https:\/\/visitaluksne.lv\/privatuma-politika-2\/"},"modified":"2022-09-08T14:46:19","modified_gmt":"2022-09-08T11:46:19","slug":"privatumapolitika","status":"publish","type":"page","link":"https:\/\/visitaluksne.lv\/et\/privatumapolitika\/","title":{"rendered":"Privaatsuspoliitika"},"content":{"rendered":"<!--themify_builder_content-->\n<div id=\"themify_builder_content-21414\" data-postid=\"21414\" class=\"themify_builder_content themify_builder_content-21414 themify_builder tf_clear\">\n    \t\t\t\t<!-- module_row -->\n\t\t<div  data-lazy=\"1\" class=\"module_row themify_builder_row tb_x7xd298 tb_first tf_w tf_clearfix\">\n\t\t\t\t\t<div class=\"row_inner col_align_top tb_col_count_1 tf_box tf_rel\">\n\t\t\t\t\t<div  data-lazy=\"1\" class=\"module_column tb-column col-full tb_4q8z300 first\">\n\t\t\t\t\t\t\t\t\t<div class=\"tb-column-inner tf_box tf_w\">\n\t\t\t\t<!-- module fancy heading -->\n<div  class=\"module module-fancy-heading tb_flp9301 \" data-lazy=\"1\">\n\t    <h1 class=\"fancy-heading tf_textc\">\n    <span class=\"main-head tf_block\">\n\t\t\t\t\tPrivaatsuspoliitika\t\t    <\/span>\n\n\t\n    <span class=\"sub-head tf_block tf_rel\">\n\t\t\t\t\tAL\u016aKSNE MAA VALD\t\t    <\/span>\n    <\/h1>\n<\/div>\n<!-- \/module fancy heading -->\n<!-- module text -->\n<div  class=\"module module-text tb_6j6k304   \" data-lazy=\"1\">\n        <div  class=\"tb_text_wrap\">\n    <p> <! - wp: heading -> <\/p> <p style = \"text-align: center;\"> <strong> Al\u016bksne turismiinfokeskuse koduleht <\/strong> <\/p> <p style = \" text-align: center;\"> <strong> VISITALUKSNE.LV (&#8220;TEENUS&#8221;). <\/strong> <\/p> <p> Teavitame teid isikuandmete kogumise poliitikast. <br \/> Kasutades Teenust, n\u00f5ustute oma teabe kogumise ja kasutamisega vastavalt k\u00e4esolevale poliitikale. <br \/> Kohustume tagama isikuandmete kaitse vastavalt EUROOPA PARLAMENDI JA N\u00d5UKOGU M\u00c4\u00c4RUSE (EL) 2016\/ 679 \u00dcksikisikute kaitse kohta isikuandmete t\u00f6\u00f6tlemisel ja selliste andmete vaba liikumise kohta ning direktiivi 95\/46\/E\u00dc (andmekaitse \u00fcldm\u00e4\u00e4rus) kehtetuks tunnistamise kohta <br \/> Teenuse omanik, vastutav t\u00f6\u00f6tleja ja hooldaja on Al\u016bksne vald (juriidiline aadress: D\u0101rza t\u00e4nav 11, Al\u016bksne, LV-4301, L\u00e4ti).<\/p> <p> <strong> TEABE KOGUMINE JA KASUTAMINE <\/strong> <\/p> <p> Kogume Pakume mitut t\u00fc\u00fcpi teavet erinevatel eesm\u00e4rkidel. See aitab meil teenust pakkuda ja t\u00e4iustada. K\u00f5ik andmed kr\u00fcpteeritakse ja saadetakse SSL-i kaudu. Teenus sisaldab ka automaatset andmet\u00f6\u00f6tlust. Andmeid s\u00e4ilitatakse v\u00e4hemalt kolm aastat. <\/p> <p> <strong> ISIKUANDMED <\/strong> <\/p> <p> Meie teenuse kasutamisel v\u00f5ime paluda teil esitada teatud teavet, mida saab kasutada teiega \u00fchendust v\u00f5tta v\u00f5i teiega tuvastada. teie (\u201cisiklik teave\u201d). Taotletud isikuandmed v\u00f5ivad h\u00f5lmata, kuid mitte ainult: <\/p> <ul> <li> nimi v\u00f5i kasutajanimi; <\/li> <li> e-posti aadress; <\/li> <li> asukoht ja teave kohtade kohta k\u00fclastate. <\/li> <\/ul> <p> <strong> &#8220;Kauglepingu s\u00f5lmimiseks on vaja isikuandmeid.&#8221; <\/strong> <\/p> <p> <strong> KASUTAJA ANDMED <\/strong> <p> Teenuse kasutamine mobiilseadmest kogub kasutusandmeid. N\u00e4iteks kasutatava mobiilseadme mudel, seadme kordumatu ID, IP-aadress, operatsioonis\u00fcsteem, mobiilse Interneti t\u00fc\u00fcp, brauser ja muu diagnostikateave. <\/p> <p> <strong> J\u00c4LGIMINE. JA K\u00dcPSISTE ANDMED <\/strong> <\/p>Kasutame k\u00fcpsiseid ja sarnaseid tehnoloogiaid, et j\u00e4lgida tegevust meie teenuses. Samuti teatud teabe salvestamiseks <br \/> K\u00fcpsised on v\u00e4ikesed failid, mis v\u00f5ivad sisaldada anon\u00fc\u00fcmset unikaalset identifikaatorit. K\u00fcpsised saadetakse veebisaidilt teie brauserisse ja salvestatakse teie seadmesse. <\/p> <p> Kasutame Google Analyticsit, et parandada teie sisu kvaliteeti ja muuta see kasutajas\u00f5bralikumaks. Teie k\u00fclastuse ajal saame IP-aadressi ja anon\u00fc\u00fcmset teavet teie tegevuste kohta rakenduses \u2013 enne selle teabe Google&#8217;ile saatmist muudetakse teie IP-aadress anon\u00fc\u00fcmseks. <\/p> <p> V\u00f5ite keelduda k\u00fcpsiste kasutamisest v\u00f5i lubada oma brauseris n\u00e4itab, millal k\u00fcpsis saadetakse. Kui loobute k\u00fcpsiste kasutamisest, ei pruugi teil olla v\u00f5imalik m\u00f5nda meie teenuse osi kasutada. <\/p> <p> Teenus kasutab kogutud andmeid erinevatel eesm\u00e4rkidel: <\/p> <ul><li>Teenuse pakkumine ja hooldamine;<\/li><li > Pakkuge anal\u00fc\u00fcsi v\u00f5i v\u00e4\u00e4rtuslikku teavet, mis aitab meil teenust t\u00e4iustada; <\/li> <li> Anal\u00fc\u00fcsige kasutajate tegevust asukoha, aja, otsinguajaloo ja k\u00fclastatud kohtade j\u00e4rgi <\/li > <li> Paku kasutajatuge; <\/li> <li> J\u00e4lgige teenuse kasutamist; <\/li> <li> Rakendus sisaldab Fabricit ja Firebase&#8217;i (anal\u00fc\u00fctika- ja t\u00f5rkeotsingu t\u00f6\u00f6riistad). <\/li> <li>Nendel teenustel on juurdep\u00e4\u00e4s anon\u00fc\u00fcmsetele kasutusandmetele; <\/li> <li> kasutajaprofiili teabe kontrollimiseks ja kinnitamiseks; <\/li> <li> teavitada teid meie teenuse muudatustest. <\/li> <\/ul> <p> <strong > ANDMETE EDASTUS <\/strong> <\/p> <p> Teie teavet, sealhulgas isikuandmeid, v\u00f5idakse edastada ja salvestada arvutites v\u00e4ljaspool teie riiki, provintsi, osariiki v\u00f5i muud jurisdiktsiooni, kui andmekaitseseadused v\u00f5ivad teie jurisdiktsioonist erineda.<br \/> Selle privaatsuspoliitikaga n\u00f5ustudes n\u00f5ustute ka selliseks andmeedastuseks. <br \/> Teenus v\u00f5tab k\u00f5ik m\u00f5istlikud meetmed, et tagada teie andmete turvaline t\u00f6\u00f6tlemine. <br \/> Selle privaatsuspoliitika kohaselt ei edastata isikuandmeid \u00fchelegi organisatsioonile v\u00f5i riigile, v\u00e4lja arvatud juhul, kui oleme on veendunud, et andmeid t\u00f6\u00f6deldakse v\u00e4ga turvaline. <\/p> <p> <strong> ANDMETE AVALIKUSTAMINE <\/strong> <\/p> <p> Teenus v\u00f5ib avaldada teie isikuandmeid, kui seda peetakse vajalikuks: <\/p> <ul> <li> J\u00e4rgige juriidilisi kohustusi; <\/li> <li> Kaitske ja kaitske teenuse \u00f5igusi v\u00f5i omandit; <\/li> <li> Ennetage v\u00f5i uurige teenuse v\u00f5imalikke rikkumisi; <\/li> <li> Kaitske teenust kasutajate isiklik ohutus; <\/li> <li> Kaitseks juriidilise vastutuse eest.<\/li> <\/ul> <p> <strong> ANDMETE TURVALISUS <\/strong> <\/p> <p> Teie andmete turvalisus on meile oluline. Siiski tuleb meeles pidada, et \u00fckski andmete edastamise v\u00f5i salvestamise meetod pole 100% turvaline. P\u00fc\u00fcame kasutada \u00e4riliselt m\u00f5istlikke vahendeid teie isikuandmete kaitsmiseks, kuid me ei saa tagada nende t\u00e4ielikku turvalisust. <\/p> <p> Teil on \u00f5igus n\u00f5uda oma isikuandmete kustutamist ning saada ja esitada n\u00f5udeid ja vastuv\u00e4iteid vastavalt kohaldatava \u00f5igusega.siseriikliku \u00f5iguse s\u00e4tted. Teenuse kasutaja saab esitada kaebuse L\u00e4ti Andmeinspektsioonile (info@dvi.gov.lv) <\/p> <p> Oma \u00f5iguste kasutamiseks v\u00f5tke meiega \u00fchendust kasutades allolevaid kontaktandmeid. Teabe kustutamist saate taotleda, saates e-kirja aadressile tic@aluksne.lv ja t\u00e4psustades kustutatavad andmed. <\/p> <p> <strong> TEENUSTE PAKUJAD <\/strong> <\/p> <p> Meie v\u00f5ivad meie nimel teenust pakkuma v\u00f5i meie teenuse kasutamise anal\u00fc\u00fcsimisel abistada kolmandatest osapooltest ettev\u00f5tteid ja \u00fcksikisikuid (&#8220;teenusepakkujad&#8221;). <br \/> Need kolmandad osapooled p\u00e4\u00e4sevad teie isikuandmetele juurde ainult nende \u00fclesannete t\u00e4itmiseks meie nimel ja oleme kohustatud seda mitte avaldama ega muul eesm\u00e4rgil kasutama. <\/p> <p> <strong> LINGID TEISTELE SAITIDELE <\/strong> <\/p> <p> Meie teenus v\u00f5ib sisaldada linke teistele saidid, mida me ei kasuta. Kui kl\u00f5psate kolmanda osapoole lingil, suunatakse teid sellele kolmanda osapoole saidile. Soovitame teil tutvuda iga k\u00fclastatava saidi privaatsuspoliitikaga. <br \/> Me ei kontrolli ega vastuta kolmandate osapoolte saitide v\u00f5i teenuste sisu, privaatsuspoliitika ega tavade eest. <\/p> <p> <strong> K\u00c4ESOLEVA PRIVAATSUSPOLIITIKA MUUDATUSED <\/strong> <\/p> <p> V\u00f5ime oma privaatsuspoliitikat uuendada. <br \/> Soovitame teil see privaatsuspoliitika perioodiliselt \u00fcle vaadata muudatuste osas. <\/p> <p><strong> V\u00d5TKE MEIEGA \u00dcHENDUST<\/strong> <p> Kui teil on selle privaatsuspoliitika kohta k\u00fcsimusi, v\u00f5tke meiega \u00fchendust aadressil uldis.vitolins@gmail.com. <\/p> <p> <! - \/ wp : pealkiri -> <\/p>    <\/div>\n<\/div>\n<!-- \/module text --><!-- module template_part -->\n<div  class=\"module module-layout-part tb_smwa306 \">\n    <div class=\"tb_layout_part_wrap tf_w\">\n<!--themify_builder_content-->\n    <div  class=\"themify_builder_content themify_builder_content-8442 themify_builder not_editable_builder in_the_loop\" data-postid=\"8442\">\n        \t\t\t\t<!-- module_row -->\n\t\t<div  data-lazy=\"1\" class=\"module_row themify_builder_row tb_17d5916 tf_w tf_clearfix\">\n\t\t\t\t\t<div class=\"row_inner col_align_top tb_col_count_1 tf_box tf_rel\">\n\t\t\t\t\t<div  data-lazy=\"1\" class=\"module_column tb-column col-full tb_dmae917 first\">\n\t\t\t\t\t\t\t\t\t<div class=\"tb-column-inner tf_box tf_w\">\n\t\t\t\t<!-- module plain text -->\n<div  class=\"module module-plain-text tb_rx4o917 \" data-lazy=\"1\">\n        <div class=\"tb_text_wrap\">\n\t<button onclick=\"window.history.go(-1); return false;\"><img loading=\"lazy\" decoding=\"async\" src=\"https:\/\/visitaluksne.lv\/wp-content\/uploads\/2021\/03\/go-back.png\" alt=\"\" width=\"57\" height=\"25\" \/><\/button>    <\/div>\n<\/div>\n<!-- \/module plain text -->\t\t\t\t<\/div><!-- .tb-column-inner -->\n\t\t\t\t\t\t<\/div><!-- .module_column -->\n\t\t\t\t\t\t<\/div><!-- .row_inner -->\n\t\t<\/div><!-- .module_row -->\n\t\t\t\t    <\/div>\n<!--\/themify_builder_content-->\n<\/div>\n<\/div>\n<!-- \/module template_part -->\t\t\t\t<\/div><!-- .tb-column-inner -->\n\t\t\t\t\t\t<\/div><!-- .module_column -->\n\t\t\t\t\t\t<\/div><!-- .row_inner -->\n\t\t<\/div><!-- .module_row -->\n\t\t\t\t<\/div>\n<!--\/themify_builder_content-->\n","protected":false},"excerpt":{"rendered":"<p>Al\u016bksne turismiinfokeskuse koduleht VISITALUKSNE.LV (&#8220;TEENUS&#8221;). Teavitame teid isikuandmete kogumise poliitikast. Kasutades Teenust, n\u00f5ustute oma teabe kogumise ja kasutamisega vastavalt k\u00e4esolevale poliitikale. Kohustume tagama isikuandmete kaitse vastavalt EUROOPA PARLAMENDI JA N\u00d5UKOGU M\u00c4\u00c4RUSE (EL) 2016\/ 679 \u00dcksikisikute kaitse kohta isikuandmete t\u00f6\u00f6tlemisel ja selliste andmete vaba liikumise kohta ning direktiivi 95\/46\/E\u00dc (andmekaitse \u00fcldm\u00e4\u00e4rus) kehtetuks tunnistamise kohta Teenuse omanik, [&hellip;]<\/p>\n","protected":false},"author":1,"featured_media":0,"parent":0,"menu_order":0,"comment_status":"closed","ping_status":"closed","template":"","meta":{"footnotes":""},"class_list":["post-21414","page","type-page","status-publish","hentry","has-post-title","has-post-date","has-post-category","has-post-tag","has-post-comment","has-post-author",""],"yoast_head":"<title>Privaatsuspoliitika - VisitAluksne<\/title>\n<meta name=\"description\" content=\"Teenust kasutades n\u00f5ustute teabe kogumise ja kasutamisega vastavalt k\u00e4esolevale poliitikale.\" \/>\n<meta name=\"robots\" content=\"index, follow, max-snippet:-1, max-image-preview:large, max-video-preview:-1\" \/>\n<link rel=\"canonical\" href=\"https:\/\/visitaluksne.lv\/et\/privatumapolitika\/\" \/>\n<meta property=\"og:locale\" content=\"et_EE\" \/>\n<meta property=\"og:type\" content=\"article\" \/>\n<meta property=\"og:title\" content=\"Privaatsuspoliitika - VisitAluksne\" \/>\n<meta property=\"og:description\" content=\"Teenust kasutades n\u00f5ustute teabe kogumise ja kasutamisega vastavalt k\u00e4esolevale poliitikale.\" \/>\n<meta property=\"og:url\" content=\"https:\/\/visitaluksne.lv\/et\/privatumapolitika\/\" \/>\n<meta property=\"og:site_name\" content=\"VisitAluksne\" \/>\n<meta property=\"article:publisher\" content=\"https:\/\/www.facebook.com\/visitaluksne\/\" \/>\n<meta property=\"article:modified_time\" content=\"2022-09-08T11:46:19+00:00\" \/>\n<meta property=\"og:image\" content=\"https:\/\/visitaluksne.lv\/wp-content\/uploads\/2021\/03\/VisitAluksne.png\" \/>\n\t<meta property=\"og:image:width\" content=\"240\" \/>\n\t<meta property=\"og:image:height\" content=\"100\" \/>\n\t<meta property=\"og:image:type\" content=\"image\/png\" \/>\n<meta name=\"twitter:card\" content=\"summary_large_image\" \/>\n<script type=\"application\/ld+json\" class=\"yoast-schema-graph\">{\"@context\":\"https:\\\/\\\/schema.org\",\"@graph\":[{\"@type\":\"WebPage\",\"@id\":\"https:\\\/\\\/visitaluksne.lv\\\/et\\\/privatumapolitika\\\/\",\"url\":\"https:\\\/\\\/visitaluksne.lv\\\/et\\\/privatumapolitika\\\/\",\"name\":\"Privaatsuspoliitika - VisitAluksne\",\"isPartOf\":{\"@id\":\"https:\\\/\\\/visitaluksne.lv\\\/et\\\/#website\"},\"datePublished\":\"2022-06-09T08:11:55+00:00\",\"dateModified\":\"2022-09-08T11:46:19+00:00\",\"description\":\"Teenust kasutades n\u00f5ustute teabe kogumise ja kasutamisega vastavalt k\u00e4esolevale poliitikale.\",\"breadcrumb\":{\"@id\":\"https:\\\/\\\/visitaluksne.lv\\\/et\\\/privatumapolitika\\\/#breadcrumb\"},\"inLanguage\":\"et\",\"potentialAction\":[{\"@type\":\"ReadAction\",\"target\":[\"https:\\\/\\\/visitaluksne.lv\\\/et\\\/privatumapolitika\\\/\"]}]},{\"@type\":\"BreadcrumbList\",\"@id\":\"https:\\\/\\\/visitaluksne.lv\\\/et\\\/privatumapolitika\\\/#breadcrumb\",\"itemListElement\":[{\"@type\":\"ListItem\",\"position\":1,\"name\":\"Home\",\"item\":\"https:\\\/\\\/visitaluksne.lv\\\/et\\\/\"},{\"@type\":\"ListItem\",\"position\":2,\"name\":\"Privaatsuspoliitika\"}]},{\"@type\":\"WebSite\",\"@id\":\"https:\\\/\\\/visitaluksne.lv\\\/et\\\/#website\",\"url\":\"https:\\\/\\\/visitaluksne.lv\\\/et\\\/\",\"name\":\"VisitAluksne\",\"description\":\"\",\"publisher\":{\"@id\":\"https:\\\/\\\/visitaluksne.lv\\\/et\\\/#organization\"},\"potentialAction\":[{\"@type\":\"SearchAction\",\"target\":{\"@type\":\"EntryPoint\",\"urlTemplate\":\"https:\\\/\\\/visitaluksne.lv\\\/et\\\/?s={search_term_string}\"},\"query-input\":{\"@type\":\"PropertyValueSpecification\",\"valueRequired\":true,\"valueName\":\"search_term_string\"}}],\"inLanguage\":\"et\"},{\"@type\":\"Organization\",\"@id\":\"https:\\\/\\\/visitaluksne.lv\\\/et\\\/#organization\",\"name\":\"Al\u016bksnes T\u016brisma inform\u0101cijas centrs\",\"url\":\"https:\\\/\\\/visitaluksne.lv\\\/et\\\/\",\"logo\":{\"@type\":\"ImageObject\",\"inLanguage\":\"et\",\"@id\":\"https:\\\/\\\/visitaluksne.lv\\\/et\\\/#\\\/schema\\\/logo\\\/image\\\/\",\"url\":\"https:\\\/\\\/visitaluksne.lv\\\/wp-content\\\/uploads\\\/2021\\\/03\\\/VisitAluksne.png\",\"contentUrl\":\"https:\\\/\\\/visitaluksne.lv\\\/wp-content\\\/uploads\\\/2021\\\/03\\\/VisitAluksne.png\",\"width\":240,\"height\":100,\"caption\":\"Al\u016bksnes T\u016brisma inform\u0101cijas centrs\"},\"image\":{\"@id\":\"https:\\\/\\\/visitaluksne.lv\\\/et\\\/#\\\/schema\\\/logo\\\/image\\\/\"},\"sameAs\":[\"https:\\\/\\\/www.facebook.com\\\/visitaluksne\\\/\",\"https:\\\/\\\/www.instagram.com\\\/visitaluksne\\\/\"]}]}<\/script>","yoast_head_json":{"title":"Privaatsuspoliitika - VisitAluksne","description":"Teenust kasutades n\u00f5ustute teabe kogumise ja kasutamisega vastavalt k\u00e4esolevale poliitikale.","robots":{"index":"index","follow":"follow","max-snippet":"max-snippet:-1","max-image-preview":"max-image-preview:large","max-video-preview":"max-video-preview:-1"},"canonical":"https:\/\/visitaluksne.lv\/et\/privatumapolitika\/","og_locale":"et_EE","og_type":"article","og_title":"Privaatsuspoliitika - VisitAluksne","og_description":"Teenust kasutades n\u00f5ustute teabe kogumise ja kasutamisega vastavalt k\u00e4esolevale poliitikale.","og_url":"https:\/\/visitaluksne.lv\/et\/privatumapolitika\/","og_site_name":"VisitAluksne","article_publisher":"https:\/\/www.facebook.com\/visitaluksne\/","article_modified_time":"2022-09-08T11:46:19+00:00","og_image":[{"width":240,"height":100,"url":"https:\/\/visitaluksne.lv\/wp-content\/uploads\/2021\/03\/VisitAluksne.png","type":"image\/png"}],"twitter_card":"summary_large_image","schema":{"@context":"https:\/\/schema.org","@graph":[{"@type":"WebPage","@id":"https:\/\/visitaluksne.lv\/et\/privatumapolitika\/","url":"https:\/\/visitaluksne.lv\/et\/privatumapolitika\/","name":"Privaatsuspoliitika - VisitAluksne","isPartOf":{"@id":"https:\/\/visitaluksne.lv\/et\/#website"},"datePublished":"2022-06-09T08:11:55+00:00","dateModified":"2022-09-08T11:46:19+00:00","description":"Teenust kasutades n\u00f5ustute teabe kogumise ja kasutamisega vastavalt k\u00e4esolevale poliitikale.","breadcrumb":{"@id":"https:\/\/visitaluksne.lv\/et\/privatumapolitika\/#breadcrumb"},"inLanguage":"et","potentialAction":[{"@type":"ReadAction","target":["https:\/\/visitaluksne.lv\/et\/privatumapolitika\/"]}]},{"@type":"BreadcrumbList","@id":"https:\/\/visitaluksne.lv\/et\/privatumapolitika\/#breadcrumb","itemListElement":[{"@type":"ListItem","position":1,"name":"Home","item":"https:\/\/visitaluksne.lv\/et\/"},{"@type":"ListItem","position":2,"name":"Privaatsuspoliitika"}]},{"@type":"WebSite","@id":"https:\/\/visitaluksne.lv\/et\/#website","url":"https:\/\/visitaluksne.lv\/et\/","name":"VisitAluksne","description":"","publisher":{"@id":"https:\/\/visitaluksne.lv\/et\/#organization"},"potentialAction":[{"@type":"SearchAction","target":{"@type":"EntryPoint","urlTemplate":"https:\/\/visitaluksne.lv\/et\/?s={search_term_string}"},"query-input":{"@type":"PropertyValueSpecification","valueRequired":true,"valueName":"search_term_string"}}],"inLanguage":"et"},{"@type":"Organization","@id":"https:\/\/visitaluksne.lv\/et\/#organization","name":"Al\u016bksnes T\u016brisma inform\u0101cijas centrs","url":"https:\/\/visitaluksne.lv\/et\/","logo":{"@type":"ImageObject","inLanguage":"et","@id":"https:\/\/visitaluksne.lv\/et\/#\/schema\/logo\/image\/","url":"https:\/\/visitaluksne.lv\/wp-content\/uploads\/2021\/03\/VisitAluksne.png","contentUrl":"https:\/\/visitaluksne.lv\/wp-content\/uploads\/2021\/03\/VisitAluksne.png","width":240,"height":100,"caption":"Al\u016bksnes T\u016brisma inform\u0101cijas centrs"},"image":{"@id":"https:\/\/visitaluksne.lv\/et\/#\/schema\/logo\/image\/"},"sameAs":["https:\/\/www.facebook.com\/visitaluksne\/","https:\/\/www.instagram.com\/visitaluksne\/"]}]}},"_links":{"self":[{"href":"https:\/\/visitaluksne.lv\/et\/wp-json\/wp\/v2\/pages\/21414","targetHints":{"allow":["GET"]}}],"collection":[{"href":"https:\/\/visitaluksne.lv\/et\/wp-json\/wp\/v2\/pages"}],"about":[{"href":"https:\/\/visitaluksne.lv\/et\/wp-json\/wp\/v2\/types\/page"}],"author":[{"embeddable":true,"href":"https:\/\/visitaluksne.lv\/et\/wp-json\/wp\/v2\/users\/1"}],"replies":[{"embeddable":true,"href":"https:\/\/visitaluksne.lv\/et\/wp-json\/wp\/v2\/comments?post=21414"}],"version-history":[{"count":0,"href":"https:\/\/visitaluksne.lv\/et\/wp-json\/wp\/v2\/pages\/21414\/revisions"}],"wp:attachment":[{"href":"https:\/\/visitaluksne.lv\/et\/wp-json\/wp\/v2\/media?parent=21414"}],"curies":[{"name":"wp","href":"https:\/\/api.w.org\/{rel}","templated":true}]}}