{"id":23775,"date":"2022-09-15T15:43:56","date_gmt":"2022-09-15T12:43:56","guid":{"rendered":"https:\/\/visitaluksne.lv\/?page_id=23775"},"modified":"2022-09-15T16:36:35","modified_gmt":"2022-09-15T13:36:35","slug":"kupsiste-politika","status":"publish","type":"page","link":"https:\/\/visitaluksne.lv\/et\/kupsiste-politika\/","title":{"rendered":"K\u00fcpsiste politika"},"content":{"rendered":"<!--themify_builder_content-->\n<div id=\"themify_builder_content-23775\" data-postid=\"23775\" class=\"themify_builder_content themify_builder_content-23775 themify_builder tf_clear\">\n    \t\t\t\t<!-- module_row -->\n\t\t<div  data-css_id=\"7vdi772\" data-lazy=\"1\" class=\"module_row themify_builder_row fullwidth tb_7vdi772 tb_first tf_w tf_clearfix\">\n\t\t\t\t\t<div class=\"row_inner col_align_top tb_col_count_1 tf_box tf_rel\">\n\t\t\t\t\t<div  data-lazy=\"1\" class=\"module_column tb-column col-full tb_r3ui772 first\">\n\t\t\t\t\t\t\t\t\t<div class=\"tb-column-inner tf_box tf_w\">\n\t\t\t\t\t\t<div  data-lazy=\"1\" class=\"module_subrow themify_builder_sub_row tb_6hxy772 tf_w tf_clearfix\">\n\t\t\t\t\t<div class=\"subrow_inner gutter-none col_align_top tb_col_count_2 tf_box tf_w\">\n\t\t\t\t\t<div  data-lazy=\"1\" class=\"module_column sub_column col4-3 tb_sglz772 first\">\n\t\t\t\t\t\t\t\t\t<div class=\"tb-column-inner tf_box tf_w\">\n\t\t\t\t<!-- module fancy heading -->\n<div  class=\"module module-fancy-heading tb_hvos772  inline-fancy-heading tb_hide_divider\" data-lazy=\"1\">\n\t    <h1 class=\"fancy-heading tf_textc\">\n    <span class=\"main-head tf_inline_b\">\n\t\t\t\t\tK\u00fcpsiste politika\t\t    <\/span>\n\n\t\n    <span class=\"sub-head tf_inline_b tf_rel\">\n\t\t\t\t\t\t\t    <\/span>\n    <\/h1>\n<\/div>\n<!-- \/module fancy heading -->\n\t\t\t\t<\/div><!-- .tb-column-inner -->\n\t\t\t\t\t\t<\/div><!-- .module_column -->\n\t\t\t\t\t<div  data-lazy=\"1\" class=\"module_column sub_column col4-1 tb_l5ni772 last\">\n\t\t\t\t\t\t\t\t\t<div class=\"tb-column-inner tf_box tf_w\">\n\t\t\t\t<!-- module buttons -->\n<div  class=\"module module-buttons tb_bpx1772 buttons-horizontal solid  large buttons-fullwidth\" data-lazy=\"1\">\n\t\t<div class=\"module-buttons-item tf_inline_b\">\n\t\t\t\t\t\t\t\t<em class=\"tf_inline_b tf_vmiddle\"><svg  class=\"tf_fa tf-fas-bookmark\" aria-hidden=\"true\"><use href=\"#tf-fas-bookmark\"><\/use><\/svg><\/em>\t\t\t\t\t\t\t<span class=\"tf_inline_b tf_vmiddle\"><\/span>\n\t\t\t\t\t\t\t\t\t\t<\/div>\n\t\t\t<\/div>\n<!-- \/module buttons -->\n\t\t\t\t<\/div><!-- .tb-column-inner -->\n\t\t\t\t\t\t<\/div><!-- .module_column -->\n\t\t\t\t\t\t<\/div><!-- .subrow_inner -->\n\t\t<\/div><!-- .themify_builder_sub_row -->\n\t\t\t\t\t\t\t\t<\/div><!-- .tb-column-inner -->\n\t\t\t\t\t\t<\/div><!-- .module_column -->\n\t\t\t\t\t\t<\/div><!-- .row_inner -->\n\t\t<\/div><!-- .module_row -->\n\t\t\t\t\t\t\t\t<!-- module_row -->\n\t\t<div  data-lazy=\"1\" class=\"module_row themify_builder_row tb_buss33 tf_w tf_clearfix\">\n\t\t\t\t\t<div class=\"row_inner col_align_top tb_col_count_1 tf_box tf_rel\">\n\t\t\t\t\t<div  data-lazy=\"1\" class=\"module_column tb-column col-full tb_pc4d33 first\">\n\t\t\t\t\t\t\t\t\t<div class=\"tb-column-inner tf_box tf_w\">\n\t\t\t\t<!-- module text -->\n<div  class=\"module module-text tb_h0ns34   \" data-lazy=\"1\">\n        <div  class=\"tb_text_wrap\">\n    <div class=\"cli_pg_page_contaner\"><div class=\"cli_pg_page_contaner\"><h3>Teave selle k\u00fcpsiste poliitika kohta.<\/h3><p>See k\u00fcpsisepoliitika selgitab, mis on k\u00fcpsised ja kuidas me neid kasutame, millist t\u00fc\u00fcpi k\u00fcpsiseid me kasutame, st millist teavet k\u00fcpsiste abil kogume ja kuidas seda teavet kasutatakse ning kuidas k\u00fcpsiste eelistusi juhtida. Lisateavet selle kohta, kuidas me teie isikuandmeid kasutame, s\u00e4ilitame ja turvaliselt hoiame, leiate meie privaatsuspoliitikast.<\/p><p>Saate igal ajal oma n\u00f5usolekut meie veebisaidi k\u00fcpsiste deklaratsiooniga muuta v\u00f5i tagasi v\u00f5tta<br \/>Lisateavet selle kohta, kes me oleme, kuidas saate meiega \u00fchendust v\u00f5tta ja kuidas me isikuandmeid t\u00f6\u00f6tleme, leiate meie privaatsuspoliitikast.<br \/>Teie n\u00f5usolek kehtib j\u00e4rgmiste domeenide kohta: visitaluksne.lv<br \/><div class=\"cli_user_consent_state\">Your current state: N\u00f5usolekut pole antud. <a class=\"cli_manage_current_consent\" style=\"cursor:pointer;text-decoration:underline;\">Hallake oma n\u00f5usolekut.<\/a> <\/div><\/p><h3>Mis on k\u00fcpsised?<\/h3><p>K\u00fcpsised on v\u00e4ikesed tekstifailid, mida kasutatakse v\u00e4ikeste teabekildude salvestamiseks. Need salvestatakse teie seadmesse, kui veebisait laaditakse teie brauserisse. Need k\u00fcpsised aitavad meil veebisaiti korralikult funktsioneerida, muuta see turvalisemaks, pakkuda paremat kasutuskogemust ja m\u00f5ista, kuidas veebisait toimib ning anal\u00fc\u00fcsida, mis t\u00f6\u00f6tab ja kus vajab t\u00e4iustamist.<\/p><h3>Kuidas me k\u00fcpsiseid kasutame?<\/h3><p>Nagu enamik v\u00f5rguteenuseid, kasutab meie veebisait mitmel eesm\u00e4rgil esimese ja kolmanda osapoole k\u00fcpsiseid. Esimese osapoole k\u00fcpsised on enamasti vajalikud veebisaidi \u00f5igeks toimimiseks ja need ei kogu teie isikuandmeid.<\/p><p>Meie veebisaidil kasutatavad kolmanda osapoole k\u00fcpsised on m\u00f5eldud peamiselt selleks, et m\u00f5ista, kuidas veebisait toimib, kuidas te meie veebisaidiga suhtlete, meie teenuste turvalisena hoidmiseks, teie jaoks asjakohaste reklaamide pakkumiseks ja kokkuv\u00f5ttes teile parema ja parema kasutaja pakkumiseks. kogemusi ja aidata kiirendada teie tulevast suhtlust meie veebisaidiga.<\/p><h3>Mis t\u00fc\u00fcpi k\u00fcpsiseid me kasutame?<\/h3><p><strong>Oluline:<\/strong> m\u00f5ned k\u00fcpsised on olulised, et saaksite kogeda meie saidi k\u00f5iki funktsioone. Need v\u00f5imaldavad meil s\u00e4ilitada kasutajaseansse ja ennetada mis tahes turvaohte. Nad ei kogu ega salvesta isikuandmeid. N\u00e4iteks v\u00f5imaldavad need k\u00fcpsised teil oma kontole sisse logida ja tooteid ostukorvi lisada ning turvaliselt tasuda.<\/p><p><strong>Statistika:<\/strong> need k\u00fcpsised salvestavad teavet, nagu veebisaidi k\u00fclastajate arv, unikaalsete k\u00fclastajate arv, milliseid veebisaidi lehti on k\u00fclastatud, k\u00fclastuse allikas jne. Need andmed aitavad meil m\u00f5ista ja anal\u00fc\u00fcsida, kui h\u00e4sti veebisait toimib. ja kus see vajab parandamist.<\/p><p><strong>Turundus:<\/strong> meie veebisaidil kuvatakse reklaame. Neid k\u00fcpsiseid kasutatakse teile kuvatavate reklaamide isikup\u00e4rastamiseks, et need oleksid teie jaoks olulised. Need k\u00fcpsised aitavad meil ka nende reklaamikampaaniate t\u00f5husust j\u00e4lgida.<br \/>Nendesse k\u00fcpsistesse salvestatud teavet v\u00f5ivad kasutada ka kolmandast osapoolest reklaamipakkujad, et n\u00e4idata teile reklaame ka muudel veebisaitidel brauseris.<\/p><p><strong>Funktsionaalsed:<\/strong> need on k\u00fcpsised, mis aitavad meie veebisaidil teatud ebaolulisi funktsioone t\u00e4ita. Need funktsioonid h\u00f5lmavad sisu, n\u00e4iteks videote manustamist v\u00f5i veebisaidi sisu jagamist sotsiaalmeedia platvormidel.<\/p><p><strong>Eelistused:<\/strong> need k\u00fcpsised aitavad meil salvestada teie seaded ja sirvimiseelistused, n\u00e4iteks keele-eelistused, et saaksite tulevastel veebisaidi k\u00fclastustel parema ja t\u00f5husama kasutuskogemuse.<br \/><p>Allpool toodud loend kirjeldab meie veebisaidil kasutatavaid k\u00fcpsiseid.<\/p><table class=\"cookielawinfo-row-cat-table cookielawinfo-classic\"><thead><tr><th class=\"cookielawinfo-column-1\">Cookie<\/th><th class=\"cookielawinfo-column-4\">Kirjeldus<\/th><\/tr><\/thead><tbody><tr class=\"cookielawinfo-row\"><td class=\"cookielawinfo-column-1\">_ga<\/td><td class=\"cookielawinfo-column-4\">Google Analyticsi installitud _ga k\u00fcpsis arvutab k\u00fclastajate, seansside ja kampaaniate andmed ning j\u00e4lgib ka saidi anal\u00fc\u00fctikaaruande jaoks saidi kasutamist. K\u00fcpsis salvestab teabe anon\u00fc\u00fcmselt ja m\u00e4\u00e4rab unikaalsete k\u00fclastajate tuvastamiseks juhuslikult genereeritud numbri.<\/td><\/tr><tr class=\"cookielawinfo-row\"><td class=\"cookielawinfo-column-1\">_ga_DL4X1MKTX5<\/td><td class=\"cookielawinfo-column-4\">Selle k\u00fcpsise on installinud Google Analytics.<\/td><\/tr><tr class=\"cookielawinfo-row\"><td class=\"cookielawinfo-column-1\">_gat_gtag_UA_64704733_1<\/td><td class=\"cookielawinfo-column-4\">Google'i poolt kasutajate eristamiseks.<\/td><\/tr><tr class=\"cookielawinfo-row\"><td class=\"cookielawinfo-column-1\">_gid<\/td><td class=\"cookielawinfo-column-4\">Google Analyticsi installitud _gid k\u00fcpsis salvestab teavet selle kohta, kuidas k\u00fclastajad veebisaiti kasutavad, luues samal ajal ka anal\u00fc\u00fctilise aruande veebisaidi toimivuse kohta. M\u00f5ned kogutavad andmed h\u00f5lmavad k\u00fclastajate arvu, nende allikat ja lehti, mida nad anon\u00fc\u00fcmselt k\u00fclastavad.<\/td><\/tr><tr class=\"cookielawinfo-row\"><td class=\"cookielawinfo-column-1\">baltic_map_session<\/td><td class=\"cookielawinfo-column-4\">Luba avada https:\/\/active.kartes.lv<\/td><\/tr><tr class=\"cookielawinfo-row\"><td class=\"cookielawinfo-column-1\">CONSENT<\/td><td class=\"cookielawinfo-column-4\">YouTube m\u00e4\u00e4rab selle k\u00fcpsise manustatud youtube-videote kaudu ja registreerib anon\u00fc\u00fcmsed statistilised andmed.<\/td><\/tr><tr class=\"cookielawinfo-row\"><td class=\"cookielawinfo-column-1\">cookielawinfo-checkbox-analitika<\/td><td class=\"cookielawinfo-column-4\">GDPR-i k\u00fcpsiste n\u00f5usoleku pistikprogramm on seadistanud kasutaja n\u00f5usoleku k\u00fcpsiste kasutamiseks kategooriasse \u201eAnal\u00fc\u00fctika\u201d.<\/td><\/tr><tr class=\"cookielawinfo-row\"><td class=\"cookielawinfo-column-1\">cookielawinfo-checkbox-cits<\/td><td class=\"cookielawinfo-column-4\">See k\u00fcpsis on m\u00e4\u00e4ratud GDPR Cookie Consent pluginaga. K\u00fcpsist kasutatakse selleks, et salvestada kasutaja n\u00f5usolekut kategoorias \u201eMuu\u201c k\u00fcpsiste kasutamiseks.<\/td><\/tr><tr class=\"cookielawinfo-row\"><td class=\"cookielawinfo-column-1\">cookielawinfo-checkbox-funkcionalitate<\/td><td class=\"cookielawinfo-column-4\">K\u00fcpsis seatakse GDPR-i k\u00fcpsise n\u00f5usoleku alusel, et salvestada kasutaja n\u00f5usolek k\u00fcpsiste jaoks kategooriasse \"Funktsionaalne\".<\/td><\/tr><tr class=\"cookielawinfo-row\"><td class=\"cookielawinfo-column-1\">cookielawinfo-checkbox-necessary<\/td><td class=\"cookielawinfo-column-4\">GDPR-i k\u00fcpsiste n\u00f5usoleku pistikprogrammi poolt m\u00e4\u00e4ratud k\u00fcpsist kasutatakse selleks, et salvestada kasutaja n\u00f5usolek k\u00fcpsiste kasutamiseks kategoorias \"Vajalik\" .<\/td><\/tr><tr class=\"cookielawinfo-row\"><td class=\"cookielawinfo-column-1\">cookielawinfo-checkbox-reklama<\/td><td class=\"cookielawinfo-column-4\">GDPR-i k\u00fcpsiste n\u00f5usoleku pistikprogrammi poolt m\u00e4\u00e4ratud k\u00fcpsist kasutatakse selleks, et salvestada kasutaja n\u00f5usoleku k\u00fcpsiste kasutamiseks kategoorias \"Reklaam\".<\/td><\/tr><tr class=\"cookielawinfo-row\"><td class=\"cookielawinfo-column-1\">cookielawinfo-checkbox-veiktspeja<\/td><td class=\"cookielawinfo-column-4\">See k\u00fcpsis on m\u00e4\u00e4ratud GDPR Cookie Consent pluginaga. K\u00fcpsist kasutatakse selleks, et salvestada kasutaja n\u00f5usolek k\u00fcpsiste kasutamiseks kategoorias \"Toimivus\".<\/td><\/tr><tr class=\"cookielawinfo-row\"><td class=\"cookielawinfo-column-1\">CookieLawInfoConsent<\/td><td class=\"cookielawinfo-column-4\">Salvestab vastava kategooria nupu vaikeoleku ja CCPA oleku. See t\u00f6\u00f6tab ainult koos esmase k\u00fcpsisega.<\/td><\/tr><tr class=\"cookielawinfo-row\"><td class=\"cookielawinfo-column-1\">VISITOR_INFO1_LIVE<\/td><td class=\"cookielawinfo-column-4\">YouTube'i seatud k\u00fcpsis ribalaiuse m\u00f5\u00f5tmiseks, mis m\u00e4\u00e4rab, kas kasutaja saab uue v\u00f5i vana m\u00e4ngija liidese.<\/td><\/tr><tr class=\"cookielawinfo-row\"><td class=\"cookielawinfo-column-1\">wp-wpml_current_language<\/td><td class=\"cookielawinfo-column-4\">Salvestab praeguse keele. See k\u00fcpsis on vaikimisi lubatud saitidel, mis kasutavad AJAX-i toimingute keele filtreerimise funktsiooni.<\/td><\/tr><tr class=\"cookielawinfo-row\"><td class=\"cookielawinfo-column-1\">YSC<\/td><td class=\"cookielawinfo-column-4\">YSC k\u00fcpsise m\u00e4\u00e4rab Youtube ja seda kasutatakse Youtube'i lehtedel manustatud videote vaatamiste j\u00e4lgimiseks.<\/td><\/tr><tr class=\"cookielawinfo-row\"><td class=\"cookielawinfo-column-1\">yt-remote-connected-devices<\/td><td class=\"cookielawinfo-column-4\">YouTube m\u00e4\u00e4rab selle k\u00fcpsise salvestama kasutaja videoeelistused, kasutades manustatud YouTube'i videot.<\/td><\/tr><tr class=\"cookielawinfo-row\"><td class=\"cookielawinfo-column-1\">yt-remote-device-id<\/td><td class=\"cookielawinfo-column-4\">YouTube m\u00e4\u00e4rab selle k\u00fcpsise salvestama kasutaja videoeelistused, kasutades manustatud YouTube'i videot.<\/td><\/tr><\/tbody><\/table><\/p><h3>Kuidas saan k\u00fcpsiste eelistusi juhtida?<\/h3><p>Kui otsustate oma eelistusi hiljem sirvimisseansi k\u00e4igus muuta, v\u00f5ite kl\u00f5psata ekraanil vahekaardil &#8220;Privaatsus ja k\u00fcpsiste poliitika&#8221;. See kuvab uuesti n\u00f5usolekuteatise, mis v\u00f5imaldab teil oma eelistusi muuta v\u00f5i oma n\u00f5usoleku t\u00e4ielikult tagasi v\u00f5tta.<\/p><p>Lisaks sellele pakuvad erinevad brauserid erinevaid meetodeid veebisaitide kasutatavate k\u00fcpsiste blokeerimiseks ja kustutamiseks. K\u00fcpsiste blokeerimiseks\/kustutamiseks saate muuta oma brauseri seadeid. K\u00fcpsiste haldamise ja kustutamise kohta lisateabe saamiseks k\u00fclastage aadressi wikipedia.org, www.allaboutcookies.org.<\/p><\/div><\/div>    <\/div>\n<\/div>\n<!-- \/module text -->\t\t\t\t<\/div><!-- .tb-column-inner -->\n\t\t\t\t\t\t<\/div><!-- .module_column -->\n\t\t\t\t\t\t<\/div><!-- .row_inner -->\n\t\t<\/div><!-- .module_row -->\n\t\t\t\t\t\t\t\t<!-- module_row -->\n\t\t<div  data-css_id=\"ntxs388\" data-lazy=\"1\" class=\"module_row themify_builder_row fullwidth tb_ntxs388 tf_w tf_clearfix\">\n\t\t\t\t\t<div class=\"row_inner col_align_top tb_col_count_1 tf_box tf_rel\">\n\t\t\t\t\t<div  data-lazy=\"1\" class=\"module_column tb-column col-full tb_bbs4388 first\">\n\t\t\t\t\t\t\t\t\t<div class=\"tb-column-inner tf_box tf_w\">\n\t\t\t\t<!-- module template_part -->\n<div  class=\"module module-layout-part tb_ooy3388 \">\n    <div class=\"tb_layout_part_wrap tf_w\">\n<!--themify_builder_content-->\n    <div  class=\"themify_builder_content themify_builder_content-8442 themify_builder not_editable_builder in_the_loop\" data-postid=\"8442\">\n        \t\t\t\t<!-- module_row -->\n\t\t<div  data-lazy=\"1\" class=\"module_row themify_builder_row tb_17d5916 tf_w tf_clearfix\">\n\t\t\t\t\t<div class=\"row_inner col_align_top tb_col_count_1 tf_box tf_rel\">\n\t\t\t\t\t<div  data-lazy=\"1\" class=\"module_column tb-column col-full tb_dmae917 first\">\n\t\t\t\t\t\t\t\t\t<div class=\"tb-column-inner tf_box tf_w\">\n\t\t\t\t<!-- module plain text -->\n<div  class=\"module module-plain-text tb_rx4o917 \" data-lazy=\"1\">\n        <div class=\"tb_text_wrap\">\n\t<button onclick=\"window.history.go(-1); return false;\"><img loading=\"lazy\" decoding=\"async\" src=\"https:\/\/visitaluksne.lv\/wp-content\/uploads\/2021\/03\/go-back.png\" alt=\"\" width=\"57\" height=\"25\" \/><\/button>    <\/div>\n<\/div>\n<!-- \/module plain text -->\t\t\t\t<\/div><!-- .tb-column-inner -->\n\t\t\t\t\t\t<\/div><!-- .module_column -->\n\t\t\t\t\t\t<\/div><!-- .row_inner -->\n\t\t<\/div><!-- .module_row -->\n\t\t\t\t    <\/div>\n<!--\/themify_builder_content-->\n<\/div>\n<\/div>\n<!-- \/module template_part -->\t\t\t\t<\/div><!-- .tb-column-inner -->\n\t\t\t\t\t\t<\/div><!-- .module_column -->\n\t\t\t\t\t\t<\/div><!-- .row_inner -->\n\t\t<\/div><!-- .module_row -->\n\t\t\t\t<\/div>\n<!--\/themify_builder_content-->\n","protected":false},"excerpt":{"rendered":"<p>Teave selle k\u00fcpsiste poliitika kohta.See k\u00fcpsisepoliitika selgitab, mis on k\u00fcpsised ja kuidas me neid kasutame, millist t\u00fc\u00fcpi k\u00fcpsiseid me kasutame, st millist teavet k\u00fcpsiste abil kogume ja kuidas seda teavet kasutatakse ning kuidas k\u00fcpsiste eelistusi juhtida. Lisateavet selle kohta, kuidas me teie isikuandmeid kasutame, s\u00e4ilitame ja turvaliselt hoiame, leiate meie privaatsuspoliitikast.Saate igal ajal oma n\u00f5usolekut [&hellip;]<\/p>\n","protected":false},"author":1,"featured_media":0,"parent":0,"menu_order":0,"comment_status":"closed","ping_status":"closed","template":"","meta":{"footnotes":""},"class_list":["post-23775","page","type-page","status-publish","hentry","has-post-title","has-post-date","has-post-category","has-post-tag","has-post-comment","has-post-author",""],"yoast_head":"<title>K\u00fcpsiste politika - VisitAluksne<\/title>\n<meta name=\"robots\" content=\"index, follow, max-snippet:-1, max-image-preview:large, max-video-preview:-1\" \/>\n<link rel=\"canonical\" href=\"https:\/\/visitaluksne.lv\/et\/kupsiste-politika\/\" \/>\n<meta property=\"og:locale\" content=\"et_EE\" \/>\n<meta property=\"og:type\" content=\"article\" \/>\n<meta property=\"og:title\" content=\"K\u00fcpsiste politika - VisitAluksne\" \/>\n<meta property=\"og:description\" content=\"Teave selle k\u00fcpsiste poliitika kohta.See k\u00fcpsisepoliitika selgitab, mis on k\u00fcpsised ja kuidas me neid kasutame, millist t\u00fc\u00fcpi k\u00fcpsiseid me kasutame, st millist teavet k\u00fcpsiste abil kogume ja kuidas seda teavet kasutatakse ning kuidas k\u00fcpsiste eelistusi juhtida. Lisateavet selle kohta, kuidas me teie isikuandmeid kasutame, s\u00e4ilitame ja turvaliselt hoiame, leiate meie privaatsuspoliitikast.Saate igal ajal oma n\u00f5usolekut [&hellip;]\" \/>\n<meta property=\"og:url\" content=\"https:\/\/visitaluksne.lv\/et\/kupsiste-politika\/\" \/>\n<meta property=\"og:site_name\" content=\"VisitAluksne\" \/>\n<meta property=\"article:publisher\" content=\"https:\/\/www.facebook.com\/visitaluksne\/\" \/>\n<meta property=\"article:modified_time\" content=\"2022-09-15T13:36:35+00:00\" \/>\n<meta property=\"og:image\" content=\"https:\/\/visitaluksne.lv\/wp-content\/uploads\/2021\/03\/VisitAluksne.png\" \/>\n\t<meta property=\"og:image:width\" content=\"240\" \/>\n\t<meta property=\"og:image:height\" content=\"100\" \/>\n\t<meta property=\"og:image:type\" content=\"image\/png\" \/>\n<meta name=\"twitter:card\" content=\"summary_large_image\" \/>\n<script type=\"application\/ld+json\" class=\"yoast-schema-graph\">{\"@context\":\"https:\\\/\\\/schema.org\",\"@graph\":[{\"@type\":\"WebPage\",\"@id\":\"https:\\\/\\\/visitaluksne.lv\\\/et\\\/kupsiste-politika\\\/\",\"url\":\"https:\\\/\\\/visitaluksne.lv\\\/et\\\/kupsiste-politika\\\/\",\"name\":\"K\u00fcpsiste politika - VisitAluksne\",\"isPartOf\":{\"@id\":\"https:\\\/\\\/visitaluksne.lv\\\/et\\\/#website\"},\"datePublished\":\"2022-09-15T12:43:56+00:00\",\"dateModified\":\"2022-09-15T13:36:35+00:00\",\"breadcrumb\":{\"@id\":\"https:\\\/\\\/visitaluksne.lv\\\/et\\\/kupsiste-politika\\\/#breadcrumb\"},\"inLanguage\":\"et\",\"potentialAction\":[{\"@type\":\"ReadAction\",\"target\":[\"https:\\\/\\\/visitaluksne.lv\\\/et\\\/kupsiste-politika\\\/\"]}]},{\"@type\":\"BreadcrumbList\",\"@id\":\"https:\\\/\\\/visitaluksne.lv\\\/et\\\/kupsiste-politika\\\/#breadcrumb\",\"itemListElement\":[{\"@type\":\"ListItem\",\"position\":1,\"name\":\"Home\",\"item\":\"https:\\\/\\\/visitaluksne.lv\\\/et\\\/\"},{\"@type\":\"ListItem\",\"position\":2,\"name\":\"K\u00fcpsiste politika\"}]},{\"@type\":\"WebSite\",\"@id\":\"https:\\\/\\\/visitaluksne.lv\\\/et\\\/#website\",\"url\":\"https:\\\/\\\/visitaluksne.lv\\\/et\\\/\",\"name\":\"VisitAluksne\",\"description\":\"\",\"publisher\":{\"@id\":\"https:\\\/\\\/visitaluksne.lv\\\/et\\\/#organization\"},\"potentialAction\":[{\"@type\":\"SearchAction\",\"target\":{\"@type\":\"EntryPoint\",\"urlTemplate\":\"https:\\\/\\\/visitaluksne.lv\\\/et\\\/?s={search_term_string}\"},\"query-input\":{\"@type\":\"PropertyValueSpecification\",\"valueRequired\":true,\"valueName\":\"search_term_string\"}}],\"inLanguage\":\"et\"},{\"@type\":\"Organization\",\"@id\":\"https:\\\/\\\/visitaluksne.lv\\\/et\\\/#organization\",\"name\":\"Al\u016bksnes T\u016brisma inform\u0101cijas centrs\",\"url\":\"https:\\\/\\\/visitaluksne.lv\\\/et\\\/\",\"logo\":{\"@type\":\"ImageObject\",\"inLanguage\":\"et\",\"@id\":\"https:\\\/\\\/visitaluksne.lv\\\/et\\\/#\\\/schema\\\/logo\\\/image\\\/\",\"url\":\"https:\\\/\\\/visitaluksne.lv\\\/wp-content\\\/uploads\\\/2021\\\/03\\\/VisitAluksne.png\",\"contentUrl\":\"https:\\\/\\\/visitaluksne.lv\\\/wp-content\\\/uploads\\\/2021\\\/03\\\/VisitAluksne.png\",\"width\":240,\"height\":100,\"caption\":\"Al\u016bksnes T\u016brisma inform\u0101cijas centrs\"},\"image\":{\"@id\":\"https:\\\/\\\/visitaluksne.lv\\\/et\\\/#\\\/schema\\\/logo\\\/image\\\/\"},\"sameAs\":[\"https:\\\/\\\/www.facebook.com\\\/visitaluksne\\\/\",\"https:\\\/\\\/www.instagram.com\\\/visitaluksne\\\/\"]}]}<\/script>","yoast_head_json":{"title":"K\u00fcpsiste politika - VisitAluksne","robots":{"index":"index","follow":"follow","max-snippet":"max-snippet:-1","max-image-preview":"max-image-preview:large","max-video-preview":"max-video-preview:-1"},"canonical":"https:\/\/visitaluksne.lv\/et\/kupsiste-politika\/","og_locale":"et_EE","og_type":"article","og_title":"K\u00fcpsiste politika - VisitAluksne","og_description":"Teave selle k\u00fcpsiste poliitika kohta.See k\u00fcpsisepoliitika selgitab, mis on k\u00fcpsised ja kuidas me neid kasutame, millist t\u00fc\u00fcpi k\u00fcpsiseid me kasutame, st millist teavet k\u00fcpsiste abil kogume ja kuidas seda teavet kasutatakse ning kuidas k\u00fcpsiste eelistusi juhtida. Lisateavet selle kohta, kuidas me teie isikuandmeid kasutame, s\u00e4ilitame ja turvaliselt hoiame, leiate meie privaatsuspoliitikast.Saate igal ajal oma n\u00f5usolekut [&hellip;]","og_url":"https:\/\/visitaluksne.lv\/et\/kupsiste-politika\/","og_site_name":"VisitAluksne","article_publisher":"https:\/\/www.facebook.com\/visitaluksne\/","article_modified_time":"2022-09-15T13:36:35+00:00","og_image":[{"width":240,"height":100,"url":"https:\/\/visitaluksne.lv\/wp-content\/uploads\/2021\/03\/VisitAluksne.png","type":"image\/png"}],"twitter_card":"summary_large_image","schema":{"@context":"https:\/\/schema.org","@graph":[{"@type":"WebPage","@id":"https:\/\/visitaluksne.lv\/et\/kupsiste-politika\/","url":"https:\/\/visitaluksne.lv\/et\/kupsiste-politika\/","name":"K\u00fcpsiste politika - VisitAluksne","isPartOf":{"@id":"https:\/\/visitaluksne.lv\/et\/#website"},"datePublished":"2022-09-15T12:43:56+00:00","dateModified":"2022-09-15T13:36:35+00:00","breadcrumb":{"@id":"https:\/\/visitaluksne.lv\/et\/kupsiste-politika\/#breadcrumb"},"inLanguage":"et","potentialAction":[{"@type":"ReadAction","target":["https:\/\/visitaluksne.lv\/et\/kupsiste-politika\/"]}]},{"@type":"BreadcrumbList","@id":"https:\/\/visitaluksne.lv\/et\/kupsiste-politika\/#breadcrumb","itemListElement":[{"@type":"ListItem","position":1,"name":"Home","item":"https:\/\/visitaluksne.lv\/et\/"},{"@type":"ListItem","position":2,"name":"K\u00fcpsiste politika"}]},{"@type":"WebSite","@id":"https:\/\/visitaluksne.lv\/et\/#website","url":"https:\/\/visitaluksne.lv\/et\/","name":"VisitAluksne","description":"","publisher":{"@id":"https:\/\/visitaluksne.lv\/et\/#organization"},"potentialAction":[{"@type":"SearchAction","target":{"@type":"EntryPoint","urlTemplate":"https:\/\/visitaluksne.lv\/et\/?s={search_term_string}"},"query-input":{"@type":"PropertyValueSpecification","valueRequired":true,"valueName":"search_term_string"}}],"inLanguage":"et"},{"@type":"Organization","@id":"https:\/\/visitaluksne.lv\/et\/#organization","name":"Al\u016bksnes T\u016brisma inform\u0101cijas centrs","url":"https:\/\/visitaluksne.lv\/et\/","logo":{"@type":"ImageObject","inLanguage":"et","@id":"https:\/\/visitaluksne.lv\/et\/#\/schema\/logo\/image\/","url":"https:\/\/visitaluksne.lv\/wp-content\/uploads\/2021\/03\/VisitAluksne.png","contentUrl":"https:\/\/visitaluksne.lv\/wp-content\/uploads\/2021\/03\/VisitAluksne.png","width":240,"height":100,"caption":"Al\u016bksnes T\u016brisma inform\u0101cijas centrs"},"image":{"@id":"https:\/\/visitaluksne.lv\/et\/#\/schema\/logo\/image\/"},"sameAs":["https:\/\/www.facebook.com\/visitaluksne\/","https:\/\/www.instagram.com\/visitaluksne\/"]}]}},"_links":{"self":[{"href":"https:\/\/visitaluksne.lv\/et\/wp-json\/wp\/v2\/pages\/23775","targetHints":{"allow":["GET"]}}],"collection":[{"href":"https:\/\/visitaluksne.lv\/et\/wp-json\/wp\/v2\/pages"}],"about":[{"href":"https:\/\/visitaluksne.lv\/et\/wp-json\/wp\/v2\/types\/page"}],"author":[{"embeddable":true,"href":"https:\/\/visitaluksne.lv\/et\/wp-json\/wp\/v2\/users\/1"}],"replies":[{"embeddable":true,"href":"https:\/\/visitaluksne.lv\/et\/wp-json\/wp\/v2\/comments?post=23775"}],"version-history":[{"count":0,"href":"https:\/\/visitaluksne.lv\/et\/wp-json\/wp\/v2\/pages\/23775\/revisions"}],"wp:attachment":[{"href":"https:\/\/visitaluksne.lv\/et\/wp-json\/wp\/v2\/media?parent=23775"}],"curies":[{"name":"wp","href":"https:\/\/api.w.org\/{rel}","templated":true}]}}